{"id":778,"date":"2020-02-06T18:14:53","date_gmt":"2020-02-06T18:14:53","guid":{"rendered":"https:\/\/keelekymblus.ee\/?page_id=778"},"modified":"2024-07-12T12:09:11","modified_gmt":"2024-07-12T12:09:11","slug":"toeta-meid","status":"publish","type":"page","link":"https:\/\/keelekymblus.ee\/ee\/toeta-meid\/","title":{"rendered":"Toeta meid"},"content":{"rendered":"<h2 class=\"has-text-align-center has-vivid-cyan-blue-color has-text-color wp-block-heading\">Meie tegevust saab toetada \u00fclekandega meie arvelduskontole:<\/h2>\n\n\n\n<hr class=\"wp-block-separator has-text-color has-background has-very-light-gray-background-color has-very-light-gray-color is-style-dots\"\/>\n\n\n\n<h4 class=\"has-text-align-center wp-block-heading\">Saaja: MT\u00dc KEELEK\u00dcMBLUSPROGRAMMI LASTEVANEMATE LIIT<br>pank: EE972200221063509152 (Swedbank)<br>Selgitus:  Annetus, annetaja isiku- v\u00f5i registrikood <\/h4>\n\n\n\n<hr class=\"wp-block-separator has-text-color has-background has-very-light-gray-background-color has-very-light-gray-color is-style-dots\"\/>\n\n\n\n<hr class=\"wp-block-separator has-text-color has-background has-very-light-gray-background-color has-very-light-gray-color is-style-dots\"\/>\n\n\n\n<hr class=\"wp-block-separator has-text-color has-background has-very-light-gray-background-color has-very-light-gray-color is-style-dots\"\/>\n\n\n\n<figure class=\"wp-block-image alignfull size-large\"><img loading=\"lazy\" decoding=\"async\" width=\"1024\" height=\"267\" src=\"https:\/\/keelekymblus.ee\/wp-content\/uploads\/2020\/02\/Untitled-1-1024x267.png\" alt=\"\" class=\"wp-image-1035\" srcset=\"https:\/\/keelekymblus.ee\/wp-content\/uploads\/2020\/02\/Untitled-1-1024x267.png 1024w, https:\/\/keelekymblus.ee\/wp-content\/uploads\/2020\/02\/Untitled-1-300x78.png 300w, https:\/\/keelekymblus.ee\/wp-content\/uploads\/2020\/02\/Untitled-1-768x200.png 768w, https:\/\/keelekymblus.ee\/wp-content\/uploads\/2020\/02\/Untitled-1-1536x400.png 1536w, https:\/\/keelekymblus.ee\/wp-content\/uploads\/2020\/02\/Untitled-1.png 1920w\" sizes=\"auto, (max-width: 1024px) 100vw, 1024px\" \/><\/figure>\n\n\n\n<p><\/p>","protected":false},"excerpt":{"rendered":"<p>\u0412\u044b \u043c\u043e\u0436\u0435\u0442\u0435 \u043f\u043e\u0434\u0434\u0435\u0440\u0436\u0430\u0442\u044c \u0434\u0435\u044f\u0442\u0435\u043b\u044c\u043d\u043e\u0441\u0442\u044c \u0441\u043e\u044e\u0437\u0430 \u0434\u0435\u043d\u0435\u0436\u043d\u044b\u043c \u043f\u0435\u0440\u0435\u0432\u043e\u0434\u043e\u043c. Saaja: MT\u00dc KEELEK\u00dcMBLUSPROGRAMMI LASTEVANEMATE LIITpank: EE972200221063509152 (Swedbank)Selgitus: Annetus, annetaja isiku- v\u00f5i registrikood<\/p>","protected":false},"author":1,"featured_media":0,"parent":0,"menu_order":0,"comment_status":"closed","ping_status":"closed","template":"","meta":{"footnotes":""},"class_list":["post-778","page","type-page","status-publish","hentry"],"_links":{"self":[{"href":"https:\/\/keelekymblus.ee\/ee\/wp-json\/wp\/v2\/pages\/778","targetHints":{"allow":["GET"]}}],"collection":[{"href":"https:\/\/keelekymblus.ee\/ee\/wp-json\/wp\/v2\/pages"}],"about":[{"href":"https:\/\/keelekymblus.ee\/ee\/wp-json\/wp\/v2\/types\/page"}],"author":[{"embeddable":true,"href":"https:\/\/keelekymblus.ee\/ee\/wp-json\/wp\/v2\/users\/1"}],"replies":[{"embeddable":true,"href":"https:\/\/keelekymblus.ee\/ee\/wp-json\/wp\/v2\/comments?post=778"}],"version-history":[{"count":18,"href":"https:\/\/keelekymblus.ee\/ee\/wp-json\/wp\/v2\/pages\/778\/revisions"}],"predecessor-version":[{"id":1722,"href":"https:\/\/keelekymblus.ee\/ee\/wp-json\/wp\/v2\/pages\/778\/revisions\/1722"}],"wp:attachment":[{"href":"https:\/\/keelekymblus.ee\/ee\/wp-json\/wp\/v2\/media?parent=778"}],"curies":[{"name":"wp","href":"https:\/\/api.w.org\/{rel}","templated":true}]}}