{"id":768,"date":"2020-02-06T18:13:33","date_gmt":"2020-02-06T18:13:33","guid":{"rendered":"https:\/\/keelekymblus.ee\/?page_id=768"},"modified":"2024-07-12T10:54:11","modified_gmt":"2024-07-12T10:54:11","slug":"summerschool-2019","status":"publish","type":"page","link":"https:\/\/keelekymblus.ee\/ee\/summerschool-2019\/","title":{"rendered":"Suvekool 2019"},"content":{"rendered":"<div class=\"wp-block-image\"><figure class=\"aligncenter size-large\"><img loading=\"lazy\" decoding=\"async\" width=\"1024\" height=\"373\" src=\"https:\/\/keelekymblus.ee\/wp-content\/uploads\/2020\/02\/0-1024x373.png\" alt=\"\" class=\"wp-image-975\" srcset=\"https:\/\/keelekymblus.ee\/wp-content\/uploads\/2020\/02\/0-1024x373.png 1024w, https:\/\/keelekymblus.ee\/wp-content\/uploads\/2020\/02\/0-300x109.png 300w, https:\/\/keelekymblus.ee\/wp-content\/uploads\/2020\/02\/0-768x280.png 768w, https:\/\/keelekymblus.ee\/wp-content\/uploads\/2020\/02\/0-1536x560.png 1536w, https:\/\/keelekymblus.ee\/wp-content\/uploads\/2020\/02\/0.png 1920w\" sizes=\"auto, (max-width: 1024px) 100vw, 1024px\" \/><\/figure><\/div>\n\n\n\n<h1 class=\"has-text-align-center wp-block-heading\">KEELEK\u00dcMBLUSPROGRAMMI LASTEVANEMATE LIIDU SUVEKOOL<\/h1>\n\n\n\n<h2 class=\"wp-block-heading\">Suvekool 2019<\/h2>\n\n\n\n<ul class=\"wp-block-list\"><li>Korraldaja: MT\u00dc Keelek\u00fcmblusprogrammi lastevanemate liit (KLL)<\/li><li>Kuup\u00e4evad: <strong>24.08.2019 11:00 &#8212; 25.08.2019 15:00<\/strong><\/li><li>Koht: Mustj\u00f5e K\u00f5rtsitalu (Mustj\u00f5e k\u00fcla, Anija vald, Harjumaa), <a rel=\"noreferrer noopener\" href=\"http:\/\/www.google.com\/url?q=http%3A%2F%2Fwww.mustjoe.ee%2F&amp;sa=D&amp;sntz=1&amp;usg=AFQjCNFXbAocgK0yIRqbXj9mH02WzMd2FA\" target=\"_blank\">http:\/\/www.mustjoe.ee<\/a><\/li><\/ul>\n\n\n\n<p>Seekordne suvekool toimus Mustj\u00f5e puhkekeskuses. See on ebatavaline arhailises stiilis paik, mis asub K\u00f5rvemaa metsade keskel, tunnise autos\u00f5idu kaugusel Tallinnast.<\/p>\n\n\n\n<h5 class=\"wp-block-heading\"><strong>T\u00e4iskasvanute kavas oli <\/strong>\u0431\u044b\u043b\u043e:<\/h5>\n\n\n\n<ul class=\"wp-block-list\"><li>Seminarid teemadel:<ul><li>\"Erivajadustega lapsed keelek\u00fcmblusprogrammis\"<\/li><li>\"Kahesuunaline keelek\u00fcmblus\"<\/li><\/ul><\/li><li> Liidu \u00fcldkoosolek<\/li><li> Meelelahutus \u00f5htune programm, sauna<\/li><\/ul>\n\n\n\n<ul class=\"wp-block-list\"><li>ekskursioon<\/li><li>ratsutamine<\/li><li>m\u00e4ngud <\/li><\/ul>\n\n\n\n<h2 class=\"has-text-align-center wp-block-heading\"> ARTIKLID SUVEKOOLIST 2019 MEEDIAKANALITES (Vene keeles) <\/h2>\n\n\n\n<div class=\"wp-block-columns is-layout-flex wp-container-core-columns-is-layout-9d6595d7 wp-block-columns-is-layout-flex\">\n<div class=\"wp-block-column is-layout-flow wp-block-column-is-layout-flow\">\n<figure class=\"wp-block-image size-large\"><a href=\"https:\/\/vestniktartu.ee\/%D1%82%D0%B0%D1%80%D1%82%D1%83\/%D0%BF%D1%80%D0%BE%D0%B3%D1%80%D0%B0%D0%BC%D0%BC%D0%B0-%D0%B4%D0%B2%D1%83%D1%81%D1%82%D0%BE%D1%80%D0%BE%D0%BD%D0%BD%D0%B5%D0%B3%D0%BE-%D1%8F%D0%B7%D1%8B%D0%BA%D0%BE%D0%B2%D0%BE%D0%B3%D0%BE-%D0%BF\/\" target=\"_blank\" rel=\"noreferrer noopener\"><img loading=\"lazy\" decoding=\"async\" width=\"1024\" height=\"373\" src=\"https:\/\/keelekymblus.ee\/wp-content\/uploads\/2020\/02\/0-1024x373.png\" alt=\"\" class=\"wp-image-975\" srcset=\"https:\/\/keelekymblus.ee\/wp-content\/uploads\/2020\/02\/0-1024x373.png 1024w, https:\/\/keelekymblus.ee\/wp-content\/uploads\/2020\/02\/0-300x109.png 300w, https:\/\/keelekymblus.ee\/wp-content\/uploads\/2020\/02\/0-768x280.png 768w, https:\/\/keelekymblus.ee\/wp-content\/uploads\/2020\/02\/0-1536x560.png 1536w, https:\/\/keelekymblus.ee\/wp-content\/uploads\/2020\/02\/0.png 1920w\" sizes=\"auto, (max-width: 1024px) 100vw, 1024px\" \/><\/a><\/figure>\n\n\n\n<h5 class=\"has-text-align-center has-vivid-cyan-blue-color has-text-color wp-block-heading\">  <a href=\"https:\/\/vestniktartu.ee\/%D1%82%D0%B0%D1%80%D1%82%D1%83\/%D0%BF%D1%80%D0%BE%D0%B3%D1%80%D0%B0%D0%BC%D0%BC%D0%B0-%D0%B4%D0%B2%D1%83%D1%81%D1%82%D0%BE%D1%80%D0%BE%D0%BD%D0%BD%D0%B5%D0%B3%D0%BE-%D1%8F%D0%B7%D1%8B%D0%BA%D0%BE%D0%B2%D0%BE%D0%B3%D0%BE-%D0%BF\/\" target=\"_blank\" rel=\"noreferrer noopener\" aria-label=\"\u041f\u0440\u043e\u0433\u0440\u0430\u043c\u043c\u0430 \u0434\u0432\u0443\u0441\u0442\u043e\u0440\u043e\u043d\u043d\u0435\u0433\u043e \u044f\u0437\u044b\u043a\u043e\u0432\u043e\u0433\u043e \u043f\u043e\u0433\u0440\u0443\u0436\u0435\u043d\u0438\u044f \u0443\u0436\u0435 \u0440\u0430\u0431\u043e\u0442\u0430\u0435\u0442   (\u043e\u0442\u043a\u0440\u043e\u0435\u0442\u0441\u044f \u0432 \u043d\u043e\u0432\u043e\u0439 \u0432\u043a\u043b\u0430\u0434\u043a\u0435)\">\u041f\u0440\u043e\u0433\u0440\u0430\u043c\u043c\u0430 \u0434\u0432\u0443\u0441\u0442\u043e\u0440\u043e\u043d\u043d\u0435\u0433\u043e \u044f\u0437\u044b\u043a\u043e\u0432\u043e\u0433\u043e \u043f\u043e\u0433\u0440\u0443\u0436\u0435\u043d\u0438\u044f \u0443\u0436\u0435 \u0440\u0430\u0431\u043e\u0442\u0430\u0435\u0442  <\/a><\/h5>\n<\/div>\n\n\n\n<div class=\"wp-block-column is-layout-flow wp-block-column-is-layout-flow\">\n<figure class=\"wp-block-image size-large\"><a href=\"https:\/\/prospekt.ee\/society\/13416-tam-gde-uzhe-segodnja-mozhno-uvidet-edinuju-shkolu-jestonii.html\" target=\"_blank\" rel=\"noreferrer noopener\"><img loading=\"lazy\" decoding=\"async\" width=\"830\" height=\"303\" src=\"https:\/\/keelekymblus.ee\/wp-content\/uploads\/2020\/02\/1567086640_14-1.jpg\" alt=\"\" class=\"wp-image-1113\" srcset=\"https:\/\/keelekymblus.ee\/wp-content\/uploads\/2020\/02\/1567086640_14-1.jpg 830w, https:\/\/keelekymblus.ee\/wp-content\/uploads\/2020\/02\/1567086640_14-1-300x110.jpg 300w, https:\/\/keelekymblus.ee\/wp-content\/uploads\/2020\/02\/1567086640_14-1-768x280.jpg 768w\" sizes=\"auto, (max-width: 830px) 100vw, 830px\" \/><\/a><\/figure>\n\n\n\n<h5 class=\"has-text-align-center has-vivid-cyan-blue-color has-text-color wp-block-heading\"> <a href=\"https:\/\/prospekt.ee\/society\/13416-tam-gde-uzhe-segodnja-mozhno-uvidet-edinuju-shkolu-jestonii.html\" target=\"_blank\" rel=\"noreferrer noopener\" aria-label=\"\u0422\u0430\u043c, \u0433\u0434\u0435 \u0443\u0436\u0435 \u0441\u0435\u0433\u043e\u0434\u043d\u044f \u043c\u043e\u0436\u043d\u043e \u0443\u0432\u0438\u0434\u0435\u0442\u044c \u0435\u0434\u0438\u043d\u0443\u044e \u0448\u043a\u043e\u043b\u0443 \u042d\u0441\u0442\u043e\u043d\u0438\u0438  (\u043e\u0442\u043a\u0440\u043e\u0435\u0442\u0441\u044f \u0432 \u043d\u043e\u0432\u043e\u0439 \u0432\u043a\u043b\u0430\u0434\u043a\u0435)\">\u0422\u0430\u043c, \u0433\u0434\u0435 \u0443\u0436\u0435 \u0441\u0435\u0433\u043e\u0434\u043d\u044f \u043c\u043e\u0436\u043d\u043e \u0443\u0432\u0438\u0434\u0435\u0442\u044c \u0435\u0434\u0438\u043d\u0443\u044e \u0448\u043a\u043e\u043b\u0443 \u042d\u0441\u0442\u043e\u043d\u0438\u0438 <\/a><\/h5>\n<\/div>\n<\/div>\n\n\n\n<hr class=\"wp-block-separator has-text-color has-background has-very-light-gray-background-color has-very-light-gray-color is-style-dots\"\/>\n\n\n\n<p class=\"has-text-align-center has-text-color\" style=\"color:#00466e;font-size:18px\"> <em><strong>\u00dcritus toimus Euroopa Sotsiaalfondi projekti \u201eEesti \u00fchiskonnas l\u00f5imumist toetavad tegevused\u201c toetatava alategevuse \u201eL\u00f5imumisalased koost\u00f6\u00f6tegevused\" raames.<\/strong><\/em> <\/p>","protected":false},"excerpt":{"rendered":"<p>\u041b\u0415\u0422\u041d\u042f\u042f \u0428\u041a\u041e\u041b\u0410 \u0421\u041e\u042e\u0417\u0410 \u0420\u041e\u0414\u0418\u0422\u0415\u041b\u0415\u0419 \u041f\u0420\u041e\u0413\u0420\u0410\u041c\u041c\u042b \u042f\u0417\u042b\u041a\u041e\u0412\u041e\u0413\u041e \u041f\u041e\u0413\u0420\u0423\u0416\u0415\u041d\u0418\u042f \u041b\u0435\u0442\u043d\u044f\u044f \u0448\u043a\u043e\u043b\u0430 2019 \u041e\u0440\u0433\u0430\u043d\u0438\u0437\u0430\u0442\u043e\u0440: MT\u00dc Keelek\u00fcmblusprogrammi lastevanemate liit (KLL) \u0414\u0430\u0442\u044b: 24.08.2019 11:00 &#8212; [&hellip;]<\/p>\n","protected":false},"author":1,"featured_media":975,"parent":0,"menu_order":0,"comment_status":"closed","ping_status":"closed","template":"","meta":{"footnotes":""},"class_list":["post-768","page","type-page","status-publish","has-post-thumbnail","hentry"],"_links":{"self":[{"href":"https:\/\/keelekymblus.ee\/ee\/wp-json\/wp\/v2\/pages\/768","targetHints":{"allow":["GET"]}}],"collection":[{"href":"https:\/\/keelekymblus.ee\/ee\/wp-json\/wp\/v2\/pages"}],"about":[{"href":"https:\/\/keelekymblus.ee\/ee\/wp-json\/wp\/v2\/types\/page"}],"author":[{"embeddable":true,"href":"https:\/\/keelekymblus.ee\/ee\/wp-json\/wp\/v2\/users\/1"}],"replies":[{"embeddable":true,"href":"https:\/\/keelekymblus.ee\/ee\/wp-json\/wp\/v2\/comments?post=768"}],"version-history":[{"count":22,"href":"https:\/\/keelekymblus.ee\/ee\/wp-json\/wp\/v2\/pages\/768\/revisions"}],"predecessor-version":[{"id":1682,"href":"https:\/\/keelekymblus.ee\/ee\/wp-json\/wp\/v2\/pages\/768\/revisions\/1682"}],"wp:featuredmedia":[{"embeddable":true,"href":"https:\/\/keelekymblus.ee\/ee\/wp-json\/wp\/v2\/media\/975"}],"wp:attachment":[{"href":"https:\/\/keelekymblus.ee\/ee\/wp-json\/wp\/v2\/media?parent=768"}],"curies":[{"name":"wp","href":"https:\/\/api.w.org\/{rel}","templated":true}]}}