{"id":767,"date":"2020-02-06T18:13:33","date_gmt":"2020-02-06T18:13:33","guid":{"rendered":"https:\/\/keelekymblus.ee\/?page_id=767"},"modified":"2024-08-12T14:24:20","modified_gmt":"2024-08-12T14:24:20","slug":"pohikiri1","status":"publish","type":"page","link":"https:\/\/keelekymblus.ee\/ee\/pohikiri1\/","title":{"rendered":"P\u00f5hikiri"},"content":{"rendered":"<h5 class=\"wp-block-heading has-text-align-center has-vivid-cyan-blue-color has-text-color\">NB! \u041d\u043e\u0432\u0430\u044f \u0432\u0435\u0440\u0441\u0438\u044f \u0443\u0441\u0442\u0430\u0432\u0430, \u0443\u0442\u0432\u0435\u0440\u0436\u0434\u0451\u043d\u043d\u043e\u0433\u043e 10.08.2024 \u0434\u043e\u0441\u0442\u0443\u043f\u043d\u0430 \u0442\u043e\u043b\u044c\u043a\u043e \u043d\u0430 \u044d\u0441\u0442\u043e\u043d\u0441\u043a\u043e\u043c \u044f\u0437\u044b\u043a\u0435. <\/h5>\n\n\n\n<hr class=\"wp-block-separator has-text-color has-very-light-gray-color has-css-opacity has-very-light-gray-background-color has-background is-style-dots\"\/>\n\n\n\n<h2 class=\"wp-block-heading has-text-align-center\">Mittetulundus\u00fchingu Keelek\u00fcmblusprogrammi Lastevanemate Liit<\/h2>\n\n\n\n<h3 class=\"wp-block-heading has-text-align-center\">P\u00f5hikiri<\/h3>\n\n\n\n<p><strong>1.<\/strong> <strong>\u00dclds\u00e4tted<br>1.1.<\/strong> Mittetulundus\u00fchingu nimi on MT\u00dc Keelek\u00fcmblusprogrammi Lastevanemate Liit (edaspidi nimetatud \u00dching).<br><strong>1.2.<\/strong> \u00dchingu asukoht on Eesti Vabariik, Tallinn.<br><strong>1.3.<\/strong> \u00dchingu eesm\u00e4rgid on:<br>1.3.1. Toetada lasteaedade, koolide, laste ja lastevanemate partnerlussuhteid eestikeelsele haridusele \u00fcleminekuga seotud k\u00fcsimuste lahendamisel.<br>1.3.2. Aidata lastevanematel teha kaalutletud haridusotsuseid teadusp\u00f5hise teabe ja kogemuse p\u00f5hjal.<br>1.3.3. Aidata Eesti \u00fchiskonnas v\u00e4\u00e4rtustada mitmekeelsust.<br>1.3.4. Hoida Eesti \u00fchiskonnas k\u00f5rgel tasemel lisaks Eesti kultuurile ka teiste kultuuride staatust.<br>1.3.5. V\u00f5imaldada erinevate \u00f5piv\u00f5imetega lastel juurdep\u00e4\u00e4su keelek\u00fcmblusprogrammile.<br>1.3.6. Soodustada ja suurendada muukeelse kogukonna sotsiaalset aktiivsust ja l\u00f5imumist Eesti \u00fchiskonda.<br><strong>1.4.<\/strong> \u00dching juhindub oma tegevuses Eesti Vabariigis kehtivatest seadustest, muudest \u00f5igusaktidest, asutamislepingust ja k\u00e4esolevast p\u00f5hikirjast.<br><strong>1.5.<\/strong> \u00dching ei vastuta oma liikmete kohustuste eest, samuti ei vastuta \u00dchingu liikmed \u00dchingu kohustuste eest.<\/p>\n\n\n\n<p><strong>2.Liikmelisus<br>2.1.<\/strong> \u00dchingu liikmeks vastuv\u00f5tmist v\u00f5ib taotleda keelek\u00fcmblusprogrammis osaleva lapse vanem ja isik, kes soovib arendada \u00dchingu eesm\u00e4rkidega koosk\u00f5las olevat tegevust.<br><strong>2.2.<\/strong> Liikmeks vastuv\u00f5tmise otsustab \u00dchingu juhatus taotleja avalduse alusel 30 p\u00e4eva jooksul arvates allkirjastatud avalduse laekumisest.<br><strong>2.3.<\/strong> \u00dchingu liikme \u00f5igused ja kohustused omandab isik p\u00e4rast juhatuse sellekohase otsuse tegemist ja liikmemaksu tasumist.<br><strong>2.4.<\/strong> \u00dchingu liikmeks astumisel on isik kohustatud tasuma liikmemaksu, vastavalt kehtestatud korrale ja tingimustele.<br><strong>2.5.<\/strong> Liikmemaksu suuruse kinnitab \u00fcldkoosolek.<br><strong>2.6.<\/strong> Liikmeks vastuv\u00f5tmise korra kinnitab juhatus.<br><strong>2.7.<\/strong> \u00dchingu liikmel on \u00f5igus avalduse alusel \u00dchingust v\u00e4lja astuda.<br><strong>2.8.<\/strong> \u00dchingu liige v\u00f5idakse juhatuse otsusega \u00dchingust v\u00e4lja arvata seadusega s\u00e4testatud korras v\u00f5i k\u00e4esoleva p\u00f5hikirja punktis 2.4. s\u00e4testatud kohustuste mittet\u00e4itmisel. Samuti j\u00e4rgmistel tingimustel:<br>2.8.1. kui liige on esitanud \u00dchingu vastuv\u00f5tmisel teadlikult eba\u00f5igeid andmeid, mille t\u00f5ttu tema vastuv\u00f5tmine \u00dchingu liikmeks ei olnud \u00f5igusp\u00e4rane;<br>2.8.2. liikme p\u00f5hikirjaj\u00e4rgsete kohustuste t\u00e4itmata j\u00e4tmise v\u00f5i \u00dchingu olulisel m\u00e4\u00e4ral kahjustamise t\u00f5ttu;<br>2.8.3. ei ole viimase kolme aasta jooksul osalenud \u00fchelgi \u00dchingu \u00fcldkoosolekul v\u00f5i \u00dchingu poolt korraldatud \u00fcritusel;<br>2.8.4. kahjustab olulisel m\u00e4\u00e4ral \u00dchingu huve, p\u00f5hjustab \u00dchingule varalise kahju v\u00f5i on muul p\u00f5hjusel kaotanud \u00dchingu teiste liikmete usalduse.<br><strong>2.9.<\/strong> \u00dchingust v\u00e4ljaastumisel v\u00f5i v\u00e4ljaarvamisel liikmemaksu ei tagastata.<br><strong>2.10.<\/strong> Otsuse \u00dchingust v\u00e4ljaarvamise kohta teeb juhatus hiljemalt avalduse esitamisele j\u00e4rgnevate 30 p\u00e4eva jooksul ning see j\u00f5ustub otsuse tegemise p\u00e4evast.<br><strong>2.11.<\/strong> \u00dchingu liikmeskonnast v\u00e4lja arvatud isikul on \u00f5igus juhatuse otsus eale edasi kaevata j\u00e4rgmisele korralisele \u00fcldkoosolekule. \u00dcldkoosoleku otsus on l\u00f5plik.<\/p>\n\n\n\n<p><strong>3.Liikmete \u00f5igused ja kohustused<br>3.1.<\/strong> \u00dchingu liikmel on \u00f5igus:<br>3.1.1. osaleda h\u00e4\u00e4le\u00f5igusega \u00fcldkoosolekul;<br>3.1.2. saada teavet \u00dchingu tegevuse kohta;<br>3.1.3. saada juhatuselt teavet \u00dchingu liikme kohustuste kohta;<br>3.1.4. esitada juhatusele ettepanekuid \u00dchingu tegevuse planeerimiseks ja korraldamiseks;<br>3.1.5. osaleda \u00fchingu \u00dcritustel;<br>3.1.6. olla valitud \u00dchingu juhatuse ja muude organite liikmeks;<br>3.1.7. astuda \u00dchingust v\u00e4lja.<br><strong>3.2.<\/strong> \u00dchingu liige on kohustatud:<br>3.2.1. t\u00e4itma p\u00f5hikirja n\u00f5udeid ja \u00dchingu otsuseid;<br>3.2.2. mitte avaldama teisi liikmeid ning \u00dchingut puudutavat konfidentsiaalset informatsiooni kolmandatele isikutele;<br>3.2.3. \u00f5igeaegselt tasuma liikmemaksu ning tasu \u00dchingu poolt osutatud teenuste eest;<br>3.2.4. mitte kuritarvitama oma liikmelisusest tulenevaid \u00f5igusi;<br>3.2.5. mitte kahjustada oma k\u00e4itumisega \u00dchingu mainet.<br><strong>3.3.<\/strong> Eelpool mainitud kohustuste mittet\u00e4itmisel v\u00f5ib juhatus oma sellekohase otsusega \u00dchingu liikme k\u00e4esoleva p\u00f5hikirjaga etten\u00e4htud \u00f5igusi piirata v\u00f5i \u00dchingu liikmeskonnast v\u00e4lja arvata.<\/p>\n\n\n\n<p><strong>4.\u00dchingu juhtimine<br>4.1.<\/strong> \u00dchingu k\u00f5rgeim organ on liikmete \u00fcldkoosolek, mis kutsutakse kokku vastavalt vajadusele, kuid mitte harvemini kui \u00fcks kord aastas, juhatuse poolt m\u00e4\u00e4ratud t\u00e4htajal.<br><strong>4.2.<\/strong> \u00dcldkoosolekul v\u00f5ib osaleda vahetult, digitaalselt v\u00f5i volitatud esindaja kaudu iga \u00fchingu liige.<br><strong>4.3. <\/strong>Igal \u00dchingu liikmel on \u00fcks h\u00e4\u00e4l.<br><strong>4.4.<\/strong> \u00dcldkoosoleku kutsub kokku \u00fchingu juhatus, teatades sellest \u00dchingu liikmetele ette v\u00e4hemalt 10 p\u00e4eva.<br><strong>4.5.<\/strong> \u00dcldkoosoleku kokkukutsumise teates m\u00e4rgitakse \u00e4ra \u00fcldkoosoleku aeg, koht ja p\u00e4evakord.<br><strong>4.6. <\/strong>Erakorraline \u00fcldkoosolek kutsutakse kokku j\u00e4rgmistel juhtudel:<br>4.6.1. v\u00e4hemalt 10% liikmete otsusel;<br>4.6.2. juhatuse otsusel;<br><strong>4.7.<\/strong> H\u00e4\u00e4letamise protseduur \u00fcldkoosolekul otsustatakse iga p\u00e4evakorrapunkti kohta eraldi. \u00dcldkoosoleku k\u00e4ik ja vastuv\u00f5etud otsused fikseeritakse \u00fcldkoosoleku protokollis.<br><strong>4.8.<\/strong> Protokollile kirjutavad alla koosoleku juhataja ja protokollija.<br><strong>4.9. <\/strong>P\u00e4rast 14 p\u00e4eva m\u00f6\u00f6dumist \u00fcldkoosoleku l\u00f5ppemisest peab protokoll olema liikmetele k\u00e4ttesaadav. Liikmel on \u00f5igus saada \u00fcldkoosoleku protokolli v\u00f5i selle osa \u00e4rakirja.<br><strong>4.10.<\/strong> \u00dcldkoosolek on otsustusv\u00f5imeline s\u00f5ltumata \u00fcldkoosolekul osalenud v\u00f5i h\u00e4\u00e4letamisest osav\u00f5tnud liikmete arvust.<br><strong>4.11.<\/strong> \u00dcldkoosoleku otsused v\u00f5etakse vastu lihth\u00e4\u00e4lteenamusega, v\u00e4lja arvatud:<br>4.11.1. p\u00f5hikirja muutmine, milleks on vajalik 2\/3 \u00fcldkoosolekul esindatud liikmete h\u00e4\u00e4ltest;<br>4.11.2. \u00fchingu tegevuse l\u00f5petamine, milleks on vajalik 2\/3 \u00fcldkoosolekul esindatud liikmete h\u00e4\u00e4ltest.<br><strong>4.12.<\/strong> \u00dchingu \u00fcldkoosoleku p\u00e4devuses on:<br>4.12.1. \u00dchingu p\u00f5hikirja muutmine;<br>4.12.2. \u00dchingu eesm\u00e4rgi muutmine;<br>4.12.3. juhatuse liikmete m\u00e4\u00e4ramine ja tagasikutsumine;<br>4.12.4. \u00dchingu liikmete hulgast juhatuse liikmete valimine;<br>4.12.5. juhatuse poolt esitatud majandusaasta aruande ning revisjoni poolt esitatud aruande arutamine ja kinnitamine;<br>4.12.6. \u00dchingu tegevuse muutmise v\u00f5i l\u00f5petamise otsustamine.<br>4.12.7. juhatuse tegevuse \u00fcle j\u00e4relevalve teostamine;<br>4.12.8. juhatuse esindus\u00f5iguse laiendamine ja piiramine;<br>4.12.9. liikmemaksu suuruse ja tasumise t\u00e4htaja m\u00e4\u00e4ramine;<br>4.12.10. liidu liikmete \u00fcle arvestuse pidamine.<br><strong>4.13.<\/strong> \u00dchingu jooksva asjaajamisega seaduse, \u00fcldkoosoleku ja k\u00e4esoleva p\u00f5hikirjaga m\u00e4\u00e4ratud volituste piires tegelevad viis juhatuse liiget, kes valitakse \u00fcldkoosolekul kaheks aastaks.<br><strong>4.14.<\/strong> Juhatuse liikmeid v\u00f5ib \u00fcldkoosoleku otsusega ametist tagasi kutsuda kohustuste olulisel m\u00e4\u00e4ral t\u00e4itmata j\u00e4tmise p\u00e4rast v\u00f5i v\u00f5imetuse p\u00e4rast \u00fchingut juhtida.<br><strong>4.15. <\/strong>Juhatuse koosolekud toimuvad vastavalt vajadusele.<br><strong>4.16.<\/strong> Juhatuse koosoleku otsused v\u00f5etakse vastu lihth\u00e4\u00e4lteenamusega.<br><strong>4.17. <\/strong>Juhatus v\u00f5ib otsuseid vastu v\u00f5tta ilma koosolekut kokku kutsumata, kui selle poolt h\u00e4\u00e4letavad kirjalikult 2\/3 juhatuse liikmetest.<br><strong>4.18.<\/strong> Juhatuse \u00fclesanneteks on:<br>4.18.1. \u00dchingu liikmemaksu ja muude tasude vastuv\u00f5tmine, arvestuse<br>pidamine ning otsustamine kasutamise \u00fcle;<br>4.18.2. \u00dchingu raamatupidamise korraldamine;<br>4.18.3. \u00dcldkoosolekute kokkukutsumine;<br>4.18.4. \u00dchingu tegevuskava, -eelarve ja -aruande koostamine ja selle t\u00e4itmise kindlustamine;<br>4.18.5. \u00dchingu juhtimine ja sisestruktuuri kujunemine \u00fcldkoosolekute<br>vahelisel ajal;<br>4.18.6. \u00dchingu t\u00f6\u00f6 koordineerimine.<br><strong>4.19.<\/strong> Juhatuse liikmed valivad endi seast juhatuse esimehe, kes korraldab juhatuse t\u00f6\u00f6d ja kutsub kokku juhatuse koosoleku.<br><strong>4.20.<\/strong> Mittetulundus\u00fchingut on \u00f5igus esindada v\u00e4hemalt kahel Juhatuse liikmel \u00fchiselt k\u00f5ikide tehingute tegemisel, kui seaduses ei ole s\u00e4testatud teisiti.<br><strong>4.21.<\/strong> Juhatuse esimeest v\u00f5ib juhatuse otsusega tagasi kutsuda kohustuste olulisel m\u00e4\u00e4ral t\u00e4itmata j\u00e4tmisel v\u00f5i v\u00f5imetuse korral \u00fchingut juhtida.<br><strong>4.22.<\/strong> Juhatus v\u00f5ib valida ja m\u00e4\u00e4rata ametisse \u00dchingu tegevjuhi ning otsustada temaga s\u00f5lmitava lepingu tingimused, sealhulgas tema tasu puudutavad k\u00fcsimused.<\/p>\n\n\n\n<p><strong>5.\u00dchingu vara ja majandustegevus<br>5.1.<\/strong> \u00dchingu majandusaasta algab 1. jaanuaril ja l\u00f5peb 31. detsembril.<br><strong>5.2.<\/strong> \u00dchingu vara tekib \u00dchingu liikmemaksudest, \u00dchingu poolt osutatavate teenuste eest makstud tasudest, toetustest ja annetustest ning muudest laekumistest.<br><strong>5.3.<\/strong> \u00dchingu vara kasutatakse \u00dchingu p\u00f5hikirjaliste eesm\u00e4rkide saavutamiseks.<\/p>\n\n\n\n<p><strong>6.J\u00e4relevalve<br>6.1.<\/strong> \u00dcldkoosolek teostab j\u00e4relevalvet teiste organite tegevuse \u00fcle. Selle \u00fclesande t\u00e4itmiseks v\u00f5ib \u00fcldkoosolek m\u00e4\u00e4rata revisjonikomisjoni.<br><strong>6.2. <\/strong>Revidendiks ei v\u00f5i olla mittetulundus\u00fchingu juhatuse liige ega raamatupidaja.<br><strong>6.3. <\/strong>Juhatuse ja muu organi liikmed peavad v\u00f5imaldama revidendil tutvuda k\u00f5igi revisjoni v\u00f5i audiitorkontrolli l\u00e4biviimiseks vajalike dokumentidega ning andma vajalikku teavet.<br><strong>6.4. <\/strong>Revidendid koostavad revisjoni tulemuste kohta aruande, mille esitavad \u00fcldkoosolekule<\/p>\n\n\n\n<p><strong>7. \u00dchinemine, jagunemine ja l\u00f5petamine<br>7.1.<\/strong> \u00dchingu \u00fchinemine, jagunemine ja likvideerimine toimuvad seaduses etten\u00e4htud korras.<br><strong>7.2.<\/strong> Likvideerijateks on juhatuse liikmed v\u00f5i \u00fcldkoosoleku poolt m\u00e4\u00e4ratud isikud.<br><strong>7.3. <\/strong>\u00dchingu l\u00f5petamisel peale k\u00f5igi n\u00f5uete rahuldamist ja raha deponeerimist allesj\u00e4\u00e4nud vara jaotatakse vastavalt \u00fcldkoosoleku otsusele.<\/p>\n\n\n\n<p><\/p>\n\n\n\n<p class=\"has-text-align-right\"><em><strong>Vastuv\u00f5etud \u00fcldkoosolekul 10.augustil 2024<br> Allkirjastatud digitaalselt:<br> Juhatuse liikmed<\/strong><\/em><br>  Ksenia George<br> Inna Mur\u017eak<\/p>","protected":false},"excerpt":{"rendered":"<p>NB! \u041d\u043e\u0432\u0430\u044f \u0432\u0435\u0440\u0441\u0438\u044f \u0443\u0441\u0442\u0430\u0432\u0430, \u0443\u0442\u0432\u0435\u0440\u0436\u0434\u0451\u043d\u043d\u043e\u0433\u043e 10.08.2024 \u0434\u043e\u0441\u0442\u0443\u043f\u043d\u0430 \u0442\u043e\u043b\u044c\u043a\u043e \u043d\u0430 \u044d\u0441\u0442\u043e\u043d\u0441\u043a\u043e\u043c \u044f\u0437\u044b\u043a\u0435. Mittetulundus\u00fchingu Keelek\u00fcmblusprogrammi Lastevanemate Liit P\u00f5hikiri 1. \u00dclds\u00e4tted1.1. Mittetulundus\u00fchingu nimi [&hellip;]<\/p>\n","protected":false},"author":1,"featured_media":0,"parent":0,"menu_order":0,"comment_status":"closed","ping_status":"closed","template":"","meta":{"footnotes":""},"class_list":["post-767","page","type-page","status-publish","hentry"],"_links":{"self":[{"href":"https:\/\/keelekymblus.ee\/ee\/wp-json\/wp\/v2\/pages\/767","targetHints":{"allow":["GET"]}}],"collection":[{"href":"https:\/\/keelekymblus.ee\/ee\/wp-json\/wp\/v2\/pages"}],"about":[{"href":"https:\/\/keelekymblus.ee\/ee\/wp-json\/wp\/v2\/types\/page"}],"author":[{"embeddable":true,"href":"https:\/\/keelekymblus.ee\/ee\/wp-json\/wp\/v2\/users\/1"}],"replies":[{"embeddable":true,"href":"https:\/\/keelekymblus.ee\/ee\/wp-json\/wp\/v2\/comments?post=767"}],"version-history":[{"count":27,"href":"https:\/\/keelekymblus.ee\/ee\/wp-json\/wp\/v2\/pages\/767\/revisions"}],"predecessor-version":[{"id":1964,"href":"https:\/\/keelekymblus.ee\/ee\/wp-json\/wp\/v2\/pages\/767\/revisions\/1964"}],"wp:attachment":[{"href":"https:\/\/keelekymblus.ee\/ee\/wp-json\/wp\/v2\/media?parent=767"}],"curies":[{"name":"wp","href":"https:\/\/api.w.org\/{rel}","templated":true}]}}