{"id":627,"date":"2020-02-06T09:25:49","date_gmt":"2020-02-06T09:25:49","guid":{"rendered":"https:\/\/keelekymblus.ee\/?page_id=627"},"modified":"2024-07-12T12:08:39","modified_gmt":"2024-07-12T12:08:39","slug":"liidust-2","status":"publish","type":"page","link":"https:\/\/keelekymblus.ee\/ee\/liidust-2\/","title":{"rendered":"Liidust"},"content":{"rendered":"<\/p>\n\n\n<div class=\"wp-block-cover is-light\"><span aria-hidden=\"true\" class=\"wp-block-cover__background has-background-dim-0 has-background-dim\"><\/span><img loading=\"lazy\" decoding=\"async\" width=\"1080\" height=\"394\" class=\"wp-block-cover__image-background wp-image-837\" src=\"https:\/\/keelekymblus.ee\/wp-content\/uploads\/2020\/02\/02-e1581023608212.png\" data-object-fit=\"cover\"\/><div class=\"wp-block-cover__inner-container is-layout-flow wp-block-cover-is-layout-flow\">\n<p class=\"has-text-align-center has-large-font-size\"><\/p>\n<\/div><\/div>\n\n\n\n<h2 class=\"wp-block-heading has-text-align-center\">Kes me oleme<\/h2>\n\n\n\n<p class=\"has-normal-font-size\">Vabatahtlikud, kes hoolivad oma laste tulevikust . Hindame mitmekeelsust ja multikultuursust. V\u00f5itleme \u00fchiskonna segregatsiooni v\u00e4hendamise eest, edendades erinevate keelek\u00fcmblusprogramme.<\/p>\n\n\n\n<p class=\"has-normal-font-size\">Liit oli registreeritud 07. detsembril 2004.a. Meiega liituvad need, kelle laste koolitee on veel ees ning liidust lahkuvad need, kelle lapsed on juba kooli l\u00f5petanud. T\u00e4nap\u00e4eval pole vajadust aktiivselt propageerida keelek\u00fcmblust, kuid programm vajab j\u00e4tkuvalt lastevanemate toetust.<\/p>\n\n\n\n<p class=\"has-normal-font-size\">KLL p\u00f5hieesm\u00e4rk on laiendada oma tegevust nii, et toetada ja edendada mitte ainult \u00fchesuunalist, vaid ka kahesuunalist keelek\u00fcmblust, kaasates eesti kodukeelega lapsevanemaid ja pakkudes nende lastele selle programmi eeliseid.<\/p>\n\n\n\n<h2 class=\"wp-block-heading has-text-align-center\">Mida saavutas Liit aastast 2004.<\/h2>\n\n\n\n<p class=\"has-normal-font-size\">KLL on aktiivselt  tegelenud keelek\u00fcmblusprogrammi puudutava info levitamisega, mille tulemusel t\u00f5usis huvi keelek\u00fcmblusklasside ja r\u00fchmade vastu. Koolid ja lasteaiad hakkasid avama rohkem vastavaid klasse ja r\u00fchmi.<\/p>\n\n\n\n<p class=\"has-normal-font-size\">KLL tegevuse tulemuseks on see, et t\u00e4iskeelek\u00fcmblusprogrammide l\u00f5petajate kooli l\u00f5putunnistusel on kirjas \u201c\u00f5ppekeel - eesti keel\u201d.<\/p>\n\n\n\n<p class=\"has-normal-font-size\">Pidevalt on kasvanud liidu liikmete arv.<\/p>\n\n\n\n<p class=\"has-normal-font-size\">Igaaastaselt on korraldatud lastevanemate konverentsid.<\/p>\n\n\n\n<hr class=\"wp-block-separator has-text-color has-very-light-gray-color has-css-opacity has-very-light-gray-background-color has-background is-style-dots\"\/>\n\n\n\n<h2 class=\"wp-block-heading has-text-align-center\">M\u00f5ned teostatud projektid<\/h2>\n\n\n\n<p class=\"has-normal-font-size\"><strong>Lastevanemate suvekool -&nbsp;<\/strong>suvelaager, kus osalesid nii lapsevanemad, kui ka lapsed. On toimunud 12 korda. Suvekoolis oli lapsevanematel v\u00f5imalus saada vastused oma k\u00fcsimustele otse ps\u00fchholoogide, \u00f5petajate ning Haridusministeeriumi esindajate k\u00e4est.<\/p>\n\n\n\n<p class=\"has-normal-font-size\"><strong>Lastevanemate ajaleht -<\/strong>&nbsp;ilmus mitu aastat  j\u00e4rjest ja oli populaarne nii lapsevanemate, kui ka pedagoogide seas.<\/p>\n\n\n\n<p class=\"has-normal-font-size\">Erinevad<strong>&nbsp;reklaamprojektid&nbsp;<\/strong>filmid, posterid, voldikud.<\/p>\n\n\n\n<p class=\"has-normal-font-size translation-block\">Mitu aastat on kestnud projekt \u201cstipendium lemmik\u00f5petajale\u201d<\/p>\n\n\n\n<p class=\"has-normal-font-size\"><strong>Kogemuse vahetus teiste riikidega<\/strong>&nbsp;- on toimunud \u00f5ppereisid Helsingisse, Kanadasse, L\u00e4ti, Barcelonasse, Leetu jm.<\/p>\n\n\n\n<p class=\"has-normal-font-size\"><strong>Keelek\u00fcmblus meetodi j\u00e4rgi keele\u00f5ppe kursused lastevanemate jaoks.<\/strong><\/p>\n\n\n\n<p class=\"has-normal-font-size\"><strong>\"Aktiivse lapsevanema kool\"<\/strong><\/p>\n\n\n\n<hr class=\"wp-block-separator has-css-opacity is-style-wide\"\/>\n\n\n\n<div class=\"wp-block-button aligncenter\"><a class=\"wp-block-button__link has-background has-vivid-cyan-blue-background-color\" href=\"https:\/\/keelekymblus.ee\/ee\/joincomunity\/\"> LIITU MEIEGA <\/a><\/div>","protected":false},"excerpt":{"rendered":"<p>\u041a\u0422\u041e \u041c\u042b \u0414\u043e\u0431\u0440\u043e\u0432\u043e\u043b\u044c\u0446\u044b, \u043a\u043e\u0442\u043e\u0440\u044b\u043c \u043d\u0435 \u0431\u0435\u0437\u0440\u0430\u0437\u043b\u0438\u0447\u043d\u043e \u0431\u0443\u0434\u0443\u0449\u0435\u0435 \u0438\u0445 \u0434\u0435\u0442\u0435\u0439. \u041c\u044b \u0446\u0435\u043d\u0438\u043c \u043c\u043d\u043e\u0433\u043e\u043a\u0443\u043b\u044c\u0442\u0443\u0440\u043d\u043e\u0441\u0442\u044c \u0438 \u043c\u043d\u043e\u0433\u043e\u044f\u0437\u044b\u0447\u0438\u0435. \u0420\u0430\u0442\u0443\u0435\u043c \u0437\u0430 \u0441\u043d\u0438\u0436\u0435\u043d\u0438\u0435 \u0441\u0435\u0433\u0440\u0435\u0433\u0430\u0446\u0438\u0438 \u0432 \u043e\u0431\u0449\u0435\u0441\u0442\u0432\u0435, [&hellip;]<\/p>\n","protected":false},"author":1,"featured_media":0,"parent":0,"menu_order":0,"comment_status":"closed","ping_status":"closed","template":"","meta":{"footnotes":""},"class_list":["post-627","page","type-page","status-publish","hentry"],"_links":{"self":[{"href":"https:\/\/keelekymblus.ee\/ee\/wp-json\/wp\/v2\/pages\/627","targetHints":{"allow":["GET"]}}],"collection":[{"href":"https:\/\/keelekymblus.ee\/ee\/wp-json\/wp\/v2\/pages"}],"about":[{"href":"https:\/\/keelekymblus.ee\/ee\/wp-json\/wp\/v2\/types\/page"}],"author":[{"embeddable":true,"href":"https:\/\/keelekymblus.ee\/ee\/wp-json\/wp\/v2\/users\/1"}],"replies":[{"embeddable":true,"href":"https:\/\/keelekymblus.ee\/ee\/wp-json\/wp\/v2\/comments?post=627"}],"version-history":[{"count":67,"href":"https:\/\/keelekymblus.ee\/ee\/wp-json\/wp\/v2\/pages\/627\/revisions"}],"predecessor-version":[{"id":1955,"href":"https:\/\/keelekymblus.ee\/ee\/wp-json\/wp\/v2\/pages\/627\/revisions\/1955"}],"wp:attachment":[{"href":"https:\/\/keelekymblus.ee\/ee\/wp-json\/wp\/v2\/media?parent=627"}],"curies":[{"name":"wp","href":"https:\/\/api.w.org\/{rel}","templated":true}]}}