{"id":602,"date":"2017-01-02T08:30:09","date_gmt":"2017-01-02T08:30:09","guid":{"rendered":"https:\/\/demo.themegrill.com\/flash-default-2\/?page_id=12"},"modified":"2024-10-16T17:34:07","modified_gmt":"2024-10-16T17:34:07","slug":"contact","status":"publish","type":"page","link":"https:\/\/keelekymblus.ee\/ee\/contact\/","title":{"rendered":"Kontaktid"},"content":{"rendered":"<h2 class=\"wp-block-heading\">\u00dcldinfo<\/h2>\n\n\n\n<p class=\"translation-block\">MT\u00dc Keelek\u00fcmblusprogrammi Lastevanemate Liit<br>Registrikood: 80215619<br>Aadress: Harju maakond, Tallinn, Lasnam\u00e4e linnaosa, Vormsi tn 6-4, 13913<\/p>\n\n\n\n<h2 class=\"wp-block-heading\">Juhatuse liikmed<\/h2>\n\n\n\n<p>Ksenia George - esimees<br>Irina Balabanova<br>Svetlana Udras<br>Inna Mur\u017eak<br>Ljudmilla Limantova<br><\/p>\n\n\n\n<h1 class=\"wp-block-heading has-text-align-center\">SAADA S\u00d5NUM<\/h1>\n\n\n\n<div class=\"wp-block-columns is-layout-flex wp-container-core-columns-is-layout-9d6595d7 wp-block-columns-is-layout-flex\">\n<div class=\"wp-block-column is-layout-flow wp-block-column-is-layout-flow\">\n<figure class=\"wp-block-image size-large\"><a href=\"\/ee\/keelekymblusprogramm@gmail.com\/\" target=\"_blank\" rel=\"noreferrer noopener\"><img loading=\"lazy\" decoding=\"async\" width=\"512\" height=\"512\" src=\"https:\/\/keelekymblus.ee\/wp-content\/uploads\/2020\/02\/mail.png\" alt=\"\" class=\"wp-image-1020\" srcset=\"https:\/\/keelekymblus.ee\/wp-content\/uploads\/2020\/02\/mail.png 512w, https:\/\/keelekymblus.ee\/wp-content\/uploads\/2020\/02\/mail-300x300.png 300w, https:\/\/keelekymblus.ee\/wp-content\/uploads\/2020\/02\/mail-150x150.png 150w\" sizes=\"auto, (max-width: 512px) 100vw, 512px\" \/><\/a><\/figure>\n\n\n\n<h5 class=\"wp-block-heading has-text-align-center\"> <a rel=\"noreferrer noopener\" href=\"mailto:keelekymblusprogramm@gmail.com\" target=\"_blank\">keelekymblusprogramm@gmail.com<\/a> <\/h5>\n<\/div>\n\n\n\n<div class=\"wp-block-column is-layout-flow wp-block-column-is-layout-flow\">\n<figure class=\"wp-block-image size-large\"><a href=\"\/ee\/www.fb.com\/keelekymblusprogramm\/\" target=\"_blank\" rel=\"noreferrer noopener\"><img loading=\"lazy\" decoding=\"async\" width=\"512\" height=\"512\" src=\"https:\/\/keelekymblus.ee\/wp-content\/uploads\/2020\/02\/logo-facebook.png\" alt=\"\" class=\"wp-image-1019\" srcset=\"https:\/\/keelekymblus.ee\/wp-content\/uploads\/2020\/02\/logo-facebook.png 512w, https:\/\/keelekymblus.ee\/wp-content\/uploads\/2020\/02\/logo-facebook-300x300.png 300w, https:\/\/keelekymblus.ee\/wp-content\/uploads\/2020\/02\/logo-facebook-150x150.png 150w\" sizes=\"auto, (max-width: 512px) 100vw, 512px\" \/><\/a><\/figure>\n\n\n\n<h5 class=\"wp-block-heading has-text-align-center\"> <a rel=\"noreferrer noopener\" href=\"http:\/\/www.google.com\/url?q=http%3A%2F%2Fwww.fb.com%2Fkeelekymblusprogramm%2F&amp;sa=D&amp;sntz=1&amp;usg=AFQjCNF1nmt14hkdgkIwHv8dmVu0fjqH1w\" target=\"_blank\">www.fb.com\/keelekymblusprogramm\/<\/a> <\/h5>\n<\/div>\n\n\n\n<div class=\"wp-block-column is-layout-flow wp-block-column-is-layout-flow\">\n<figure class=\"wp-block-image size-large\"><a href=\"https:\/\/keelekymblus.ee\/ee\/\" target=\"_blank\" rel=\"noreferrer noopener\"><img loading=\"lazy\" decoding=\"async\" width=\"512\" height=\"512\" src=\"https:\/\/keelekymblus.ee\/wp-content\/uploads\/2020\/02\/web.png\" alt=\"\" class=\"wp-image-1021\" srcset=\"https:\/\/keelekymblus.ee\/wp-content\/uploads\/2020\/02\/web.png 512w, https:\/\/keelekymblus.ee\/wp-content\/uploads\/2020\/02\/web-300x300.png 300w, https:\/\/keelekymblus.ee\/wp-content\/uploads\/2020\/02\/web-150x150.png 150w\" sizes=\"auto, (max-width: 512px) 100vw, 512px\" \/><\/a><\/figure>\n\n\n\n<h5 class=\"wp-block-heading has-text-align-center\"> <a href=\"https:\/\/keelekymblus.ee\/ee\/\">https:\/\/keelekymblus.ee\/<\/a> <\/h5>\n<\/div>\n<\/div>\n\n\n\n<hr class=\"wp-block-separator has-text-color has-very-light-gray-color has-css-opacity has-very-light-gray-background-color has-background is-style-dots\"\/>\n\n\n\n<hr class=\"wp-block-separator has-text-color has-very-light-gray-color has-css-opacity has-very-light-gray-background-color has-background is-style-dots\"\/>\n\n\n\n<hr class=\"wp-block-separator has-text-color has-very-light-gray-color has-css-opacity has-very-light-gray-background-color has-background is-style-dots\"\/>\n\n\n\n<div class=\"wp-block-button aligncenter\"><a class=\"wp-block-button__link has-background has-vivid-cyan-blue-background-color\" href=\"https:\/\/keelekymblus.ee\/ee\/joincomunity\/\"> LIITU MEIEGA <\/a><\/div>","protected":false},"excerpt":{"rendered":"<p>\u041e\u0431\u0449\u0430\u044f \u0438\u043d\u0444\u043e\u0440\u043c\u0430\u0446\u0438\u044f MT\u00dc Keelek\u00fcmblusprogrammi Lastevanemate Liit\u0420\u0435\u0433\u0438\u0441\u0442\u0440\u0430\u0446\u0438\u043e\u043d\u043d\u044b\u0439 \u043a\u043e\u0434: 80215619\u0410\u0434\u0440\u0435\u0441: Harju maakond, Tallinn, Lasnam\u00e4e linnaosa, Vormsi tn 6-4, 13913 \u0427\u043b\u0435\u043d\u044b \u043f\u0440\u0430\u0432\u043b\u0435\u043d\u0438\u044f \u041a\u0441\u0435\u043d\u0438\u044f [&hellip;]<\/p>\n","protected":false},"author":1,"featured_media":0,"parent":0,"menu_order":0,"comment_status":"closed","ping_status":"closed","template":"","meta":{"footnotes":""},"class_list":["post-602","page","type-page","status-publish","hentry"],"_links":{"self":[{"href":"https:\/\/keelekymblus.ee\/ee\/wp-json\/wp\/v2\/pages\/602","targetHints":{"allow":["GET"]}}],"collection":[{"href":"https:\/\/keelekymblus.ee\/ee\/wp-json\/wp\/v2\/pages"}],"about":[{"href":"https:\/\/keelekymblus.ee\/ee\/wp-json\/wp\/v2\/types\/page"}],"author":[{"embeddable":true,"href":"https:\/\/keelekymblus.ee\/ee\/wp-json\/wp\/v2\/users\/1"}],"replies":[{"embeddable":true,"href":"https:\/\/keelekymblus.ee\/ee\/wp-json\/wp\/v2\/comments?post=602"}],"version-history":[{"count":31,"href":"https:\/\/keelekymblus.ee\/ee\/wp-json\/wp\/v2\/pages\/602\/revisions"}],"predecessor-version":[{"id":2015,"href":"https:\/\/keelekymblus.ee\/ee\/wp-json\/wp\/v2\/pages\/602\/revisions\/2015"}],"wp:attachment":[{"href":"https:\/\/keelekymblus.ee\/ee\/wp-json\/wp\/v2\/media?parent=602"}],"curies":[{"name":"wp","href":"https:\/\/api.w.org\/{rel}","templated":true}]}}