{"id":2391,"date":"2026-05-12T08:01:00","date_gmt":"2026-05-12T08:01:00","guid":{"rendered":"https:\/\/keelekymblus.ee\/?page_id=2391"},"modified":"2026-05-12T09:28:44","modified_gmt":"2026-05-12T09:28:44","slug":"infotund-11-06-2026","status":"publish","type":"page","link":"https:\/\/keelekymblus.ee\/ee\/infotund-11-06-2026\/","title":{"rendered":"Infotund 11.06.2026 \u201eKoolivalmidus: ootused, oskused, tugi\u201c"},"content":{"rendered":"<figure class=\"wp-block-image size-large\"><img loading=\"lazy\" decoding=\"async\" width=\"1024\" height=\"370\" src=\"https:\/\/keelekymblus.ee\/wp-content\/uploads\/2026\/05\/Infotund-11.06-1024x370.jpg\" alt=\"\" class=\"wp-image-2389\" srcset=\"https:\/\/keelekymblus.ee\/wp-content\/uploads\/2026\/05\/Infotund-11.06-1024x370.jpg 1024w, https:\/\/keelekymblus.ee\/wp-content\/uploads\/2026\/05\/Infotund-11.06-300x108.jpg 300w, https:\/\/keelekymblus.ee\/wp-content\/uploads\/2026\/05\/Infotund-11.06-768x278.jpg 768w, https:\/\/keelekymblus.ee\/wp-content\/uploads\/2026\/05\/Infotund-11.06-1536x555.jpg 1536w, https:\/\/keelekymblus.ee\/wp-content\/uploads\/2026\/05\/Infotund-11.06-2048x740.jpg 2048w, https:\/\/keelekymblus.ee\/wp-content\/uploads\/2026\/05\/Infotund-11.06-18x7.jpg 18w\" sizes=\"auto, (max-width: 1024px) 100vw, 1024px\" \/><\/figure>\n\n\n\n<p>\u00d5ppeaasta hakkab l\u00f5ppema, kuid paljud vanemad k\u00fcsivad, kas suve jooksul on v\u00f5imalik puhata nii, et see ei kahjustaks eelmisel aastal omandatud teadmisi. Seet\u00f5ttu <strong>11.06.2026<\/strong>, \u0441 <strong>17:30 \u0434\u043e 19:30<\/strong> viib Svetlana Udras 11.06.2026 kell 17:30\u201319:30 l\u00e4bi infotunni teemal \u201eKoolivalmidus: ootused, oskused, tugi\u201c. Ootame tulevaste esimese klassi \u00f5pilaste vanemaid ning ka nende laste peresid, kes l\u00e4hevad s\u00fcgisel lasteaia l\u00f5ppr\u00fchma, soojale ja kasulikule kohtumisele, kus r\u00e4\u00e4gime kooliks valmistumisest ilma stressi ja \u00fclekoormuseta.<\/p>\n\n\n\n<p>R\u00e4\u00e4gime sellest:<\/p>\n\n\n\n<ul class=\"wp-block-list\">\n<li>millised oskused on enne kooli tegelikult olulised;<\/li>\n\n\n\n<li>mida oodatakse lapselt ja vanematelt esimeses klassis;<\/li>\n\n\n\n<li>kuidas toetada \u00f5pihuvi ja enesekindlust;<\/li>\n\n\n\n<li>kuidas \u00fchendada suvel puhkus, m\u00e4ngud ja sujuv kooliks ettevalmistus.<\/li>\n<\/ul>\n\n\n\n<p>Jagame lihtsaid ideid, harjutusi ja igap\u00e4evaseid harjumusi, mis aitavad lapsel valmistuda uueks eluetapiks kergelt, rahulikult ja r\u00f5\u00f5muga.<\/p>\n\n\n\n<p class=\"translation-block\">\u00dcritus toimub tavap\u00e4raselt h\u00fcbriidvormis: veebis (Google Meet, lingi saadame 2 p\u00e4eva enne infotundi) ja kohapeal \u2014 <a href=\"https:\/\/konverents.ulemistecity.ee\/conference-room\/von-baer\/\" data-type=\"link\" data-id=\"https:\/\/konverents.ulemistecity.ee\/conference-room\/von-baer\/\" target=\"_self\">Tallinn, \u00dclemiste City, Von Baer Seminariruum<\/a>.<\/p>\n\n\n\n<p>Osalemine infotunnis on tasuta, kuid vajalik on hankida tasuta pilet Fienta keskkonnas.<\/p>\n\n\n\n<div class=\"wp-block-buttons is-content-justification-center is-layout-flex wp-container-core-buttons-is-layout-16018d1d wp-block-buttons-is-layout-flex\">\n<div class=\"wp-block-button\"><a class=\"wp-block-button__link has-white-color has-vivid-cyan-blue-background-color has-text-color has-background has-link-color has-text-align-center wp-element-button\" href=\"https:\/\/fienta.com\/et\/infochas-11-06-2026-gotovnost-k-shkole-ozhidaniya-navyki-podderzhka\">Soeta pilet<\/a><\/div>\n<\/div>\n\n\n\n<p><strong><em><strong><em>\u00dcritus toimub Haridus- ja teadusministeeriumi toel<\/em><\/strong><\/em><\/strong><\/p>\n\n\n\n<p><\/p>","protected":false},"excerpt":{"rendered":"<p>\u0423\u0447\u0435\u0431\u043d\u044b\u0439 \u0433\u043e\u0434 \u043f\u043e\u0434\u0445\u043e\u0434\u0438\u0442 \u043a \u043a\u043e\u043d\u0446\u0443, \u043d\u043e \u043c\u043d\u043e\u0433\u0438\u0435 \u0440\u043e\u0434\u0438\u0442\u0435\u043b\u0438 \u0441\u043f\u0440\u0430\u0448\u0438\u0432\u0430\u044e\u0442, \u043c\u043e\u0436\u043d\u043e \u043b\u0438 \u043e\u0442\u0434\u043e\u0445\u043d\u0443\u0442\u044c \u0437\u0430 \u043b\u0435\u0442\u043e, \u043d\u0435 \u043d\u0430\u043d\u0435\u0441\u044f \u0443\u0449\u0435\u0440\u0431 \u043f\u043e\u043b\u0443\u0447\u0435\u043d\u043d\u044b\u043c \u0437\u0430 \u043f\u0440\u0435\u0434\u044b\u0434\u0443\u0449\u0438\u0439 [&hellip;]<\/p>\n","protected":false},"author":1,"featured_media":0,"parent":0,"menu_order":0,"comment_status":"closed","ping_status":"closed","template":"","meta":{"footnotes":""},"class_list":["post-2391","page","type-page","status-publish","hentry"],"_links":{"self":[{"href":"https:\/\/keelekymblus.ee\/ee\/wp-json\/wp\/v2\/pages\/2391","targetHints":{"allow":["GET"]}}],"collection":[{"href":"https:\/\/keelekymblus.ee\/ee\/wp-json\/wp\/v2\/pages"}],"about":[{"href":"https:\/\/keelekymblus.ee\/ee\/wp-json\/wp\/v2\/types\/page"}],"author":[{"embeddable":true,"href":"https:\/\/keelekymblus.ee\/ee\/wp-json\/wp\/v2\/users\/1"}],"replies":[{"embeddable":true,"href":"https:\/\/keelekymblus.ee\/ee\/wp-json\/wp\/v2\/comments?post=2391"}],"version-history":[{"count":7,"href":"https:\/\/keelekymblus.ee\/ee\/wp-json\/wp\/v2\/pages\/2391\/revisions"}],"predecessor-version":[{"id":2404,"href":"https:\/\/keelekymblus.ee\/ee\/wp-json\/wp\/v2\/pages\/2391\/revisions\/2404"}],"wp:attachment":[{"href":"https:\/\/keelekymblus.ee\/ee\/wp-json\/wp\/v2\/media?parent=2391"}],"curies":[{"name":"wp","href":"https:\/\/api.w.org\/{rel}","templated":true}]}}