{"id":2355,"date":"2026-03-18T09:13:39","date_gmt":"2026-03-18T09:13:39","guid":{"rendered":"https:\/\/keelekymblus.ee\/?page_id=2355"},"modified":"2026-04-10T08:42:21","modified_gmt":"2026-04-10T08:42:21","slug":"infotund-07-04-2026","status":"publish","type":"page","link":"https:\/\/keelekymblus.ee\/ee\/infotund-07-04-2026\/","title":{"rendered":"Infotund 07.04.2026 \"P\u00e4rast 9. klassi: mida on oluline teada \u00f5pingute j\u00e4tkamisest\u201c"},"content":{"rendered":"<figure class=\"wp-block-image size-large\"><img loading=\"lazy\" decoding=\"async\" width=\"1024\" height=\"684\" src=\"https:\/\/keelekymblus.ee\/wp-content\/uploads\/2026\/03\/IMG_8699-1024x684.jpg\" alt=\"\" class=\"wp-image-2358\" srcset=\"https:\/\/keelekymblus.ee\/wp-content\/uploads\/2026\/03\/IMG_8699-1024x684.jpg 1024w, https:\/\/keelekymblus.ee\/wp-content\/uploads\/2026\/03\/IMG_8699-300x200.jpg 300w, https:\/\/keelekymblus.ee\/wp-content\/uploads\/2026\/03\/IMG_8699-768x513.jpg 768w, https:\/\/keelekymblus.ee\/wp-content\/uploads\/2026\/03\/IMG_8699-1536x1025.jpg 1536w, https:\/\/keelekymblus.ee\/wp-content\/uploads\/2026\/03\/IMG_8699-2048x1367.jpg 2048w, https:\/\/keelekymblus.ee\/wp-content\/uploads\/2026\/03\/IMG_8699-18x12.jpg 18w\" sizes=\"auto, (max-width: 1024px) 100vw, 1024px\" \/><\/figure>\n\n\n\n<p>Infotund 8.\u20139. klassi \u00f5pilaste vanematele\n\u201eP\u00e4rast 9. klassi: mida on oluline teada \u00f5pingute j\u00e4tkamisest\u201c<\/p>\n\n\n\n<p>\u00d5pingute j\u00e4tkamise valik p\u00e4rast 9. klassi on oluline etapp nii noore kui ka tema pere jaoks. Sageli tekib vanematel palju k\u00fcsimusi: millised on edasi\u00f5ppimise v\u00f5imalused, mille poolest erineb g\u00fcmnaasium kutseharidusest, kuidas toimub sisseastumine ja millised n\u00f5uded kehtivad praegu.<\/p>\n\n\n\n<p>Kutsume 8.\u20139. klassi \u00f5pilaste vanemaid ning k\u00f5iki huvilisi infotundi, kus koos Ksenia Georgega vaatleme peamisi v\u00f5imalusi \u00f5pingute j\u00e4tkamiseks p\u00e4rast p\u00f5hikooli.<\/p>\n\n\n\n<p>Kohtumisel r\u00e4\u00e4gime:<\/p>\n\n\n\n<ul class=\"wp-block-list\">\n<li>edasi\u00f5ppimise v\u00f5imalustest p\u00e4rast 9. klassi;<\/li>\n\n\n\n<li>l\u00fchidalt g\u00fcmnaasiumiharidusest ning p\u00f5hjalikumalt kutseharidusest;<\/li>\n\n\n\n<li>4-aastastest \u00f5ppekavadest kutse\u00f5ppeasutustes;<\/li>\n\n\n\n<li>ettevalmistavast \u00f5ppeaastast;<\/li>\n\n\n\n<li>sisseastumisprotsessist ja dokumentide esitamise t\u00e4htaegadest.<\/li>\n<\/ul>\n\n\n\n<p>Infotund aitab paremini m\u00f5ista hariduss\u00fcsteemi v\u00f5imalusi ning toetada last edasise haridustee valikul.<\/p>\n\n\n\n<p>Infotund toimus <strong>07.04.2026, 18:00 &#8212; 19:30<\/strong> h\u00fcbriidvormingus \u2014 nii veebis kui ka kohapeal <a href=\"https:\/\/www.google.com\/maps\/place\/\/data=!4m2!3m1!1s0x4694659e8431c1fd:0x6007619042ba8669?sa=X&amp;ved=1t:8290&amp;ictx=111\" data-type=\"link\" data-id=\"https:\/\/www.google.com\/maps\/place\/\/data=!4m2!3m1!1s0x4694659e8431c1fd:0x6007619042ba8669?sa=X&amp;ved=1t:8290&amp;ictx=111\">Ahtme haruraamatukogu<\/a> (Ahtme, Ridak\u00fcla tn 4)<\/p>\n\n\n\n<p>Infotunni salvestus meie YouTube\u2019i kanalil:<\/p>\n\n\n\n<figure class=\"wp-block-embed is-type-video is-provider-youtube wp-block-embed-youtube wp-embed-aspect-16-9 wp-has-aspect-ratio\"><div class=\"wp-block-embed__wrapper\">\n<iframe loading=\"lazy\" title=\"\u00ab\u041f\u043e\u0441\u043b\u0435 9 \u043a\u043b\u0430\u0441\u0441\u0430: \u0447\u0442\u043e \u0432\u0430\u0436\u043d\u043e \u0437\u043d\u0430\u0442\u044c \u043e \u043f\u0440\u043e\u0434\u043e\u043b\u0436\u0435\u043d\u0438\u0438 \u043e\u0431\u0443\u0447\u0435\u043d\u0438\u044f\u00bb\" width=\"780\" height=\"439\" src=\"https:\/\/www.youtube.com\/embed\/ndPYgAl2UaI?feature=oembed\" frameborder=\"0\" allow=\"accelerometer; autoplay; clipboard-write; encrypted-media; gyroscope; picture-in-picture; web-share\" referrerpolicy=\"strict-origin-when-cross-origin\" allowfullscreen><\/iframe>\n<\/div><\/figure>\n\n\n\n<p><strong><em><strong><em>\u00dcritus on toimunud Haridus- ja teadusministeeriumi toel<\/em><\/strong><\/em><\/strong><\/p>\n\n\n\n<p><\/p>","protected":false},"excerpt":{"rendered":"<p>\u0418\u043d\u0444\u043e\u0447\u0430\u0441 \u0434\u043b\u044f \u0440\u043e\u0434\u0438\u0442\u0435\u043b\u0435\u0439 8\u20139 \u043a\u043b\u0430\u0441\u0441\u043e\u0432 \u00ab\u041f\u043e\u0441\u043b\u0435 9 \u043a\u043b\u0430\u0441\u0441\u0430: \u0447\u0442\u043e \u0432\u0430\u0436\u043d\u043e \u0437\u043d\u0430\u0442\u044c \u043e \u043f\u0440\u043e\u0434\u043e\u043b\u0436\u0435\u043d\u0438\u0438 \u043e\u0431\u0443\u0447\u0435\u043d\u0438\u044f\u00bb \u0412\u044b\u0431\u043e\u0440 \u0434\u0430\u043b\u044c\u043d\u0435\u0439\u0448\u0435\u0433\u043e \u043f\u0443\u0442\u0438 \u043e\u0431\u0443\u0447\u0435\u043d\u0438\u044f \u043f\u043e\u0441\u043b\u0435 9 [&hellip;]<\/p>\n","protected":false},"author":1,"featured_media":0,"parent":0,"menu_order":0,"comment_status":"closed","ping_status":"closed","template":"","meta":{"footnotes":""},"class_list":["post-2355","page","type-page","status-publish","hentry"],"_links":{"self":[{"href":"https:\/\/keelekymblus.ee\/ee\/wp-json\/wp\/v2\/pages\/2355","targetHints":{"allow":["GET"]}}],"collection":[{"href":"https:\/\/keelekymblus.ee\/ee\/wp-json\/wp\/v2\/pages"}],"about":[{"href":"https:\/\/keelekymblus.ee\/ee\/wp-json\/wp\/v2\/types\/page"}],"author":[{"embeddable":true,"href":"https:\/\/keelekymblus.ee\/ee\/wp-json\/wp\/v2\/users\/1"}],"replies":[{"embeddable":true,"href":"https:\/\/keelekymblus.ee\/ee\/wp-json\/wp\/v2\/comments?post=2355"}],"version-history":[{"count":7,"href":"https:\/\/keelekymblus.ee\/ee\/wp-json\/wp\/v2\/pages\/2355\/revisions"}],"predecessor-version":[{"id":2381,"href":"https:\/\/keelekymblus.ee\/ee\/wp-json\/wp\/v2\/pages\/2355\/revisions\/2381"}],"wp:attachment":[{"href":"https:\/\/keelekymblus.ee\/ee\/wp-json\/wp\/v2\/media?parent=2355"}],"curies":[{"name":"wp","href":"https:\/\/api.w.org\/{rel}","templated":true}]}}