{"id":2306,"date":"2025-11-18T10:49:12","date_gmt":"2025-11-18T10:49:12","guid":{"rendered":"https:\/\/keelekymblus.ee\/?page_id=2306"},"modified":"2025-12-20T08:49:10","modified_gmt":"2025-12-20T08:49:10","slug":"infotund-17-12-2025","status":"publish","type":"page","link":"https:\/\/keelekymblus.ee\/ee\/infotund-17-12-2025\/","title":{"rendered":"Infotund 17.12.2025 \u201e\u00dclemineku teine aasta: avatud lapsevanemate dialoog\u201c"},"content":{"rendered":"<figure class=\"wp-block-image size-large\"><img loading=\"lazy\" decoding=\"async\" width=\"1024\" height=\"642\" src=\"https:\/\/keelekymblus.ee\/wp-content\/uploads\/2025\/11\/IMG_6798-1024x642.jpg\" alt=\"\" class=\"wp-image-2322\" srcset=\"https:\/\/keelekymblus.ee\/wp-content\/uploads\/2025\/11\/IMG_6798-1024x642.jpg 1024w, https:\/\/keelekymblus.ee\/wp-content\/uploads\/2025\/11\/IMG_6798-300x188.jpg 300w, https:\/\/keelekymblus.ee\/wp-content\/uploads\/2025\/11\/IMG_6798-768x482.jpg 768w, https:\/\/keelekymblus.ee\/wp-content\/uploads\/2025\/11\/IMG_6798-1536x963.jpg 1536w, https:\/\/keelekymblus.ee\/wp-content\/uploads\/2025\/11\/IMG_6798-18x12.jpg 18w, https:\/\/keelekymblus.ee\/wp-content\/uploads\/2025\/11\/IMG_6798.jpg 1762w\" sizes=\"auto, (max-width: 1024px) 100vw, 1024px\" \/><\/figure>\n\n\n\n<p>17. detsembril 2025 kell 17.30\u201319.30 arutasime infotunnis \u201e\u00dclemineku teine aasta: avatud lapsevanemate dialoog\u201c vabas vormis \u00fcleminekut eestikeelsele \u00f5ppele.<\/p>\n\n\n\n<p>R\u00e4\u00e4kisime sellest, kuidas me seda etappi koos l\u00e4bime, milliste raskustega silmitsi seisame ja milliseid edusamme saame jagada. Te esitasite teid puudutavaid k\u00fcsimusi ning p\u00fc\u00fcdsime \u00fcheskoos neile vastused leida.<\/p>\n\n\n\n<p>Infotund toimus avatud arutelu vormis \u2013 ilma eelnevalt ettevalmistatud ettekannete ja loenguteta \u2013, et keskenduda just nendele teemadele, mis on teile olulised.<\/p>\n\n\n\n<figure class=\"wp-block-embed is-type-video is-provider-youtube wp-block-embed-youtube wp-embed-aspect-16-9 wp-has-aspect-ratio\"><div class=\"wp-block-embed__wrapper\">\n<iframe loading=\"lazy\" title=\"\u00ab\u0412\u0442\u043e\u0440\u043e\u0439 \u0433\u043e\u0434 \u043f\u0435\u0440\u0435\u0445\u043e\u0434\u0430: \u043e\u0442\u043a\u0440\u044b\u0442\u044b\u0439 \u0440\u043e\u0434\u0438\u0442\u0435\u043b\u044c\u0441\u043a\u0438\u0439 \u0434\u0438\u0430\u043b\u043e\u0433\u00bb\" width=\"780\" height=\"439\" src=\"https:\/\/www.youtube.com\/embed\/n6LaEWsNBnY?feature=oembed\" frameborder=\"0\" allow=\"accelerometer; autoplay; clipboard-write; encrypted-media; gyroscope; picture-in-picture; web-share\" referrerpolicy=\"strict-origin-when-cross-origin\" allowfullscreen><\/iframe>\n<\/div><\/figure>\n\n\n\n<p><strong><em>\u00dcritus on toimunud Haridus- ja teadusministeeriumi toel<\/em><\/strong><\/p>\n\n\n\n<p><\/p>","protected":false},"excerpt":{"rendered":"<p>17 \u0434\u0435\u043a\u0430\u0431\u0440\u044f 2025 \u0433\u043e\u0434\u0430, \u0441 17:30 \u0434\u043e 19:30, \u043d\u0430 \u0438\u043d\u0444\u043e\u0447\u0430\u0441\u0435 \u00ab\u0412\u0442\u043e\u0440\u043e\u0439 \u0433\u043e\u0434 \u043f\u0435\u0440\u0435\u0445\u043e\u0434\u0430: \u043e\u0442\u043a\u0440\u044b\u0442\u044b\u0439 \u0440\u043e\u0434\u0438\u0442\u0435\u043b\u044c\u0441\u043a\u0438\u0439 \u0434\u0438\u0430\u043b\u043e\u0433\u00bb \u043c\u044b \u043e\u0431\u0441\u0443\u0434\u0438\u043b\u0438 \u0432 \u0441\u0432\u043e\u0431\u043e\u0434\u043d\u043e\u043c [&hellip;]<\/p>\n","protected":false},"author":1,"featured_media":0,"parent":0,"menu_order":0,"comment_status":"closed","ping_status":"closed","template":"","meta":{"footnotes":""},"class_list":["post-2306","page","type-page","status-publish","hentry"],"_links":{"self":[{"href":"https:\/\/keelekymblus.ee\/ee\/wp-json\/wp\/v2\/pages\/2306","targetHints":{"allow":["GET"]}}],"collection":[{"href":"https:\/\/keelekymblus.ee\/ee\/wp-json\/wp\/v2\/pages"}],"about":[{"href":"https:\/\/keelekymblus.ee\/ee\/wp-json\/wp\/v2\/types\/page"}],"author":[{"embeddable":true,"href":"https:\/\/keelekymblus.ee\/ee\/wp-json\/wp\/v2\/users\/1"}],"replies":[{"embeddable":true,"href":"https:\/\/keelekymblus.ee\/ee\/wp-json\/wp\/v2\/comments?post=2306"}],"version-history":[{"count":14,"href":"https:\/\/keelekymblus.ee\/ee\/wp-json\/wp\/v2\/pages\/2306\/revisions"}],"predecessor-version":[{"id":2345,"href":"https:\/\/keelekymblus.ee\/ee\/wp-json\/wp\/v2\/pages\/2306\/revisions\/2345"}],"wp:attachment":[{"href":"https:\/\/keelekymblus.ee\/ee\/wp-json\/wp\/v2\/media?parent=2306"}],"curies":[{"name":"wp","href":"https:\/\/api.w.org\/{rel}","templated":true}]}}