{"id":2295,"date":"2025-06-08T11:27:27","date_gmt":"2025-06-08T11:27:27","guid":{"rendered":"https:\/\/keelekymblus.ee\/?page_id=2295"},"modified":"2025-11-17T11:33:26","modified_gmt":"2025-11-17T11:33:26","slug":"seminar-08-06-2025","status":"publish","type":"page","link":"https:\/\/keelekymblus.ee\/ee\/seminar-08-06-2025\/","title":{"rendered":"Seminar 08.06.2025"},"content":{"rendered":"<figure class=\"wp-block-image size-large\"><img loading=\"lazy\" decoding=\"async\" width=\"1024\" height=\"795\" src=\"https:\/\/keelekymblus.ee\/wp-content\/uploads\/2025\/11\/IMG_4211-1024x795.jpg\" alt=\"\" class=\"wp-image-2300\" srcset=\"https:\/\/keelekymblus.ee\/wp-content\/uploads\/2025\/11\/IMG_4211-1024x795.jpg 1024w, https:\/\/keelekymblus.ee\/wp-content\/uploads\/2025\/11\/IMG_4211-300x233.jpg 300w, https:\/\/keelekymblus.ee\/wp-content\/uploads\/2025\/11\/IMG_4211-768x596.jpg 768w, https:\/\/keelekymblus.ee\/wp-content\/uploads\/2025\/11\/IMG_4211-1536x1193.jpg 1536w, https:\/\/keelekymblus.ee\/wp-content\/uploads\/2025\/11\/IMG_4211-2048x1590.jpg 2048w, https:\/\/keelekymblus.ee\/wp-content\/uploads\/2025\/11\/IMG_4211-15x12.jpg 15w\" sizes=\"auto, (max-width: 1024px) 100vw, 1024px\" \/><\/figure>\n\n\n\n<p>Hoolimata sellest, et \u00f5ppeaasta on juba l\u00f5ppenud, m\u00f6\u00f6dus eelmine n\u00e4dalavahetus KLLi liikmete jaoks v\u00e4ga aktiivselt ja samal ajal teadmiserohkelt.<\/p>\n\n\n\n<p>Esimesel p\u00e4eval toimus Valeria Lavrova inspireeriv loeng \u201eEmotsionaalne intelligentsus. Esinemisoskused\u201c. See ei j\u00e4tnud kedagi \u00fcksk\u00f5ikseks ning andis hulgaliselt m\u00f5tteainet. Nelja tunni jooksul oli nii palju naeru ja naeratusi \u2014 need emotsioonid j\u00e4\u00e4vad meid kindlasti kauaks saatma.<\/p>\n\n\n\n<p>Teine p\u00e4ev oli p\u00fchendatud KLLi 2025. aasta strateegia arutelule ja \u00fcldkoosolekule. Panime produktiivselt paika eesm\u00e4rgid l\u00e4hitulevikuks ning arutasime organisatsiooni arengusuundi.<\/p>\n\n\n\n<p>Eriti tore oli n\u00e4ha, et k\u00f5ik lahkusid innustunult \u2014 see t\u00e4hendab, et ees on veel palju huvitavaid kohtumisi, infotunde ja v\u00e4ikeseid intervjuusid, mille kollektsioon meie YouTube\u2019i kanalil \u00fcha kasvab. \u00dcks viimastest \u2014 m\u00f6\u00f6dunud \u00f5ppeaasta kokkuv\u00f5te \u2014 on juba vaatamiseks saadaval:<br><\/p>\n\n\n\n<figure class=\"wp-block-embed is-type-video is-provider-youtube wp-block-embed-youtube wp-embed-aspect-16-9 wp-has-aspect-ratio\"><div class=\"wp-block-embed__wrapper\">\n<iframe loading=\"lazy\" title=\"\u0418\u0442\u043e\u0433\u0438 \u0438 \u0443\u0440\u043e\u043a\u0438 \u043f\u0435\u0440\u0432\u043e\u0433\u043e \u0433\u043e\u0434\u0430 \u043f\u0435\u0440\u0435\u0445\u043e\u0434\u0430. KLL: Keelekymblus+ (02)\" width=\"780\" height=\"439\" src=\"https:\/\/www.youtube.com\/embed\/QxULWpfyReQ?feature=oembed\" frameborder=\"0\" allow=\"accelerometer; autoplay; clipboard-write; encrypted-media; gyroscope; picture-in-picture; web-share\" referrerpolicy=\"strict-origin-when-cross-origin\" allowfullscreen><\/iframe>\n<\/div><\/figure>","protected":false},"excerpt":{"rendered":"<p>\u041d\u0435\u0441\u043c\u043e\u0442\u0440\u044f \u043d\u0430 \u0437\u0430\u0432\u0435\u0440\u0448\u0435\u043d\u0438\u0435 \u0443\u0447\u0435\u0431\u043d\u043e\u0433\u043e \u0433\u043e\u0434\u0430, \u043f\u0440\u043e\u0448\u0435\u0434\u0448\u0438\u0435 \u0432\u044b\u0445\u043e\u0434\u043d\u044b\u0435 \u0434\u043b\u044f \u0447\u043b\u0435\u043d\u043e\u0432 KLL \u0432\u044b\u0434\u0430\u043b\u0438\u0441\u044c \u0430\u043a\u0442\u0438\u0432\u043d\u044b\u043c\u0438 \u0438 \u043e\u0434\u043d\u043e\u0432\u0440\u0435\u043c\u0435\u043d\u043d\u043e \u043d\u0430\u0441\u044b\u0449\u0435\u043d\u043d\u044b\u043c\u0438 \u0437\u043d\u0430\u043d\u0438\u044f\u043c\u0438. \u0412 \u043f\u0435\u0440\u0432\u044b\u0439 \u0434\u0435\u043d\u044c \u0441\u043e\u0441\u0442\u043e\u044f\u043b\u0430\u0441\u044c [&hellip;]<\/p>\n","protected":false},"author":1,"featured_media":0,"parent":0,"menu_order":0,"comment_status":"closed","ping_status":"closed","template":"","meta":{"footnotes":""},"class_list":["post-2295","page","type-page","status-publish","hentry"],"_links":{"self":[{"href":"https:\/\/keelekymblus.ee\/ee\/wp-json\/wp\/v2\/pages\/2295","targetHints":{"allow":["GET"]}}],"collection":[{"href":"https:\/\/keelekymblus.ee\/ee\/wp-json\/wp\/v2\/pages"}],"about":[{"href":"https:\/\/keelekymblus.ee\/ee\/wp-json\/wp\/v2\/types\/page"}],"author":[{"embeddable":true,"href":"https:\/\/keelekymblus.ee\/ee\/wp-json\/wp\/v2\/users\/1"}],"replies":[{"embeddable":true,"href":"https:\/\/keelekymblus.ee\/ee\/wp-json\/wp\/v2\/comments?post=2295"}],"version-history":[{"count":4,"href":"https:\/\/keelekymblus.ee\/ee\/wp-json\/wp\/v2\/pages\/2295\/revisions"}],"predecessor-version":[{"id":2302,"href":"https:\/\/keelekymblus.ee\/ee\/wp-json\/wp\/v2\/pages\/2295\/revisions\/2302"}],"wp:attachment":[{"href":"https:\/\/keelekymblus.ee\/ee\/wp-json\/wp\/v2\/media?parent=2295"}],"curies":[{"name":"wp","href":"https:\/\/api.w.org\/{rel}","templated":true}]}}