{"id":2268,"date":"2025-10-20T11:57:26","date_gmt":"2025-10-20T11:57:26","guid":{"rendered":"https:\/\/keelekymblus.ee\/?page_id=2268"},"modified":"2025-10-20T12:12:13","modified_gmt":"2025-10-20T12:12:13","slug":"kutsu-kll-esindaja-kooli-voi-lasteaeda","status":"publish","type":"page","link":"https:\/\/keelekymblus.ee\/ee\/kutsu-kll-esindaja-kooli-voi-lasteaeda\/","title":{"rendered":"Kutsu KLL esindaja kooli v\u00f5i lasteaeda"},"content":{"rendered":"<p>Keelek\u00fcmblusprogrammi Lastevanemate Liidu (KLL) esindajat saab kutsuda lasteaeda v\u00f5i kooli, samuti ka veebikohtumisele. R\u00e4\u00e4gime \u00fcleminekust eestikeelsele haridusele, sellest, mida on lapsevanemal oluline teha ja mida mitte teha. Kuidas last ja tema emakeelt (kodukeelt) toetada ning kuidas vabaneda \u00fcleminekuga seotud \u00e4revusest.<\/p>\n\n\n\n<p class=\"has-text-align-left\">Need kohtumised on tasuta \u2014 kirjutage meile ja leiame koos sobiva vormi ja aja kohtumiseks.<\/p>\n\n\n\n<div class=\"wp-block-buttons is-content-justification-center is-layout-flex wp-container-core-buttons-is-layout-16018d1d wp-block-buttons-is-layout-flex\">\n<div class=\"wp-block-button is-style-outline is-style-outline--1\"><a class=\"wp-block-button__link has-text-color has-link-color wp-element-button\" href=\"mailto:info@keelekymblus.ee\" style=\"color:#1672a6\">info@keelekymblus.ee<\/a><\/div>\n<\/div>","protected":false},"excerpt":{"rendered":"<p>\u041f\u0440\u0435\u0434\u0441\u0442\u0430\u0432\u0438\u0442\u0435\u043b\u044f Keelek\u00fcmblusprogrammi Lastevanemate Liit (KLL) \u043c\u043e\u0436\u043d\u043e \u043f\u0440\u0438\u0433\u043b\u0430\u0441\u0438\u0442\u044c \u0432 \u0441\u0430\u0434 \u0438\u043b\u0438 \u0448\u043a\u043e\u043b\u0443, \u0430 \u0442\u0430\u043a\u0436\u0435 \u043d\u0430 \u043e\u043d\u043b\u0430\u0439\u043d \u0432\u0441\u0442\u0440\u0435\u0447\u0443. \u041c\u044b \u0440\u0430\u0441\u0441\u043a\u0430\u0436\u0435\u043c \u043e \u043f\u0435\u0440\u0435\u0445\u043e\u0434\u0435 [&hellip;]<\/p>\n","protected":false},"author":1,"featured_media":0,"parent":0,"menu_order":0,"comment_status":"closed","ping_status":"closed","template":"","meta":{"footnotes":""},"class_list":["post-2268","page","type-page","status-publish","hentry"],"_links":{"self":[{"href":"https:\/\/keelekymblus.ee\/ee\/wp-json\/wp\/v2\/pages\/2268","targetHints":{"allow":["GET"]}}],"collection":[{"href":"https:\/\/keelekymblus.ee\/ee\/wp-json\/wp\/v2\/pages"}],"about":[{"href":"https:\/\/keelekymblus.ee\/ee\/wp-json\/wp\/v2\/types\/page"}],"author":[{"embeddable":true,"href":"https:\/\/keelekymblus.ee\/ee\/wp-json\/wp\/v2\/users\/1"}],"replies":[{"embeddable":true,"href":"https:\/\/keelekymblus.ee\/ee\/wp-json\/wp\/v2\/comments?post=2268"}],"version-history":[{"count":5,"href":"https:\/\/keelekymblus.ee\/ee\/wp-json\/wp\/v2\/pages\/2268\/revisions"}],"predecessor-version":[{"id":2275,"href":"https:\/\/keelekymblus.ee\/ee\/wp-json\/wp\/v2\/pages\/2268\/revisions\/2275"}],"wp:attachment":[{"href":"https:\/\/keelekymblus.ee\/ee\/wp-json\/wp\/v2\/media?parent=2268"}],"curies":[{"name":"wp","href":"https:\/\/api.w.org\/{rel}","templated":true}]}}