{"id":2230,"date":"2025-09-08T08:56:50","date_gmt":"2025-09-08T08:56:50","guid":{"rendered":"https:\/\/keelekymblus.ee\/?page_id=2230"},"modified":"2026-04-09T18:53:35","modified_gmt":"2026-04-09T18:53:35","slug":"toetav-lapsevanem-kasikaes-lapse-haridusteel","status":"publish","type":"page","link":"https:\/\/keelekymblus.ee\/ee\/toetav-lapsevanem-kasikaes-lapse-haridusteel\/","title":{"rendered":"\u201eToetav lapsevanem \u2013 k\u00e4sik\u00e4es lapse haridusteel\u201c"},"content":{"rendered":"<figure class=\"wp-block-image size-full is-resized\"><img loading=\"lazy\" decoding=\"async\" width=\"2560\" height=\"556\" src=\"https:\/\/keelekymblus.ee\/wp-content\/uploads\/2025\/11\/KLL10-scaled.jpg\" alt=\"\" class=\"wp-image-2286\" style=\"width:597px;height:auto\" srcset=\"https:\/\/keelekymblus.ee\/wp-content\/uploads\/2025\/11\/KLL10-scaled.jpg 2560w, https:\/\/keelekymblus.ee\/wp-content\/uploads\/2025\/11\/KLL10-300x65.jpg 300w, https:\/\/keelekymblus.ee\/wp-content\/uploads\/2025\/11\/KLL10-1024x222.jpg 1024w, https:\/\/keelekymblus.ee\/wp-content\/uploads\/2025\/11\/KLL10-768x167.jpg 768w, https:\/\/keelekymblus.ee\/wp-content\/uploads\/2025\/11\/KLL10-1536x334.jpg 1536w, https:\/\/keelekymblus.ee\/wp-content\/uploads\/2025\/11\/KLL10-2048x445.jpg 2048w, https:\/\/keelekymblus.ee\/wp-content\/uploads\/2025\/11\/KLL10-18x4.jpg 18w\" sizes=\"auto, (max-width: 2560px) 100vw, 2560px\" \/><\/figure>\n\n\n\n<p><\/p>\n\n\n\n<p>Alates 17.09.2025 algab \u0160veitsi-Eesti koost\u00f6\u00f6programmi toel ja koost\u00f6\u00f6s HARNOga koolitusprogrammide sari, millest iga\u00fcks koosneb kolmest praktilisest seminarist. Seminaridel jagatakse kogemusi, tehakse praktilisi harjutusi ning tutvustatakse strateegiaid, mis aitavad vanematel enesekindlalt toetada oma last tema \u00f5piteel.\nSeminare viivad l\u00e4bi meie Ksenia George, Svetlana Udras ja Ljudmila Limantova.\nOsalemine on <strong>tasuta.<\/strong>.<\/p>\n\n\n\n<p>Esimesed grupid alustavad Narvas, Sillam\u00e4el ja Kohtla-J\u00e4rvel. Aga me j\u00e4tkame \u00fcle kogu Eesti \u2014 hoidke uudistel silm peal!<\/p>\n\n\n\n<p>Narva, 17.09-15.10.2025, <a href=\"https:\/\/koolitus.edu.ee\/sisekoolitus\/17290\" data-type=\"link\" data-id=\"https:\/\/koolitus.edu.ee\/sisekoolitus\/17290\">registreerimislink<\/a><\/p>\n\n\n\n<p class=\"translation-block\">Sillam\u00e4e, 15.10-12.11.2025, <a href=\"http:\/\/koolitus.edu.ee\/sisekoolitus\/17309\" data-type=\"link\" data-id=\"http:\/\/koolitus.edu.ee\/sisekoolitus\/17309\" target=\"_self\">registreerimislink<\/a><\/p>\n\n\n\n<p>Kohtla-J\u00e4rve, 12.11-10.12.2025 <a href=\"https:\/\/koolitus.edu.ee\/sisekoolitus\/17310\" data-type=\"link\" data-id=\"https:\/\/koolitus.edu.ee\/sisekoolitus\/17310\">registreerimislink<\/a><\/p>\n\n\n\n<p>Kivi\u00f5li, 14.01-11.02.2026 <a href=\"https:\/\/koolitus.edu.ee\/sisekoolitus\/17997\" data-type=\"link\" data-id=\"https:\/\/koolitus.edu.ee\/sisekoolitus\/17997\">registreerimislink<\/a><\/p>\n\n\n\n<p>Valga, 11.02-11.03.2026, <a href=\"https:\/\/koolitus.edu.ee\/sisekoolitus\/18353\" data-type=\"link\" data-id=\"https:\/\/koolitus.edu.ee\/sisekoolitus\/18353\">registreerimislink<\/a><\/p>\n\n\n\n<p>Maardu, 18.03-15.04.2026, <a href=\"https:\/\/koolitus.edu.ee\/training\/19161?_locale=ru\" data-type=\"link\" data-id=\"https:\/\/koolitus.edu.ee\/training\/19161?_locale=ru\">registreerimislink<\/a><\/p>\n\n\n\n<p>Rakvere, 15.04-13.05.2026, <a href=\"https:\/\/haridusportaal.edu.ee\/koolitused-juhan\/%E2%80%9C%D0%B7%D0%B0%D0%B1%D0%BE%D1%82%D0%BB%D0%B8%D0%B2%D1%8B%D0%B9-%D1%80%D0%BE%D0%B4%D0%B8%D1%82%D0%B5%D0%BB%D1%8C-%E2%80%93-%D1%80%D1%83%D0%BA%D0%B0-%D0%BE%D0%B1-%D1%80%D1%83%D0%BA%D1%83-%D1%81-%D1%80%D0%B5%D0%B1%D1%91%D0%BD%D0%BA%D0%BE%D0%BC-%D0%BD%D0%B0-%D0%B5%D0%B3%D0%BE-%D1%83%D1%87%D0%B5%D0%B1%D0%BD%D0%BE%D0%BC-%D0%BF%D1%83%D1%82%D0%B8%E2%80%9D-koolitusprogramm-toetav-lapsevanem-%E2%80%93-k%C3%A4sik%C3%A4es-lapse-haridusteel-rakvere\/37469414?openBlockTab=detailinfo\" data-type=\"link\" data-id=\"https:\/\/haridusportaal.edu.ee\/koolitused-juhan\/%E2%80%9C%D0%B7%D0%B0%D0%B1%D0%BE%D1%82%D0%BB%D0%B8%D0%B2%D1%8B%D0%B9-%D1%80%D0%BE%D0%B4%D0%B8%D1%82%D0%B5%D0%BB%D1%8C-%E2%80%93-%D1%80%D1%83%D0%BA%D0%B0-%D0%BE%D0%B1-%D1%80%D1%83%D0%BA%D1%83-%D1%81-%D1%80%D0%B5%D0%B1%D1%91%D0%BD%D0%BA%D0%BE%D0%BC-%D0%BD%D0%B0-%D0%B5%D0%B3%D0%BE-%D1%83%D1%87%D0%B5%D0%B1%D0%BD%D0%BE%D0%BC-%D0%BF%D1%83%D1%82%D0%B8%E2%80%9D-koolitusprogramm-toetav-lapsevanem-%E2%80%93-k%C3%A4sik%C3%A4es-lapse-haridusteel-rakvere\/37469414?openBlockTab=detailinfo\">registreerimislink<\/a><\/p>\n\n\n\n<p>Tallinn (Lasnam\u00e4e), 13.05-10.06.2026, <a href=\"https:\/\/haridusportaal.edu.ee\/koolitused-juhan\/%E2%80%9C%D0%B7%D0%B0%D0%B1%D0%BE%D1%82%D0%BB%D0%B8%D0%B2%D1%8B%D0%B9-%D1%80%D0%BE%D0%B4%D0%B8%D1%82%D0%B5%D0%BB%D1%8C-%E2%80%93-%D1%80%D1%83%D0%BA%D0%B0-%D0%BE%D0%B1-%D1%80%D1%83%D0%BA%D1%83-%D1%81-%D1%80%D0%B5%D0%B1%D1%91%D0%BD%D0%BA%D0%BE%D0%BC-%D0%BD%D0%B0-%D0%B5%D0%B3%D0%BE-%D1%83%D1%87%D0%B5%D0%B1%D0%BD%D0%BE%D0%BC-%D0%BF%D1%83%D1%82%D0%B8%E2%80%9D-koolitusprogramm-toetav-lapsevanem-%E2%80%93-k%C3%A4sik%C3%A4es-lapse-haridusteel-tallinnlasnam%C3%A4e\/37469578?openBlockTab=detailinfo#detailne-sisukirjeldus\" data-type=\"link\" data-id=\"https:\/\/haridusportaal.edu.ee\/koolitused-juhan\/%E2%80%9C%D0%B7%D0%B0%D0%B1%D0%BE%D1%82%D0%BB%D0%B8%D0%B2%D1%8B%D0%B9-%D1%80%D0%BE%D0%B4%D0%B8%D1%82%D0%B5%D0%BB%D1%8C-%E2%80%93-%D1%80%D1%83%D0%BA%D0%B0-%D0%BE%D0%B1-%D1%80%D1%83%D0%BA%D1%83-%D1%81-%D1%80%D0%B5%D0%B1%D1%91%D0%BD%D0%BA%D0%BE%D0%BC-%D0%BD%D0%B0-%D0%B5%D0%B3%D0%BE-%D1%83%D1%87%D0%B5%D0%B1%D0%BD%D0%BE%D0%BC-%D0%BF%D1%83%D1%82%D0%B8%E2%80%9D-koolitusprogramm-toetav-lapsevanem-%E2%80%93-k%C3%A4sik%C3%A4es-lapse-haridusteel-tallinnlasnam%C3%A4e\/37469578?openBlockTab=detailinfo#detailne-sisukirjeldus\">registreerimislink<\/a><\/p>\n\n\n\n<p>Programmi raames:&nbsp;<\/p>\n\n\n\n<ul class=\"wp-block-list\">\n<li>tutvume Eesti hariduss\u00fcsteemi viimaste muudatustega ning vanema rolliga lapse toetamisel;&nbsp;<\/li>\n\n\n\n<li>\u00f5pime m\u00e4rkama lapse sotsiaalse ja emotsionaalse arengu erip\u00e4rasid ning pakkuma talle tuge;&nbsp;<\/li>\n\n\n\n<li>saame m\u00e4ngulisi ja praktilisi ideid, kuidas aidata last \u00f5ppimisel ja keele omandamisel kodus.<\/li>\n<\/ul>\n\n\n\n<p><\/p>\n\n\n\n<div class=\"wp-block-buttons is-content-justification-center is-layout-flex wp-container-core-buttons-is-layout-16018d1d wp-block-buttons-is-layout-flex\">\n<div class=\"wp-block-button is-style-outline is-style-outline--1\"><a class=\"wp-block-button__link wp-element-button\" href=\"https:\/\/www.facebook.com\/groups\/opiruum\/permalink\/1886165805278178\/\">Rohkem infot<\/a><\/div>\n<\/div>\n\n\n\n<p><\/p>\n\n\n\n<p><em>Kaasrahastanud \u0160veitsi riik majanduslike ja sotsiaalsete erinevuste v\u00e4hendamiseks Euroopa Liidus.\u202f\u202f<\/em><\/p>","protected":false},"excerpt":{"rendered":"<p>\u0421 17.09.2025 \u043f\u0440\u0438 \u043f\u043e\u0434\u0434\u0435\u0440\u0436\u043a\u0435 \u0160veitsi-Eesti koost\u00f6\u00f6programm \u0438 \u0432 \u0441\u043e\u0442\u0440\u0443\u0434\u043d\u0438\u0447\u0435\u0441\u0442\u0432\u0435 \u0441 HARNO \u0441\u0442\u0430\u0440\u0442\u0443\u0435\u0442 \u0441\u0435\u0440\u0438\u044f \u0443\u0447\u0435\u0431\u043d\u044b\u0445 \u043f\u0440\u043e\u0433\u0440\u0430\u043c\u043c, \u043a\u0430\u0436\u0434\u0430\u044f \u0438\u0437 \u043a\u043e\u0442\u043e\u0440\u044b\u0445 \u0441\u043e\u0441\u0442\u043e\u0438\u0442 \u0438\u0437 [&hellip;]<\/p>\n","protected":false},"author":1,"featured_media":0,"parent":0,"menu_order":0,"comment_status":"closed","ping_status":"closed","template":"","meta":{"footnotes":""},"class_list":["post-2230","page","type-page","status-publish","hentry"],"_links":{"self":[{"href":"https:\/\/keelekymblus.ee\/ee\/wp-json\/wp\/v2\/pages\/2230","targetHints":{"allow":["GET"]}}],"collection":[{"href":"https:\/\/keelekymblus.ee\/ee\/wp-json\/wp\/v2\/pages"}],"about":[{"href":"https:\/\/keelekymblus.ee\/ee\/wp-json\/wp\/v2\/types\/page"}],"author":[{"embeddable":true,"href":"https:\/\/keelekymblus.ee\/ee\/wp-json\/wp\/v2\/users\/1"}],"replies":[{"embeddable":true,"href":"https:\/\/keelekymblus.ee\/ee\/wp-json\/wp\/v2\/comments?post=2230"}],"version-history":[{"count":16,"href":"https:\/\/keelekymblus.ee\/ee\/wp-json\/wp\/v2\/pages\/2230\/revisions"}],"predecessor-version":[{"id":2377,"href":"https:\/\/keelekymblus.ee\/ee\/wp-json\/wp\/v2\/pages\/2230\/revisions\/2377"}],"wp:attachment":[{"href":"https:\/\/keelekymblus.ee\/ee\/wp-json\/wp\/v2\/media?parent=2230"}],"curies":[{"name":"wp","href":"https:\/\/api.w.org\/{rel}","templated":true}]}}