{"id":2218,"date":"2025-08-20T11:26:33","date_gmt":"2025-08-20T11:26:33","guid":{"rendered":"https:\/\/keelekymblus.ee\/?page_id=2218"},"modified":"2026-03-25T10:33:41","modified_gmt":"2026-03-25T10:33:41","slug":"podcastid-youtube-kanalil","status":"publish","type":"page","link":"https:\/\/keelekymblus.ee\/ee\/podcastid-youtube-kanalil\/","title":{"rendered":"Podcast Keelek\u00fcmblus+ meie YouTube kanalil"},"content":{"rendered":"<p>Meie <a href=\"https:\/\/www.youtube.com\/@KEELEK%C3%9CMBLUS\">YouTube kanalil<\/a> Haridus- ja Teadusministeeriumi toetusel oleme hakanud avaldama l\u00fchikesi intervjuusid spetsialistidega \u00f5ppimise ja keelek\u00fcmbluse teemal.<\/p>\n\n\n\n<p>Soovime meeldivat ja harivat vaatamist! Kui Sul on ideid edaspidiseks intervjuudeks, jaga neid julgelt meiega.<\/p>\n\n\n\n<p><strong>KLL: Keelek\u00fcmblus+ (11)<\/strong> <strong>\u0420\u043e\u043b\u044c \u0434\u0438\u0441\u0446\u0438\u043f\u043b\u0438\u043d\u044b \u0432 \u043e\u0431\u0443\u0447\u0435\u043d\u0438\u0438 \u0438 \u0431\u0435\u0437\u043e\u043f\u0430\u0441\u043d\u043e\u0441\u0442\u0438: \u0432\u0437\u0433\u043b\u044f\u0434 \u043c\u043e\u043b\u043e\u0434\u043e\u0433\u043e \u0443\u0447\u0438\u0442\u0435\u043b\u044f<\/strong><\/p>\n\n\n\n<figure class=\"wp-block-embed is-type-video is-provider-youtube wp-block-embed-youtube wp-embed-aspect-16-9 wp-has-aspect-ratio\"><div class=\"wp-block-embed__wrapper\">\n<iframe loading=\"lazy\" title=\"\u0420\u043e\u043b\u044c \u0434\u0438\u0441\u0446\u0438\u043f\u043b\u0438\u043d\u044b \u0432 \u043e\u0431\u0443\u0447\u0435\u043d\u0438\u0438 \u0438 \u0431\u0435\u0437\u043e\u043f\u0430\u0441\u043d\u043e\u0441\u0442\u0438: \u0432\u0437\u0433\u043b\u044f\u0434 \u043c\u043e\u043b\u043e\u0434\u043e\u0433\u043e \u0443\u0447\u0438\u0442\u0435\u043b\u044f. KLL: Keelek\u00fcmblus+ (11)\" width=\"780\" height=\"439\" src=\"https:\/\/www.youtube.com\/embed\/REkY75UeNRA?feature=oembed\" frameborder=\"0\" allow=\"accelerometer; autoplay; clipboard-write; encrypted-media; gyroscope; picture-in-picture; web-share\" referrerpolicy=\"strict-origin-when-cross-origin\" allowfullscreen><\/iframe>\n<\/div><\/figure>\n\n\n\n<p><strong>KLL: Keelek\u00fcmblus+ (10)<\/strong> <strong>\u041e\u0442 \u0440\u0443\u0441\u0441\u043a\u043e\u044f\u0437\u044b\u0447\u043d\u043e\u0439 \u0448\u043a\u043e\u043b\u044b \u043a \u043c\u0435\u0436\u0434\u0443\u043d\u0430\u0440\u043e\u0434\u043d\u043e\u043c\u0443 \u043e\u0431\u0443\u0447\u0435\u043d\u0438\u044e: \u0440\u043e\u043b\u044c \u044d\u0441\u0442\u043e\u043d\u0441\u043a\u043e\u0433\u043e \u044f\u0437\u044b\u043a\u0430<\/strong><\/p>\n\n\n\n<figure class=\"wp-block-embed is-type-video is-provider-youtube wp-block-embed-youtube wp-embed-aspect-16-9 wp-has-aspect-ratio\"><div class=\"wp-block-embed__wrapper\">\n<iframe loading=\"lazy\" title=\"\u041e\u0442 \u0440\u0443\u0441\u0441\u043a\u043e\u044f\u0437\u044b\u0447\u043d\u043e\u0439 \u0448\u043a\u043e\u043b\u044b \u043a \u043c\u0435\u0436\u0434\u0443\u043d\u0430\u0440\u043e\u0434\u043d\u043e\u043c\u0443 \u043e\u0431\u0443\u0447\u0435\u043d\u0438\u044e: \u0440\u043e\u043b\u044c \u044d\u0441\u0442\u043e\u043d\u0441\u043a\u043e\u0433\u043e \u044f\u0437\u044b\u043a\u0430. KLL: Keelek\u00fcmblus+ (10)\" width=\"780\" height=\"439\" src=\"https:\/\/www.youtube.com\/embed\/0ixNUs44AvY?feature=oembed\" frameborder=\"0\" allow=\"accelerometer; autoplay; clipboard-write; encrypted-media; gyroscope; picture-in-picture; web-share\" referrerpolicy=\"strict-origin-when-cross-origin\" allowfullscreen><\/iframe>\n<\/div><\/figure>\n\n\n\n<p><strong>KLL: Keelek\u00fcmblus+ (09)<\/strong> <strong>\u0412\u044b\u043f\u0443\u0441\u043a\u043d\u0438\u0446\u0430 \u043f\u0440\u043e\u0433\u0440\u0430\u043c\u043c\u044b \u044f\u0437\u044b\u043a\u043e\u0432\u043e\u0433\u043e \u043f\u043e\u0433\u0440\u0443\u0436\u0435\u043d\u0438\u044f: \u0440\u043e\u043b\u044c \u043c\u043d\u043e\u0433\u043e\u044f\u0437\u044b\u0447\u0438\u044f \u0432 \u0436\u0438\u0437\u043d\u0438<\/strong><\/p>\n\n\n\n<figure class=\"wp-block-embed is-type-video is-provider-youtube wp-block-embed-youtube wp-embed-aspect-16-9 wp-has-aspect-ratio\"><div class=\"wp-block-embed__wrapper\">\n<iframe loading=\"lazy\" title=\"\u0412\u044b\u043f\u0443\u0441\u043a\u043d\u0438\u0446\u0430 \u043f\u0440\u043e\u0433\u0440\u0430\u043c\u043c\u044b \u044f\u0437\u044b\u043a\u043e\u0432\u043e\u0433\u043e \u043f\u043e\u0433\u0440\u0443\u0436\u0435\u043d\u0438\u044f: \u0440\u043e\u043b\u044c \u043c\u043d\u043e\u0433\u043e\u044f\u0437\u044b\u0447\u0438\u044f \u0432 \u0436\u0438\u0437\u043d\u0438. KLL: Keelekymblus+ (09)\" width=\"780\" height=\"439\" src=\"https:\/\/www.youtube.com\/embed\/3P23YK4jjlw?feature=oembed\" frameborder=\"0\" allow=\"accelerometer; autoplay; clipboard-write; encrypted-media; gyroscope; picture-in-picture; web-share\" referrerpolicy=\"strict-origin-when-cross-origin\" allowfullscreen><\/iframe>\n<\/div><\/figure>\n\n\n\n<p><strong>KLL: Keelek\u00fcmblus+ (08)<\/strong> <strong>\u0420\u043e\u0436\u0434\u0435\u0441\u0442\u0432\u0435\u043d\u0441\u043a\u0438\u0439 \u0432\u044b\u043f\u0443\u0441\u043a: \u0432\u043e\u043b\u043e\u043d\u0442\u0451\u0440\u0441\u0442\u0432\u043e \u0438 \u0434\u043e\u0431\u0440\u044b\u0435 \u0434\u0435\u043b\u0430<\/strong><\/p>\n\n\n\n<figure class=\"wp-block-embed is-type-video is-provider-youtube wp-block-embed-youtube wp-embed-aspect-16-9 wp-has-aspect-ratio\"><div class=\"wp-block-embed__wrapper\">\n<iframe loading=\"lazy\" title=\"\u0420\u043e\u0436\u0434\u0435\u0441\u0442\u0432\u0435\u043d\u0441\u043a\u0438\u0439 \u0432\u044b\u043f\u0443\u0441\u043a: \u0432\u043e\u043b\u043e\u043d\u0442\u0451\u0440\u0441\u0442\u0432\u043e \u0438 \u0434\u043e\u0431\u0440\u044b\u0435 \u0434\u0435\u043b\u0430. KLL: Keelekymblus+ (08)\" width=\"780\" height=\"439\" src=\"https:\/\/www.youtube.com\/embed\/G9POqTyMZd8?feature=oembed\" frameborder=\"0\" allow=\"accelerometer; autoplay; clipboard-write; encrypted-media; gyroscope; picture-in-picture; web-share\" referrerpolicy=\"strict-origin-when-cross-origin\" allowfullscreen><\/iframe>\n<\/div><\/figure>\n\n\n\n<p><strong>KLL: Keelek\u00fcmblus+ (07)<\/strong> <strong>\u041a\u043e\u0433\u0434\u0430 \u043d\u0430\u0447\u0438\u043d\u0430\u0442\u044c \u0443\u0447\u0435\u0431\u0443 \u043d\u0430 \u044d\u0441\u0442\u043e\u043d\u0441\u043a\u043e\u043c &#8212; \u043e\u043f\u044b\u0442 \u0443\u0447\u0435\u043d\u0438\u043a\u0430<\/strong><\/p>\n\n\n\n<figure class=\"wp-block-embed is-type-video is-provider-youtube wp-block-embed-youtube wp-embed-aspect-16-9 wp-has-aspect-ratio\"><div class=\"wp-block-embed__wrapper\">\n<iframe loading=\"lazy\" title=\"\u041a\u043e\u0433\u0434\u0430 \u043d\u0430\u0447\u0438\u043d\u0430\u0442\u044c \u0443\u0447\u0451\u0431\u0443 \u043d\u0430 \u044d\u0441\u0442\u043e\u043d\u0441\u043a\u043e\u043c \u2014 \u043e\u043f\u044b\u0442 \u0443\u0447\u0435\u043d\u0438\u043a\u0430. KLL: Keelekymblus+ (07)\" width=\"780\" height=\"439\" src=\"https:\/\/www.youtube.com\/embed\/dkoDc-t4G5s?feature=oembed\" frameborder=\"0\" allow=\"accelerometer; autoplay; clipboard-write; encrypted-media; gyroscope; picture-in-picture; web-share\" referrerpolicy=\"strict-origin-when-cross-origin\" allowfullscreen><\/iframe>\n<\/div><\/figure>\n\n\n\n<p><strong>KLL: Keelek\u00fcmblus+ (06)<\/strong> <strong>\u041e\u043f\u044b\u0442 \u0440\u043e\u0434\u0438\u0442\u0435\u043b\u044f: \u043f\u0443\u0442\u044c \u0441\u0435\u043c\u044c\u0438 \u0432 \u044f\u0437\u044b\u043a\u043e\u0432\u043e\u043c \u043f\u043e\u0433\u0440\u0443\u0436\u0435\u043d\u0438\u0438<\/strong><\/p>\n\n\n\n<figure class=\"wp-block-embed is-type-video is-provider-youtube wp-block-embed-youtube wp-embed-aspect-16-9 wp-has-aspect-ratio\"><div class=\"wp-block-embed__wrapper\">\n<iframe loading=\"lazy\" title=\"\u041e\u043f\u044b\u0442 \u0440\u043e\u0434\u0438\u0442\u0435\u043b\u044f: \u043f\u0443\u0442\u044c \u0441\u0435\u043c\u044c\u0438 \u0432 \u044f\u0437\u044b\u043a\u043e\u0432\u043e\u043c \u043f\u043e\u0433\u0440\u0443\u0436\u0435\u043d\u0438\u0438. KLL: Keelekymblus+ (06)\" width=\"780\" height=\"439\" src=\"https:\/\/www.youtube.com\/embed\/HtnrutxBan0?feature=oembed\" frameborder=\"0\" allow=\"accelerometer; autoplay; clipboard-write; encrypted-media; gyroscope; picture-in-picture; web-share\" referrerpolicy=\"strict-origin-when-cross-origin\" allowfullscreen><\/iframe>\n<\/div><\/figure>\n\n\n\n<p class=\"style-scope ytd-watch-metadata\"><strong>KLL: Keelek\u00fcmblus+ (05)<\/strong> <strong>\u041c\u043d\u043e\u0433\u043e\u044f\u0437\u044b\u0447\u0438\u0435 \u0438 \u0440\u0435\u0447\u0435\u0432\u043e\u0435 \u0440\u0430\u0437\u0432\u0438\u0442\u0438\u0435 \u0440\u0435\u0431\u0451\u043d\u043a\u0430: \u0432\u0437\u0433\u043b\u044f\u0434 \u043a\u043b\u0438\u043d\u0438\u0447\u0435\u0441\u043a\u043e\u0433\u043e \u043b\u043e\u0433\u043e\u043f\u0435\u0434\u0430<\/strong><\/p>\n\n\n\n<figure class=\"wp-block-embed is-type-video is-provider-youtube wp-block-embed-youtube wp-embed-aspect-16-9 wp-has-aspect-ratio\"><div class=\"wp-block-embed__wrapper\">\n<iframe loading=\"lazy\" title=\"\u041c\u043d\u043e\u0433\u043e\u044f\u0437\u044b\u0447\u0438\u0435 \u0438 \u0440\u0435\u0447\u0435\u0432\u043e\u0435 \u0440\u0430\u0437\u0432\u0438\u0442\u0438\u0435 \u0440\u0435\u0431\u0451\u043d\u043a\u0430: \u0432\u0437\u0433\u043b\u044f\u0434 \u043a\u043b\u0438\u043d\u0438\u0447\u0435\u0441\u043a\u043e\u0433\u043e \u043b\u043e\u0433\u043e\u043f\u0435\u0434\u0430.  KLL: Keelekymblus+ (05)\" width=\"780\" height=\"439\" src=\"https:\/\/www.youtube.com\/embed\/DvEmNyemsF0?feature=oembed\" frameborder=\"0\" allow=\"accelerometer; autoplay; clipboard-write; encrypted-media; gyroscope; picture-in-picture; web-share\" referrerpolicy=\"strict-origin-when-cross-origin\" allowfullscreen><\/iframe>\n<\/div><\/figure>\n\n\n\n<p class=\"style-scope ytd-watch-metadata\"><strong>KLL: Keelek\u00fcmblus+ (04) \u041f\u0440\u043e\u0444\u043e\u0431\u0440\u0430\u0437\u043e\u0432\u0430\u043d\u0438\u0435 \u0438 \u043f\u0435\u0440\u0435\u0445\u043e\u0434 \u043d\u0430 \u044d\u0441\u0442\u043e\u043d\u043e\u044f\u0437\u044b\u0447\u043d\u043e\u0435 \u043e\u0431\u0443\u0447\u0435\u043d\u0438\u0435. \u041e\u0442\u0432\u0435\u0442\u044b \u043f\u0440\u0430\u043a\u0442\u0438\u043a\u0430<\/strong><\/p>\n\n\n\n<figure class=\"wp-block-embed is-type-video is-provider-youtube wp-block-embed-youtube wp-embed-aspect-16-9 wp-has-aspect-ratio\"><div class=\"wp-block-embed__wrapper\">\n<iframe loading=\"lazy\" title=\"\u041f\u0440\u043e\u0444\u043e\u0431\u0440\u0430\u0437\u043e\u0432\u0430\u043d\u0438\u0435 \u0438 \u043f\u0435\u0440\u0435\u0445\u043e\u0434 \u043d\u0430 \u044d\u0441\u0442\u043e\u043d\u043e\u044f\u0437\u044b\u0447\u043d\u043e\u0435 \u043e\u0431\u0443\u0447\u0435\u043d\u0438\u0435. \u041e\u0442\u0432\u0435\u0442\u044b \u043f\u0440\u0430\u043a\u0442\u0438\u043a\u0430. KLL: Keelekymblus+ (04)\" width=\"780\" height=\"439\" src=\"https:\/\/www.youtube.com\/embed\/Zb4TeuflfCk?feature=oembed\" frameborder=\"0\" allow=\"accelerometer; autoplay; clipboard-write; encrypted-media; gyroscope; picture-in-picture; web-share\" referrerpolicy=\"strict-origin-when-cross-origin\" allowfullscreen><\/iframe>\n<\/div><\/figure>\n\n\n\n<p class=\"style-scope ytd-watch-metadata\"><strong>KLL: Keelek\u00fcmblus+ (03) \u041e\u043f\u044b\u0442 \u043f\u0435\u0434\u0430\u0433\u043e\u0433\u0430: \u043f\u0435\u0440\u0432\u044b\u0439 \u0433\u043e\u0434 \u043e\u0431\u0443\u0447\u0435\u043d\u0438\u044f \u043d\u0430 \u044d\u0441\u0442\u043e\u043d\u0441\u043a\u043e\u043c \u043f\u043e \u043e\u0431\u043b\u0435\u0433\u0447\u0451\u043d\u043d\u043e\u0439 \u043f\u0440\u043e\u0433\u0440\u0430\u043c\u043c\u0435.\u00a0<\/strong><\/p>\n\n\n\n<figure class=\"wp-block-embed is-type-video is-provider-youtube wp-block-embed-youtube wp-embed-aspect-16-9 wp-has-aspect-ratio\"><div class=\"wp-block-embed__wrapper\">\n<iframe loading=\"lazy\" title=\"\u041e\u043f\u044b\u0442 \u043f\u0435\u0434\u0430\u0433\u043e\u0433\u0430: \u043f\u0435\u0440\u0432\u044b\u0439 \u0433\u043e\u0434 \u043e\u0431\u0443\u0447\u0435\u043d\u0438\u044f \u043d\u0430 \u044d\u0441\u0442\u043e\u043d\u0441\u043a\u043e\u043c \u043f\u043e \u043e\u0431\u043b\u0435\u0433\u0447\u0451\u043d\u043d\u043e\u0439 \u043f\u0440\u043e\u0433\u0440\u0430\u043c\u043c\u0435. KLL: Keelekymblus+ (03)\" width=\"780\" height=\"439\" src=\"https:\/\/www.youtube.com\/embed\/9E0ZjIxPQ-A?feature=oembed\" frameborder=\"0\" allow=\"accelerometer; autoplay; clipboard-write; encrypted-media; gyroscope; picture-in-picture; web-share\" referrerpolicy=\"strict-origin-when-cross-origin\" allowfullscreen><\/iframe>\n<\/div><\/figure>\n\n\n\n<p><strong>KLL: Keelek\u00fcmblus+ (02)<\/strong> <strong>Esimese \u00fcleminekuaasta kokkuv\u00f5te ja \u00f5ppetunnid<\/strong><\/p>\n\n\n\n<figure class=\"wp-block-embed is-type-video is-provider-youtube wp-block-embed-youtube wp-embed-aspect-16-9 wp-has-aspect-ratio\"><div class=\"wp-block-embed__wrapper\">\n<iframe loading=\"lazy\" title=\"\u0418\u0442\u043e\u0433\u0438 \u0438 \u0443\u0440\u043e\u043a\u0438 \u043f\u0435\u0440\u0432\u043e\u0433\u043e \u0433\u043e\u0434\u0430 \u043f\u0435\u0440\u0435\u0445\u043e\u0434\u0430. KLL: Keelekymblus+ (02)\" width=\"780\" height=\"439\" src=\"https:\/\/www.youtube.com\/embed\/QxULWpfyReQ?feature=oembed\" frameborder=\"0\" allow=\"accelerometer; autoplay; clipboard-write; encrypted-media; gyroscope; picture-in-picture; web-share\" referrerpolicy=\"strict-origin-when-cross-origin\" allowfullscreen><\/iframe>\n<\/div><\/figure>\n\n\n\n<p><strong>KLL: Keelek\u00fcmblus+ (01)<\/strong> <strong>Ettevalmistus esimeseks klassiks: mida vanemad saavad suvel teha?<\/strong><\/p>\n\n\n\n<figure class=\"wp-block-embed is-type-video is-provider-youtube wp-block-embed-youtube wp-embed-aspect-16-9 wp-has-aspect-ratio\"><div class=\"wp-block-embed__wrapper\">\n<iframe loading=\"lazy\" title=\"\u041f\u043e\u0434\u0433\u043e\u0442\u043e\u0432\u043a\u0430 \u043a \u043f\u0435\u0440\u0432\u043e\u043c\u0443 \u043a\u043b\u0430\u0441\u0441\u0443. \u0427\u0442\u043e \u0440\u043e\u0434\u0438\u0442\u0435\u043b\u0438 \u043c\u043e\u0433\u0443\u0442 \u0441\u0434\u0435\u043b\u0430\u0442\u044c \u0437\u0430 \u043b\u0435\u0442\u043e. KLL: Keelek\u00fcmblus+ (01)\" width=\"780\" height=\"439\" src=\"https:\/\/www.youtube.com\/embed\/XWX_LyoRxow?feature=oembed\" frameborder=\"0\" allow=\"accelerometer; autoplay; clipboard-write; encrypted-media; gyroscope; picture-in-picture; web-share\" referrerpolicy=\"strict-origin-when-cross-origin\" allowfullscreen><\/iframe>\n<\/div><\/figure>","protected":false},"excerpt":{"rendered":"<p>\u041d\u0430 \u043d\u0430\u0448\u0435\u043c \u043a\u0430\u043d\u0430\u043b\u0435 \u0432 YouTube \u043f\u0440\u0438 \u043f\u043e\u0434\u0434\u0435\u0440\u0436\u043a\u0435 \u041c\u0438\u043d\u0438\u0441\u0442\u0435\u0440\u0441\u0442\u0432\u0430 \u043e\u0431\u0440\u0430\u0437\u043e\u0432\u0430\u043d\u0438\u044f \u0438 \u043d\u0430\u0443\u043a\u0438 \u043c\u044b \u043d\u0430\u0447\u0430\u043b\u0438 \u043f\u0443\u0431\u043b\u0438\u043a\u043e\u0432\u0430\u0442\u044c \u0441\u0435\u0440\u0438\u044e \u043a\u043e\u0440\u043e\u0442\u043a\u0438\u0445 \u0438\u043d\u0442\u0435\u0440\u0432\u044c\u044e \u0441\u043e \u0441\u043f\u0435\u0446\u0438\u0430\u043b\u0438\u0441\u0442\u0430\u043c\u0438 \u043d\u0430 [&hellip;]<\/p>\n","protected":false},"author":1,"featured_media":0,"parent":0,"menu_order":0,"comment_status":"closed","ping_status":"closed","template":"","meta":{"footnotes":""},"class_list":["post-2218","page","type-page","status-publish","hentry"],"_links":{"self":[{"href":"https:\/\/keelekymblus.ee\/ee\/wp-json\/wp\/v2\/pages\/2218","targetHints":{"allow":["GET"]}}],"collection":[{"href":"https:\/\/keelekymblus.ee\/ee\/wp-json\/wp\/v2\/pages"}],"about":[{"href":"https:\/\/keelekymblus.ee\/ee\/wp-json\/wp\/v2\/types\/page"}],"author":[{"embeddable":true,"href":"https:\/\/keelekymblus.ee\/ee\/wp-json\/wp\/v2\/users\/1"}],"replies":[{"embeddable":true,"href":"https:\/\/keelekymblus.ee\/ee\/wp-json\/wp\/v2\/comments?post=2218"}],"version-history":[{"count":7,"href":"https:\/\/keelekymblus.ee\/ee\/wp-json\/wp\/v2\/pages\/2218\/revisions"}],"predecessor-version":[{"id":2375,"href":"https:\/\/keelekymblus.ee\/ee\/wp-json\/wp\/v2\/pages\/2218\/revisions\/2375"}],"wp:attachment":[{"href":"https:\/\/keelekymblus.ee\/ee\/wp-json\/wp\/v2\/media?parent=2218"}],"curies":[{"name":"wp","href":"https:\/\/api.w.org\/{rel}","templated":true}]}}