{"id":2195,"date":"2025-08-06T16:25:00","date_gmt":"2025-08-06T16:25:00","guid":{"rendered":"https:\/\/keelekymblus.ee\/?page_id=2195"},"modified":"2025-11-17T11:25:35","modified_gmt":"2025-11-17T11:25:35","slug":"infotund-29-08-2025","status":"publish","type":"page","link":"https:\/\/keelekymblus.ee\/ee\/infotund-29-08-2025\/","title":{"rendered":"Infotund 29.08.2025 Emakeel ja eestikeelne koolikeskkond"},"content":{"rendered":"<figure class=\"wp-block-image size-large\"><img loading=\"lazy\" decoding=\"async\" width=\"1024\" height=\"370\" src=\"https:\/\/keelekymblus.ee\/wp-content\/uploads\/2025\/08\/pilt-kodukale-1024x370.jpg\" alt=\"\" class=\"wp-image-2196\" srcset=\"https:\/\/keelekymblus.ee\/wp-content\/uploads\/2025\/08\/pilt-kodukale-1024x370.jpg 1024w, https:\/\/keelekymblus.ee\/wp-content\/uploads\/2025\/08\/pilt-kodukale-300x108.jpg 300w, https:\/\/keelekymblus.ee\/wp-content\/uploads\/2025\/08\/pilt-kodukale-768x278.jpg 768w, https:\/\/keelekymblus.ee\/wp-content\/uploads\/2025\/08\/pilt-kodukale-1536x555.jpg 1536w, https:\/\/keelekymblus.ee\/wp-content\/uploads\/2025\/08\/pilt-kodukale-2048x740.jpg 2048w, https:\/\/keelekymblus.ee\/wp-content\/uploads\/2025\/08\/pilt-kodukale-18x7.jpg 18w\" sizes=\"auto, (max-width: 1024px) 100vw, 1024px\" \/><\/figure>\n\n\n<p><span style=\"font-weight: 400;\">\u00dcleminek eestikeelsele haridusele on oluline etapp lapse ja kogu pere elus. Kuidas seejuures s\u00e4ilitada ja arendada lapse emakeelt, kaotamata selle rolli m\u00f5tlemise, emotsionaalse ja k\u00f5ne arengu kujunemisel?<\/span><\/p>\n<p><span style=\"font-weight: 400;\">29.08.2025, \u0441 17:00 \u0434\u043e 19:00 \u043d\u0430 \u0438\u043d\u0444\u043e\u0447\u0430\u0441\u0435 \u00ab\u0420\u043e\u0434\u043d\u043e\u0439 \u044f\u0437\u044b\u043a \u0438 \u044d\u0441\u0442\u043e\u043d\u043e\u044f\u0437\u044b\u0447\u043d\u0430\u044f \u0448\u043a\u043e\u043b\u044c\u043d\u0430\u044f \u0441\u0440\u0435\u0434\u0430\u00bb \u043a\u043b\u0438\u043d\u0438\u0447\u0435\u0441\u043a\u0438\u0439 \u043b\u043e\u0433\u043e\u043f\u0435\u0434 \u0418\u0440\u0438\u043d\u0430 \u0411\u0430\u043b\u0430\u0431\u0430\u043d\u043e\u0432\u0430 \u0440\u0430\u0441\u0441\u043a\u0430\u0437\u0430\u043b\u0430, \u043f\u043e\u0447\u0435\u043c\u0443 \u0432\u0430\u0436\u043d\u043e \u043f\u043e\u0434\u0434\u0435\u0440\u0436\u0438\u0432\u0430\u0442\u044c \u0440\u043e\u0434\u043d\u0443\u044e \u0440\u0435\u0447\u044c, \u043a\u0430\u043a \u044d\u0442\u043e \u0432\u043b\u0438\u044f\u0435\u0442 \u043d\u0430 \u043e\u0431\u0449\u0435\u0435 \u0440\u0430\u0437\u0432\u0438\u0442\u0438\u0435 \u0440\u0435\u0431\u0451\u043d\u043a\u0430, \u0438 \u043f\u0440\u0435\u0434\u043b\u043e\u0436\u0438\u0442 \u043f\u0440\u0430\u043a\u0442\u0438\u0447\u0435\u0441\u043a\u0438\u0435 \u0440\u0435\u043a\u043e\u043c\u0435\u043d\u0434\u0430\u0446\u0438\u0438 \u0434\u043b\u044f \u0440\u043e\u0434\u0438\u0442\u0435\u043b\u0435\u0439.\u00a0<\/span><\/p>\n<p><span style=\"font-weight: 400;\">\u0422\u0430\u043a\u0436\u0435 \u043e\u0431\u0441\u0443\u0434\u0438\u043b\u0438, \u043a\u0430\u043a \u043c\u043e\u0436\u043d\u043e \u0441\u043e\u0437\u0434\u0430\u0442\u044c \u0431\u043b\u0430\u0433\u043e\u043f\u0440\u0438\u044f\u0442\u043d\u0443\u044e \u044f\u0437\u044b\u043a\u043e\u0432\u0443\u044e \u0441\u0440\u0435\u0434\u0443 \u0434\u043e\u043c\u0430 \u0438 \u043d\u0430 \u0447\u0442\u043e \u0441\u0442\u043e\u0438\u0442 \u043e\u0431\u0440\u0430\u0442\u0438\u0442\u044c \u0432\u043d\u0438\u043c\u0430\u043d\u0438\u0435 \u0432 \u043f\u043e\u0432\u0441\u0435\u0434\u043d\u0435\u0432\u043d\u043e\u043c \u043e\u0431\u0449\u0435\u043d\u0438\u0438.<\/span><\/p>\n<p>Infotund toimus h\u00fcbriidformaadis \u2014 nii\u00a0<strong>veebis (Google Meet)<\/strong>, kui ka kohapeal <span style=\"font-weight: 400;\">Tallinnas <\/span><a href=\"https:\/\/www.arsfactory.ee\/kontakt\"><span style=\"font-weight: 400;\">ARS Kunstilinnak<\/span><\/a><span style=\"font-weight: 400;\">, auditoorium 98.<\/span><\/p>\n\n\n<figure class=\"wp-block-embed is-type-video is-provider-youtube wp-block-embed-youtube wp-embed-aspect-16-9 wp-has-aspect-ratio\"><div class=\"wp-block-embed__wrapper\">\n<iframe loading=\"lazy\" title=\"&quot;\u0420\u043e\u0434\u043d\u043e\u0439 \u044f\u0437\u044b\u043a \u0438 \u044d\u0441\u0442\u043e\u043d\u043e\u044f\u0437\u044b\u0447\u043d\u0430\u044f \u0448\u043a\u043e\u043b\u044c\u043d\u0430\u044f \u0441\u0440\u0435\u0434\u0430&quot;\" width=\"780\" height=\"439\" src=\"https:\/\/www.youtube.com\/embed\/ogsNCvhEOro?feature=oembed\" frameborder=\"0\" allow=\"accelerometer; autoplay; clipboard-write; encrypted-media; gyroscope; picture-in-picture; web-share\" referrerpolicy=\"strict-origin-when-cross-origin\" allowfullscreen><\/iframe>\n<\/div><\/figure>\n\n\n\n<p><\/p>\n\n\n\n<p><strong><em>\u00dcritus on toimunud Haridus- ja teadusministeeriumi toel<\/em><\/strong><\/p>\n\n\n\n<p><\/p>","protected":false},"excerpt":{"rendered":"<p>\u041f\u0435\u0440\u0435\u0445\u043e\u0434 \u043d\u0430 \u044d\u0441\u0442\u043e\u043d\u043e\u044f\u0437\u044b\u0447\u043d\u043e\u0435 \u043e\u0431\u0440\u0430\u0437\u043e\u0432\u0430\u043d\u0438\u0435 \u2014 \u0432\u0430\u0436\u043d\u044b\u0439 \u044d\u0442\u0430\u043f \u0432 \u0436\u0438\u0437\u043d\u0438 \u0440\u0435\u0431\u0451\u043d\u043a\u0430 \u0438 \u0432\u0441\u0435\u0439 \u0441\u0435\u043c\u044c\u0438. \u041a\u0430\u043a \u043f\u0440\u0438 \u044d\u0442\u043e\u043c \u0441\u043e\u0445\u0440\u0430\u043d\u0438\u0442\u044c \u0438 \u0440\u0430\u0437\u0432\u0438\u0432\u0430\u0442\u044c \u0440\u043e\u0434\u043d\u043e\u0439 [&hellip;]<\/p>\n","protected":false},"author":1,"featured_media":0,"parent":0,"menu_order":0,"comment_status":"closed","ping_status":"closed","template":"","meta":{"footnotes":""},"class_list":["post-2195","page","type-page","status-publish","hentry"],"_links":{"self":[{"href":"https:\/\/keelekymblus.ee\/ee\/wp-json\/wp\/v2\/pages\/2195","targetHints":{"allow":["GET"]}}],"collection":[{"href":"https:\/\/keelekymblus.ee\/ee\/wp-json\/wp\/v2\/pages"}],"about":[{"href":"https:\/\/keelekymblus.ee\/ee\/wp-json\/wp\/v2\/types\/page"}],"author":[{"embeddable":true,"href":"https:\/\/keelekymblus.ee\/ee\/wp-json\/wp\/v2\/users\/1"}],"replies":[{"embeddable":true,"href":"https:\/\/keelekymblus.ee\/ee\/wp-json\/wp\/v2\/comments?post=2195"}],"version-history":[{"count":11,"href":"https:\/\/keelekymblus.ee\/ee\/wp-json\/wp\/v2\/pages\/2195\/revisions"}],"predecessor-version":[{"id":2278,"href":"https:\/\/keelekymblus.ee\/ee\/wp-json\/wp\/v2\/pages\/2195\/revisions\/2278"}],"wp:attachment":[{"href":"https:\/\/keelekymblus.ee\/ee\/wp-json\/wp\/v2\/media?parent=2195"}],"curies":[{"name":"wp","href":"https:\/\/api.w.org\/{rel}","templated":true}]}}