{"id":2156,"date":"2025-05-07T08:19:28","date_gmt":"2025-05-07T08:19:28","guid":{"rendered":"https:\/\/keelekymblus.ee\/?page_id=2156"},"modified":"2025-06-03T10:24:09","modified_gmt":"2025-06-03T10:24:09","slug":"infotund-31-05-2025","status":"publish","type":"page","link":"https:\/\/keelekymblus.ee\/ee\/infotund-31-05-2025\/","title":{"rendered":"Infotund 31.05.2025 \u201eSuvevaheaeg \u2014 puhkus v\u00f5i osa \u00fcleminekust?\u201c"},"content":{"rendered":"<figure class=\"wp-block-image size-large\"><img loading=\"lazy\" decoding=\"async\" width=\"1024\" height=\"368\" src=\"https:\/\/keelekymblus.ee\/wp-content\/uploads\/2025\/05\/kids-reading-books-with-copy-space-1024x368.jpg\" alt=\"\" class=\"wp-image-2150\" srcset=\"https:\/\/keelekymblus.ee\/wp-content\/uploads\/2025\/05\/kids-reading-books-with-copy-space-1024x368.jpg 1024w, https:\/\/keelekymblus.ee\/wp-content\/uploads\/2025\/05\/kids-reading-books-with-copy-space-300x108.jpg 300w, https:\/\/keelekymblus.ee\/wp-content\/uploads\/2025\/05\/kids-reading-books-with-copy-space-768x276.jpg 768w, https:\/\/keelekymblus.ee\/wp-content\/uploads\/2025\/05\/kids-reading-books-with-copy-space-1536x552.jpg 1536w, https:\/\/keelekymblus.ee\/wp-content\/uploads\/2025\/05\/kids-reading-books-with-copy-space-2048x735.jpg 2048w, https:\/\/keelekymblus.ee\/wp-content\/uploads\/2025\/05\/kids-reading-books-with-copy-space-18x6.jpg 18w\" sizes=\"auto, (max-width: 1024px) 100vw, 1024px\" \/><\/figure>\n\n\n\n<p>\u00d5ppeaasta l\u00f5pp on l\u00e4henemas \u2013 see on kauaoodatud hetk nii lastele kui ka vanematele. Kuid kuidas s\u00e4ilitada suvise kolme kuu jooksul teadmised, mis on omandatud ilmselt k\u00f5ige keerulisemal esimesel aastal eestikeelsele haridusele \u00fcleminekul, ning neid isegi t\u00e4iendada, valmistudes j\u00e4rgmiseks etapiks? Kas on v\u00f5imalik \u00fchendada puhkus ja \u00f5ppimine nii, et see oleks kasulik ja nauditav?<\/p>\n\n\n\n<p class=\"translation-block\">Sellest ning sellest, kuidas valmistada t\u00e4navusi lasteaia l\u00f5petajaid esimeseks klassiks, r\u00e4\u00e4gime <strong>31.05.2025 12.00-14.00 <\/strong> infotunnis \u201eSuvevaheaeg \u2014 puhkus v\u00f5i osa \u00fcleminekust?\u201c. Infotundi viib l\u00e4bi Svetlana Udras \u2014 KLL-i juhatuse liige, oma p\u00f5hit\u00f6\u00f6na HEV-koordinaator, samuti v\u00e4ikeklassi \u00f5petaja ja eripedagoog.<\/p>\n\n\n\n<p>Infotund toimus h\u00fcbriidformaadis \u2014 nii\u00a0<strong>veebis (Google Meet)<\/strong>, kui ka kohapeal <strong>J\u00f5hvis aadressil Kutse tn 13 (Ida-Virumaa Kutsehariduskeskus)<\/strong>.<\/p>\n\n\n\n<h5 class=\"wp-block-heading\"><strong>Slaidid saab alla laadida<a href=\"https:\/\/keelekymblus.ee\/wp-content\/uploads\/2025\/06\/Letnie-kanikuly-otdyh-ili-chast-perehoda.pdf\"> siin<\/a><\/strong>.<\/h5>\n\n\n\n<blockquote class=\"wp-block-quote has-text-align-center is-layout-flow wp-block-quote-is-layout-flow\">\n<p><\/p>\n<\/blockquote>\n\n\n\n<figure class=\"wp-block-embed is-type-video is-provider-youtube wp-block-embed-youtube wp-embed-aspect-16-9 wp-has-aspect-ratio\"><div class=\"wp-block-embed__wrapper\">\n<iframe loading=\"lazy\" title=\"&quot;\u041b\u0435\u0442\u043d\u0438\u0435 \u043a\u0430\u043d\u0438\u043a\u0443\u043b\u044b \u2014 \u043e\u0442\u0434\u044b\u0445 \u0438\u043b\u0438 \u0447\u0430\u0441\u0442\u044c \u043f\u0435\u0440\u0435\u0445\u043e\u0434\u0430?&quot;\" width=\"780\" height=\"439\" src=\"https:\/\/www.youtube.com\/embed\/72DEniH_IR8?feature=oembed\" frameborder=\"0\" allow=\"accelerometer; autoplay; clipboard-write; encrypted-media; gyroscope; picture-in-picture; web-share\" referrerpolicy=\"strict-origin-when-cross-origin\" allowfullscreen><\/iframe>\n<\/div><\/figure>\n\n\n\n<p><\/p>\n\n\n\n<p class=\"has-text-align-center\"><\/p>\n\n\n\n<hr class=\"wp-block-separator has-alpha-channel-opacity\"\/>\n\n\n\n<p class=\"has-text-align-center\"><em><strong>\u00dcritus on toimunud Haridus- ja teadusministeeriumi toel<\/strong><\/em>.<\/p>\n\n\n\n<p><\/p>","protected":false},"excerpt":{"rendered":"<p>\u041f\u0440\u0438\u0431\u043b\u0438\u0436\u0430\u0435\u0442\u0441\u044f \u043a\u043e\u043d\u0435\u0446 \u0443\u0447\u0435\u0431\u043d\u043e\u0433\u043e \u0433\u043e\u0434\u0430 \u2014 \u0434\u043e\u043b\u0433\u043e\u0436\u0434\u0430\u043d\u043d\u044b\u0439 \u043c\u043e\u043c\u0435\u043d\u0442 \u043a\u0430\u043a \u0434\u043b\u044f \u0434\u0435\u0442\u0435\u0439, \u0442\u0430\u043a \u0438 \u0434\u043b\u044f \u0440\u043e\u0434\u0438\u0442\u0435\u043b\u0435\u0439. \u041d\u043e \u043a\u0430\u043a \u0437\u0430 \u0442\u0440\u0438 \u043b\u0435\u0442\u043d\u0438\u0445 \u043c\u0435\u0441\u044f\u0446\u0430 [&hellip;]<\/p>\n","protected":false},"author":1,"featured_media":0,"parent":0,"menu_order":0,"comment_status":"closed","ping_status":"closed","template":"","meta":{"footnotes":""},"class_list":["post-2156","page","type-page","status-publish","hentry"],"_links":{"self":[{"href":"https:\/\/keelekymblus.ee\/ee\/wp-json\/wp\/v2\/pages\/2156","targetHints":{"allow":["GET"]}}],"collection":[{"href":"https:\/\/keelekymblus.ee\/ee\/wp-json\/wp\/v2\/pages"}],"about":[{"href":"https:\/\/keelekymblus.ee\/ee\/wp-json\/wp\/v2\/types\/page"}],"author":[{"embeddable":true,"href":"https:\/\/keelekymblus.ee\/ee\/wp-json\/wp\/v2\/users\/1"}],"replies":[{"embeddable":true,"href":"https:\/\/keelekymblus.ee\/ee\/wp-json\/wp\/v2\/comments?post=2156"}],"version-history":[{"count":8,"href":"https:\/\/keelekymblus.ee\/ee\/wp-json\/wp\/v2\/pages\/2156\/revisions"}],"predecessor-version":[{"id":2204,"href":"https:\/\/keelekymblus.ee\/ee\/wp-json\/wp\/v2\/pages\/2156\/revisions\/2204"}],"wp:attachment":[{"href":"https:\/\/keelekymblus.ee\/ee\/wp-json\/wp\/v2\/media?parent=2156"}],"curies":[{"name":"wp","href":"https:\/\/api.w.org\/{rel}","templated":true}]}}