{"id":2105,"date":"2025-03-10T17:47:05","date_gmt":"2025-03-10T17:47:05","guid":{"rendered":"https:\/\/keelekymblus.ee\/?page_id=2105"},"modified":"2025-06-03T10:36:52","modified_gmt":"2025-06-03T10:36:52","slug":"kohtumine-04-04-2025","status":"publish","type":"page","link":"https:\/\/keelekymblus.ee\/ee\/yritused\/kohtumine-04-04-2025\/","title":{"rendered":"Infotund 04.04.2025 \u201eKuidas valmistada last ette eestikeelseks \u00f5ppeks koolis?\u201c"},"content":{"rendered":"<figure class=\"wp-block-image size-large\"><img loading=\"lazy\" decoding=\"async\" width=\"1024\" height=\"370\" src=\"https:\/\/keelekymblus.ee\/wp-content\/uploads\/2025\/03\/oblozhka-stranicy-KLL-1536x555-1-1024x370.jpg\" alt=\"\" class=\"wp-image-2107\" srcset=\"https:\/\/keelekymblus.ee\/wp-content\/uploads\/2025\/03\/oblozhka-stranicy-KLL-1536x555-1-1024x370.jpg 1024w, https:\/\/keelekymblus.ee\/wp-content\/uploads\/2025\/03\/oblozhka-stranicy-KLL-1536x555-1-300x108.jpg 300w, https:\/\/keelekymblus.ee\/wp-content\/uploads\/2025\/03\/oblozhka-stranicy-KLL-1536x555-1-768x278.jpg 768w, https:\/\/keelekymblus.ee\/wp-content\/uploads\/2025\/03\/oblozhka-stranicy-KLL-1536x555-1-18x7.jpg 18w, https:\/\/keelekymblus.ee\/wp-content\/uploads\/2025\/03\/oblozhka-stranicy-KLL-1536x555-1.jpg 1536w\" sizes=\"auto, (max-width: 1024px) 100vw, 1024px\" \/><\/figure>\n\n\n\n<p>Kevad \u00e4ratab ellu mitte ainult looduse, vaid ka Liidu tegevuse!<\/p>\n\n\n\n<p class=\"translation-block\">Aasta tagasi sai KLLi peamiseks tegevussuunaks vanemate toetamine eestikeelsele \u00f5ppele \u00fcleminekul. See \u00e4\u00e4rmiselt oluline teema on \u00fchel v\u00f5i teisel moel kajastub k\u00f5igis meie korraldatud \u00fcritustes. Meil on hea meel teatada, et v\u00e4hem kui kuu aja p\u00e4rast \u2013 t\u00e4psemalt 04.04.2025 kell 17:30 \u2013 ootame teid infotunnile Jelena Burovaga, raamatu \u201eMargarita ja tema kakskeelne maailm\u201c autoriga. Raamatust saab l\u00e4hemalt lugeda <strong><a href=\"https:\/\/keelekymblus.ee\/ee\/margarita-book\/.\" target=\"_self\">meie veebilehel<\/a>.<\/strong><\/p>\n\n\n\n<p>Infotund \u201eKuidas valmistada last ette eestikeelseks \u00f5ppeks koolis?\u201c on suunatud eelk\u00f5ige koolieelikute vanematele. Jelena jagab oma isikliku kogemuse p\u00f5hjal, kuidas meie, vanemad, kipume asju keeruliseks m\u00f5tlema, samas kui v\u00e4ikesed lapsed keelekeskkonnas kohanevad oma mitmekeelse maailmaga loomulikult ja sujuvalt.<\/p>\n\n\n\n<p>See kauaoodatud kohtumine (mida oleme oodanud alates raamatu ilmumisest!) on toimunud meie pikaajalise ja toreda partneri Keelekeskus GAME ruumides. <a href=\"http:\/\/gamekeskus.ee\"><strong>Keelekeskus GAME<\/strong><\/a>.<\/p>\n\n\n\n<p>Infotund toimus h\u00fcbriidformaadis \u2014 nii <strong>veebis (Google Meet)<\/strong>, kui ka kohapeal &nbsp;<strong>Tatari 64 (\u0422\u0430\u043b\u043b\u0438\u043d\u043d)<\/strong>. <\/p>\n\n\n\n<p>Infotunni videosalvestuse vaadake meie<strong> <a href=\"https:\/\/www.youtube.com\/watch?v=B-51vvWgM9o\" data-type=\"link\" data-id=\"https:\/\/www.youtube.com\/watch?v=B-51vvWgM9o\">YouTube kanalil.<\/a><\/strong><\/p>\n\n\n\n<figure class=\"wp-block-embed is-type-video is-provider-youtube wp-block-embed-youtube wp-embed-aspect-16-9 wp-has-aspect-ratio\"><div class=\"wp-block-embed__wrapper\">\n<iframe loading=\"lazy\" title=\"\u201eKuidas valmistada last ette eestikeelseks \u00f5ppeks koolis?\u201c\" width=\"780\" height=\"439\" src=\"https:\/\/www.youtube.com\/embed\/B-51vvWgM9o?feature=oembed\" frameborder=\"0\" allow=\"accelerometer; autoplay; clipboard-write; encrypted-media; gyroscope; picture-in-picture; web-share\" referrerpolicy=\"strict-origin-when-cross-origin\" allowfullscreen><\/iframe>\n<\/div><\/figure>\n\n\n\n<hr class=\"wp-block-separator has-alpha-channel-opacity\"\/>\n\n\n\n<figure class=\"wp-block-embed is-type-wp-embed is-provider-keelekymblus wp-block-embed-keelekymblus\"><div class=\"wp-block-embed__wrapper\">\n<blockquote class=\"wp-embedded-content\" data-secret=\"IgpRiz96Xx\"><a href=\"https:\/\/keelekymblus.ee\/ee\/uncategorized-ru\/kuidas-valmistada-last-ette-eestikeelseks-oppeks-koolis\/\">\u201eKuidas valmistada last ette eestikeelseks \u00f5ppeks koolis?\u201c<\/a><\/blockquote><iframe loading=\"lazy\" class=\"wp-embedded-content\" sandbox=\"allow-scripts\" security=\"restricted\" style=\"position: absolute; visibility: hidden;\" title=\"&#8220;\u00ab\u041a\u0430\u043a \u043f\u043e\u0434\u0433\u043e\u0442\u043e\u0432\u0438\u0442\u044c \u0440\u0435\u0431\u0435\u043d\u043a\u0430 \u043a \u044d\u0441\u0442\u043e\u043d\u043e\u044f\u0437\u044b\u0447\u043d\u043e\u043c\u0443 \u043e\u0431\u0443\u0447\u0435\u043d\u0438\u044e \u0432 \u0448\u043a\u043e\u043b\u0435?\u00bb&#8221; &#8212; keelekymblus\" src=\"https:\/\/keelekymblus.ee\/uncategorized-ru\/kuidas-valmistada-last-ette-eestikeelseks-oppeks-koolis\/embed\/#?secret=rtR6eE0Nbt#?secret=IgpRiz96Xx\" data-secret=\"IgpRiz96Xx\" width=\"600\" height=\"338\" frameborder=\"0\" marginwidth=\"0\" marginheight=\"0\" scrolling=\"no\"><\/iframe>\n<\/div><\/figure>\n\n\n\n<hr class=\"wp-block-separator has-alpha-channel-opacity\"\/>\n\n\n\n<p class=\"has-text-align-center\"><em><strong>\u00dcritus on toimunud Haridus- ja teadusministeeriumi toel<\/strong><\/em>.<\/p>\n\n\n\n<hr class=\"wp-block-separator has-alpha-channel-opacity\"\/>\n\n\n\n<p><\/p>","protected":false},"excerpt":{"rendered":"<p>\u0412\u0435\u0441\u043d\u043e\u0439 \u043f\u0440\u043e\u0441\u044b\u043f\u0430\u0435\u0442\u0441\u044f \u043d\u0435 \u0442\u043e\u043b\u044c\u043a\u043e \u043f\u0440\u0438\u0440\u043e\u0434\u0430, \u043d\u043e \u0438 \u043e\u0436\u0438\u0432\u0430\u0435\u0442 \u0434\u0435\u044f\u0442\u0435\u043b\u044c\u043d\u043e\u0441\u0442\u044c \u0421\u043e\u044e\u0437\u0430. \u0413\u043e\u0434 \u043d\u0430\u0437\u0430\u0434 \u043e\u0441\u043d\u043e\u0432\u043d\u044b\u043c \u043d\u0430\u043f\u0440\u0430\u0432\u043b\u0435\u043d\u0438\u0435\u043c KLL \u0441\u0442\u0430\u043b\u0430 \u043f\u043e\u0434\u0434\u0435\u0440\u0436\u043a\u0430 \u0440\u043e\u0434\u0438\u0442\u0435\u043b\u0435\u0439 \u043f\u0440\u0438 \u043f\u0435\u0440\u0435\u0445\u043e\u0434\u0435 [&hellip;]<\/p>\n","protected":false},"author":1,"featured_media":0,"parent":1945,"menu_order":0,"comment_status":"closed","ping_status":"closed","template":"","meta":{"footnotes":""},"class_list":["post-2105","page","type-page","status-publish","hentry"],"_links":{"self":[{"href":"https:\/\/keelekymblus.ee\/ee\/wp-json\/wp\/v2\/pages\/2105","targetHints":{"allow":["GET"]}}],"collection":[{"href":"https:\/\/keelekymblus.ee\/ee\/wp-json\/wp\/v2\/pages"}],"about":[{"href":"https:\/\/keelekymblus.ee\/ee\/wp-json\/wp\/v2\/types\/page"}],"author":[{"embeddable":true,"href":"https:\/\/keelekymblus.ee\/ee\/wp-json\/wp\/v2\/users\/1"}],"replies":[{"embeddable":true,"href":"https:\/\/keelekymblus.ee\/ee\/wp-json\/wp\/v2\/comments?post=2105"}],"version-history":[{"count":22,"href":"https:\/\/keelekymblus.ee\/ee\/wp-json\/wp\/v2\/pages\/2105\/revisions"}],"predecessor-version":[{"id":2190,"href":"https:\/\/keelekymblus.ee\/ee\/wp-json\/wp\/v2\/pages\/2105\/revisions\/2190"}],"up":[{"embeddable":true,"href":"https:\/\/keelekymblus.ee\/ee\/wp-json\/wp\/v2\/pages\/1945"}],"wp:attachment":[{"href":"https:\/\/keelekymblus.ee\/ee\/wp-json\/wp\/v2\/media?parent=2105"}],"curies":[{"name":"wp","href":"https:\/\/api.w.org\/{rel}","templated":true}]}}