{"id":2025,"date":"2024-11-05T18:22:43","date_gmt":"2024-11-05T18:22:43","guid":{"rendered":"https:\/\/keelekymblus.ee\/?page_id=2025"},"modified":"2024-12-13T13:30:51","modified_gmt":"2024-12-13T13:30:51","slug":"sygisseminar-kll-20","status":"publish","type":"page","link":"https:\/\/keelekymblus.ee\/ee\/sygisseminar-kll-20\/","title":{"rendered":"S\u00fcgisseminar \"KLL 20\""},"content":{"rendered":"<figure class=\"wp-block-image size-large is-resized\"><img loading=\"lazy\" decoding=\"async\" width=\"1024\" height=\"366\" src=\"https:\/\/keelekymblus.ee\/wp-content\/uploads\/2024\/11\/KLL20lillaLAI2-1024x366.jpg\" alt=\"\" class=\"wp-image-2027\" style=\"width:1085px;height:auto\" srcset=\"https:\/\/keelekymblus.ee\/wp-content\/uploads\/2024\/11\/KLL20lillaLAI2-1024x366.jpg 1024w, https:\/\/keelekymblus.ee\/wp-content\/uploads\/2024\/11\/KLL20lillaLAI2-300x107.jpg 300w, https:\/\/keelekymblus.ee\/wp-content\/uploads\/2024\/11\/KLL20lillaLAI2-768x274.jpg 768w, https:\/\/keelekymblus.ee\/wp-content\/uploads\/2024\/11\/KLL20lillaLAI2-1536x549.jpg 1536w, https:\/\/keelekymblus.ee\/wp-content\/uploads\/2024\/11\/KLL20lillaLAI2-18x6.jpg 18w, https:\/\/keelekymblus.ee\/wp-content\/uploads\/2024\/11\/KLL20lillaLAI2.jpg 1540w\" sizes=\"auto, (max-width: 1024px) 100vw, 1024px\" \/><\/figure>\n\n\n\n<h2 class=\"wp-block-heading\">Keelek\u00fcmblusprogrammi lastevanemate liidu seminar, p\u00fchendatud \u00fchingu 20. aastap\u00e4evale<\/h2>\n\n\n\n<ul class=\"wp-block-list\">\n<li>Korraldaja: MT\u00dc Keelek\u00fcmblusprogrammi Lastevanemate Liit (KLL)<\/li>\n\n\n\n<li>Toimumisaeg: <strong>30.11.2024 13:00 \u2014 01.12.2024 15:00<\/strong><\/li>\n\n\n\n<li>Toimumiskoht: <a href=\"https:\/\/toosikannu.ee\/\">Toosikannu Puhkekeskus<\/a>, Toosikannu, J\u00f5ek\u00fcla k\u00fcla, T\u00fcri vald , J\u00e4rvamaa<\/li>\n<\/ul>\n\n\n\n<p><\/p>\n\n\n\n<p>Seminarist on v\u00f5tnud osa \u00fcldhariduskoolide lapsevanemad, keda huvitab \u00fcleminek eestikeelsele haridusele, samuti Liidu liikmed ja partnerid, kes on meiega aastaid koost\u00f6\u00f6d teinud.<\/p>\n\n\n\n<p><strong>Kavas oli:<\/strong>:<\/p>\n\n\n\n<ul class=\"wp-block-list\">\n<li>Seminar \u201eKuidas keel omandatakse\u201c, l\u00e4biviija Svetlana Udras<\/li>\n\n\n\n<li>Pidulik \u00f5htus\u00f6\u00f6k, p\u00fchendatud Liidu 20. aastap\u00e4evale.<\/li>\n\n\n\n<li>\u00dclevaade liidu 20. aasta tegevusest<\/li>\n\n\n\n<li>T\u00f6\u00f6tuba \u201eLiidu ja liidu liikmete roll eestikeelsele haridusele \u00fcleminekuks\u201d, modereerib Ljudmilla Limantova<\/li>\n\n\n\n<li>Ulukisafari<\/li>\n\n\n\n<li>Vaba suhtlemine ja sauna\u00f5htu.<\/li>\n<\/ul>\n\n\n\n<p><strong>Toitlustamine<\/strong>:<br>30.11.24 \u2014 tervituskohv ja \u00f5htus\u00f6\u00f6k;<br>01.12.24 \u2014 hommiku- ja l\u00f5unas\u00f6\u00f6k<\/p>\n\n\n\n<p><strong>Majutus<\/strong>:<br>Majutus Toosikannu puhkekeskuse peamaja ja aiamaja tubades (2\u20134 inimest toas).<\/p>\n\n\n\n<p><strong>Osalustasu: <\/strong><\/p>\n\n\n\n<p><strong>10\u20ac inimese kohta, arve saadetakse registreerimisvormis m\u00e4rgitud e-posti aadressile. <\/strong>\u00dches vormis saab registreerida k\u00f5ik t\u00e4isealised pereliikmed, kes soovivad seminaril osaleda. Pereliikmete arvuga kuni 4 inimest on kogutasu 20 \u20ac. <br>Kui registreerumine t\u00fchistatakse peale 22.11.2024, osalustasu ei tagastata.<\/p>\n\n\n\n<p><strong>Kohtade arv on piiratud. Registreerumine on l\u00f5ppenud.<\/strong><\/p>\n\n\n\n<hr class=\"wp-block-separator has-alpha-channel-opacity\"\/>\n\n\n\n<p class=\"has-text-align-center\"><em><strong>\u00dcritus on toimunud Haridus- ja teadusministeeriumi toel<\/strong><\/em>.<\/p>\n\n\n\n<hr class=\"wp-block-separator has-alpha-channel-opacity\"\/>\n\n\n\n<figure class=\"wp-block-embed is-type-video is-provider-youtube wp-block-embed-youtube wp-embed-aspect-16-9 wp-has-aspect-ratio\"><div class=\"wp-block-embed__wrapper\">\n<iframe loading=\"lazy\" title=\"&quot;KLL 20&quot; Keelek\u00fcmblusprogrammi lastevanemate liidu seminar\" width=\"780\" height=\"439\" src=\"https:\/\/www.youtube.com\/embed\/iuxKREXMvsU?feature=oembed\" frameborder=\"0\" allow=\"accelerometer; autoplay; clipboard-write; encrypted-media; gyroscope; picture-in-picture; web-share\" referrerpolicy=\"strict-origin-when-cross-origin\" allowfullscreen><\/iframe>\n<\/div><\/figure>\n\n\n\n<p class=\"has-medium-font-size\"><strong>Lugeda, kuidas l\u00e4ks \u00fcritus, saab meie blogis:<\/strong><\/p>\n\n\n\n<div class=\"wp-block-columns is-layout-flex wp-container-core-columns-is-layout-9d6595d7 wp-block-columns-is-layout-flex\">\n<div class=\"wp-block-column is-layout-flow wp-block-column-is-layout-flow\">\n<figure class=\"wp-block-embed is-type-wp-embed is-provider-keelekymblus wp-block-embed-keelekymblus\"><div class=\"wp-block-embed__wrapper\">\n<blockquote class=\"wp-embedded-content\" data-secret=\"TOz1QEKH4J\"><a href=\"https:\/\/keelekymblus.ee\/ee\/uncategorized-ru\/kakskummend-aastat-teel-mitmekeelsuse-poole-keelekumblusprogrammi-lastevanemate-liidu-aastapaev\/\">\u0414\u0432\u0430\u0434\u0446\u0430\u0442\u044c \u043b\u0435\u0442 \u043d\u0430 \u043f\u0443\u0442\u0438 \u043a \u043c\u043d\u043e\u0433\u043e\u044f\u0437\u044b\u0447\u0438\u044e: \u044e\u0431\u0438\u043b\u0435\u0439 \u0421\u043e\u044e\u0437\u0430 \u0440\u043e\u0434\u0438\u0442\u0435\u043b\u0435\u0439 \u043f\u0440\u043e\u0433\u0440\u0430\u043c\u043c\u044b \u044f\u0437\u044b\u043a\u043e\u0432\u043e\u0433\u043e \u043f\u043e\u0433\u0440\u0443\u0436\u0435\u043d\u0438\u044f<\/a><\/blockquote><iframe loading=\"lazy\" class=\"wp-embedded-content\" sandbox=\"allow-scripts\" security=\"restricted\" style=\"position: absolute; visibility: hidden;\" title=\"&#8220;\u0414\u0432\u0430\u0434\u0446\u0430\u0442\u044c \u043b\u0435\u0442 \u043d\u0430 \u043f\u0443\u0442\u0438 \u043a \u043c\u043d\u043e\u0433\u043e\u044f\u0437\u044b\u0447\u0438\u044e: \u044e\u0431\u0438\u043b\u0435\u0439 \u0421\u043e\u044e\u0437\u0430 \u0440\u043e\u0434\u0438\u0442\u0435\u043b\u0435\u0439 \u043f\u0440\u043e\u0433\u0440\u0430\u043c\u043c\u044b \u044f\u0437\u044b\u043a\u043e\u0432\u043e\u0433\u043e \u043f\u043e\u0433\u0440\u0443\u0436\u0435\u043d\u0438\u044f&#8221; &#8212; keelekymblus\" src=\"https:\/\/keelekymblus.ee\/uncategorized-ru\/kakskummend-aastat-teel-mitmekeelsuse-poole-keelekumblusprogrammi-lastevanemate-liidu-aastapaev\/embed\/#?secret=4GLFTwUSKw#?secret=TOz1QEKH4J\" data-secret=\"TOz1QEKH4J\" width=\"600\" height=\"338\" frameborder=\"0\" marginwidth=\"0\" marginheight=\"0\" scrolling=\"no\"><\/iframe>\n<\/div><\/figure>\n<\/div>\n\n\n\n<div class=\"wp-block-column is-layout-flow wp-block-column-is-layout-flow\">\n<div class=\"wp-block-columns is-layout-flex wp-container-core-columns-is-layout-9d6595d7 wp-block-columns-is-layout-flex\">\n<div class=\"wp-block-column is-layout-flow wp-block-column-is-layout-flow\"><\/div>\n<\/div>\n<\/div>\n<\/div>\n\n\n\n<figure class=\"wp-block-gallery has-nested-images columns-default is-cropped wp-block-gallery-1 is-layout-flex wp-block-gallery-is-layout-flex\">\n<figure class=\"wp-block-image size-large\"><img loading=\"lazy\" decoding=\"async\" width=\"1024\" height=\"769\" data-id=\"2068\" src=\"https:\/\/keelekymblus.ee\/wp-content\/uploads\/2024\/12\/IMG_6882-1024x769.jpg\" alt=\"\" class=\"wp-image-2068\" srcset=\"https:\/\/keelekymblus.ee\/wp-content\/uploads\/2024\/12\/IMG_6882-1024x769.jpg 1024w, https:\/\/keelekymblus.ee\/wp-content\/uploads\/2024\/12\/IMG_6882-300x225.jpg 300w, https:\/\/keelekymblus.ee\/wp-content\/uploads\/2024\/12\/IMG_6882-768x577.jpg 768w, https:\/\/keelekymblus.ee\/wp-content\/uploads\/2024\/12\/IMG_6882-1536x1154.jpg 1536w, https:\/\/keelekymblus.ee\/wp-content\/uploads\/2024\/12\/IMG_6882-16x12.jpg 16w, https:\/\/keelekymblus.ee\/wp-content\/uploads\/2024\/12\/IMG_6882.jpg 2048w\" sizes=\"auto, (max-width: 1024px) 100vw, 1024px\" \/><\/figure>\n\n\n\n<figure class=\"wp-block-image size-large\"><img loading=\"lazy\" decoding=\"async\" width=\"1024\" height=\"769\" data-id=\"2069\" src=\"https:\/\/keelekymblus.ee\/wp-content\/uploads\/2024\/12\/IMG_7105-1024x769.jpg\" alt=\"\" class=\"wp-image-2069\" srcset=\"https:\/\/keelekymblus.ee\/wp-content\/uploads\/2024\/12\/IMG_7105-1024x769.jpg 1024w, https:\/\/keelekymblus.ee\/wp-content\/uploads\/2024\/12\/IMG_7105-300x225.jpg 300w, https:\/\/keelekymblus.ee\/wp-content\/uploads\/2024\/12\/IMG_7105-768x577.jpg 768w, https:\/\/keelekymblus.ee\/wp-content\/uploads\/2024\/12\/IMG_7105-1536x1154.jpg 1536w, https:\/\/keelekymblus.ee\/wp-content\/uploads\/2024\/12\/IMG_7105-16x12.jpg 16w, https:\/\/keelekymblus.ee\/wp-content\/uploads\/2024\/12\/IMG_7105.jpg 2048w\" sizes=\"auto, (max-width: 1024px) 100vw, 1024px\" \/><\/figure>\n\n\n\n<figure class=\"wp-block-image size-large\"><img loading=\"lazy\" decoding=\"async\" width=\"1024\" height=\"769\" data-id=\"2070\" src=\"https:\/\/keelekymblus.ee\/wp-content\/uploads\/2024\/12\/IMG_7016-1024x769.jpg\" alt=\"\" class=\"wp-image-2070\" srcset=\"https:\/\/keelekymblus.ee\/wp-content\/uploads\/2024\/12\/IMG_7016-1024x769.jpg 1024w, https:\/\/keelekymblus.ee\/wp-content\/uploads\/2024\/12\/IMG_7016-300x225.jpg 300w, https:\/\/keelekymblus.ee\/wp-content\/uploads\/2024\/12\/IMG_7016-768x577.jpg 768w, https:\/\/keelekymblus.ee\/wp-content\/uploads\/2024\/12\/IMG_7016-1536x1154.jpg 1536w, https:\/\/keelekymblus.ee\/wp-content\/uploads\/2024\/12\/IMG_7016-16x12.jpg 16w, https:\/\/keelekymblus.ee\/wp-content\/uploads\/2024\/12\/IMG_7016.jpg 2048w\" sizes=\"auto, (max-width: 1024px) 100vw, 1024px\" \/><\/figure>\n\n\n\n<figure class=\"wp-block-image size-large\"><img loading=\"lazy\" decoding=\"async\" width=\"1024\" height=\"683\" data-id=\"2071\" src=\"https:\/\/keelekymblus.ee\/wp-content\/uploads\/2024\/12\/IMG_7196-1024x683.jpg\" alt=\"\" class=\"wp-image-2071\" srcset=\"https:\/\/keelekymblus.ee\/wp-content\/uploads\/2024\/12\/IMG_7196-1024x683.jpg 1024w, https:\/\/keelekymblus.ee\/wp-content\/uploads\/2024\/12\/IMG_7196-300x200.jpg 300w, https:\/\/keelekymblus.ee\/wp-content\/uploads\/2024\/12\/IMG_7196-768x512.jpg 768w, https:\/\/keelekymblus.ee\/wp-content\/uploads\/2024\/12\/IMG_7196-1536x1024.jpg 1536w, https:\/\/keelekymblus.ee\/wp-content\/uploads\/2024\/12\/IMG_7196-18x12.jpg 18w, https:\/\/keelekymblus.ee\/wp-content\/uploads\/2024\/12\/IMG_7196.jpg 2048w\" sizes=\"auto, (max-width: 1024px) 100vw, 1024px\" \/><\/figure>\n\n\n\n<figure class=\"wp-block-image size-large\"><img loading=\"lazy\" decoding=\"async\" width=\"1024\" height=\"683\" data-id=\"2072\" src=\"https:\/\/keelekymblus.ee\/wp-content\/uploads\/2024\/12\/IMG_7309-1024x683.jpg\" alt=\"\" class=\"wp-image-2072\" srcset=\"https:\/\/keelekymblus.ee\/wp-content\/uploads\/2024\/12\/IMG_7309-1024x683.jpg 1024w, https:\/\/keelekymblus.ee\/wp-content\/uploads\/2024\/12\/IMG_7309-300x200.jpg 300w, https:\/\/keelekymblus.ee\/wp-content\/uploads\/2024\/12\/IMG_7309-768x512.jpg 768w, https:\/\/keelekymblus.ee\/wp-content\/uploads\/2024\/12\/IMG_7309-1536x1024.jpg 1536w, https:\/\/keelekymblus.ee\/wp-content\/uploads\/2024\/12\/IMG_7309-18x12.jpg 18w, https:\/\/keelekymblus.ee\/wp-content\/uploads\/2024\/12\/IMG_7309.jpg 2048w\" sizes=\"auto, (max-width: 1024px) 100vw, 1024px\" \/><\/figure>\n\n\n\n<figure class=\"wp-block-image size-large\"><img loading=\"lazy\" decoding=\"async\" width=\"1024\" height=\"602\" data-id=\"2073\" src=\"https:\/\/keelekymblus.ee\/wp-content\/uploads\/2024\/12\/IMG_7754-1024x602.jpg\" alt=\"\" class=\"wp-image-2073\" srcset=\"https:\/\/keelekymblus.ee\/wp-content\/uploads\/2024\/12\/IMG_7754-1024x602.jpg 1024w, https:\/\/keelekymblus.ee\/wp-content\/uploads\/2024\/12\/IMG_7754-300x176.jpg 300w, https:\/\/keelekymblus.ee\/wp-content\/uploads\/2024\/12\/IMG_7754-768x451.jpg 768w, https:\/\/keelekymblus.ee\/wp-content\/uploads\/2024\/12\/IMG_7754-1536x903.jpg 1536w, https:\/\/keelekymblus.ee\/wp-content\/uploads\/2024\/12\/IMG_7754-18x12.jpg 18w, https:\/\/keelekymblus.ee\/wp-content\/uploads\/2024\/12\/IMG_7754.jpg 1809w\" sizes=\"auto, (max-width: 1024px) 100vw, 1024px\" \/><\/figure>\n\n\n\n<figure class=\"wp-block-image size-large\"><img loading=\"lazy\" decoding=\"async\" width=\"1024\" height=\"769\" data-id=\"2074\" src=\"https:\/\/keelekymblus.ee\/wp-content\/uploads\/2024\/12\/IMG_6872-1024x769.jpg\" alt=\"\" class=\"wp-image-2074\" srcset=\"https:\/\/keelekymblus.ee\/wp-content\/uploads\/2024\/12\/IMG_6872-1024x769.jpg 1024w, https:\/\/keelekymblus.ee\/wp-content\/uploads\/2024\/12\/IMG_6872-300x225.jpg 300w, https:\/\/keelekymblus.ee\/wp-content\/uploads\/2024\/12\/IMG_6872-768x577.jpg 768w, https:\/\/keelekymblus.ee\/wp-content\/uploads\/2024\/12\/IMG_6872-1536x1154.jpg 1536w, https:\/\/keelekymblus.ee\/wp-content\/uploads\/2024\/12\/IMG_6872-16x12.jpg 16w, https:\/\/keelekymblus.ee\/wp-content\/uploads\/2024\/12\/IMG_6872.jpg 2048w\" sizes=\"auto, (max-width: 1024px) 100vw, 1024px\" \/><\/figure>\n\n\n\n<figure class=\"wp-block-image size-large\"><img loading=\"lazy\" decoding=\"async\" width=\"1024\" height=\"683\" data-id=\"2076\" src=\"https:\/\/keelekymblus.ee\/wp-content\/uploads\/2024\/12\/IMG_7460-1024x683.jpg\" alt=\"\" class=\"wp-image-2076\" srcset=\"https:\/\/keelekymblus.ee\/wp-content\/uploads\/2024\/12\/IMG_7460-1024x683.jpg 1024w, https:\/\/keelekymblus.ee\/wp-content\/uploads\/2024\/12\/IMG_7460-300x200.jpg 300w, https:\/\/keelekymblus.ee\/wp-content\/uploads\/2024\/12\/IMG_7460-768x512.jpg 768w, https:\/\/keelekymblus.ee\/wp-content\/uploads\/2024\/12\/IMG_7460-1536x1024.jpg 1536w, https:\/\/keelekymblus.ee\/wp-content\/uploads\/2024\/12\/IMG_7460-18x12.jpg 18w, https:\/\/keelekymblus.ee\/wp-content\/uploads\/2024\/12\/IMG_7460.jpg 2048w\" sizes=\"auto, (max-width: 1024px) 100vw, 1024px\" \/><\/figure>\n\n\n\n<figure class=\"wp-block-image size-large\"><img loading=\"lazy\" decoding=\"async\" width=\"1024\" height=\"683\" data-id=\"2077\" src=\"https:\/\/keelekymblus.ee\/wp-content\/uploads\/2024\/12\/IMG_7545-1024x683.jpg\" alt=\"\" class=\"wp-image-2077\" srcset=\"https:\/\/keelekymblus.ee\/wp-content\/uploads\/2024\/12\/IMG_7545-1024x683.jpg 1024w, https:\/\/keelekymblus.ee\/wp-content\/uploads\/2024\/12\/IMG_7545-300x200.jpg 300w, https:\/\/keelekymblus.ee\/wp-content\/uploads\/2024\/12\/IMG_7545-768x512.jpg 768w, https:\/\/keelekymblus.ee\/wp-content\/uploads\/2024\/12\/IMG_7545-1536x1024.jpg 1536w, https:\/\/keelekymblus.ee\/wp-content\/uploads\/2024\/12\/IMG_7545-18x12.jpg 18w, https:\/\/keelekymblus.ee\/wp-content\/uploads\/2024\/12\/IMG_7545.jpg 2048w\" sizes=\"auto, (max-width: 1024px) 100vw, 1024px\" \/><\/figure>\n<\/figure>\n\n\n\n<p><\/p>","protected":false},"excerpt":{"rendered":"<p>\u0421\u0435\u043c\u0438\u043d\u0430\u0440 \u0421\u043e\u044e\u0437\u0430 \u0440\u043e\u0434\u0438\u0442\u0435\u043b\u0435\u0439 \u043f\u0440\u043e\u0433\u0440\u0430\u043c\u043c\u044b \u044f\u0437\u044b\u043a\u043e\u0432\u043e\u0433\u043e \u043f\u043e\u0433\u0440\u0443\u0436\u0435\u043d\u0438\u044f, \u043f\u043e\u0441\u0432\u044f\u0449\u0451\u043d\u043d\u044b\u0439 20-\u043b\u0435\u0442\u0438\u044e \u0434\u0435\u044f\u0442\u0435\u043b\u044c\u043d\u043e\u0441\u0442\u0438 \u0421\u043e\u044e\u0437\u0430 \u0412 \u0441\u0435\u043c\u0438\u043d\u0430\u0440\u0435 \u043f\u0440\u0438\u043d\u044f\u043b\u0438 \u0443\u0447\u0430\u0441\u0442\u0438\u0435 \u0440\u043e\u0434\u0438\u0442\u0435\u043b\u0435\u0439 \u0443\u0447\u0435\u043d\u0438\u043a\u043e\u0432 \u043e\u0431\u0449\u0435\u043e\u0431\u0440\u0430\u0437\u043e\u0432\u0430\u0442\u0435\u043b\u044c\u043d\u044b\u0445 \u0448\u043a\u043e\u043b, \u043a\u043e\u0442\u043e\u0440\u044b\u0445 \u0438\u043d\u0442\u0435\u0440\u0435\u0441\u0443\u0435\u0442 [&hellip;]<\/p>\n","protected":false},"author":1,"featured_media":2028,"parent":0,"menu_order":0,"comment_status":"closed","ping_status":"closed","template":"","meta":{"footnotes":""},"class_list":["post-2025","page","type-page","status-publish","has-post-thumbnail","hentry"],"_links":{"self":[{"href":"https:\/\/keelekymblus.ee\/ee\/wp-json\/wp\/v2\/pages\/2025","targetHints":{"allow":["GET"]}}],"collection":[{"href":"https:\/\/keelekymblus.ee\/ee\/wp-json\/wp\/v2\/pages"}],"about":[{"href":"https:\/\/keelekymblus.ee\/ee\/wp-json\/wp\/v2\/types\/page"}],"author":[{"embeddable":true,"href":"https:\/\/keelekymblus.ee\/ee\/wp-json\/wp\/v2\/users\/1"}],"replies":[{"embeddable":true,"href":"https:\/\/keelekymblus.ee\/ee\/wp-json\/wp\/v2\/comments?post=2025"}],"version-history":[{"count":14,"href":"https:\/\/keelekymblus.ee\/ee\/wp-json\/wp\/v2\/pages\/2025\/revisions"}],"predecessor-version":[{"id":2078,"href":"https:\/\/keelekymblus.ee\/ee\/wp-json\/wp\/v2\/pages\/2025\/revisions\/2078"}],"wp:featuredmedia":[{"embeddable":true,"href":"https:\/\/keelekymblus.ee\/ee\/wp-json\/wp\/v2\/media\/2028"}],"wp:attachment":[{"href":"https:\/\/keelekymblus.ee\/ee\/wp-json\/wp\/v2\/media?parent=2025"}],"curies":[{"name":"wp","href":"https:\/\/api.w.org\/{rel}","templated":true}]}}