{"id":2000,"date":"2024-09-17T12:38:28","date_gmt":"2024-09-17T12:38:28","guid":{"rendered":"https:\/\/keelekymblus.ee\/?page_id=2000"},"modified":"2024-11-01T12:52:46","modified_gmt":"2024-11-01T12:52:46","slug":"infotund291024","status":"publish","type":"page","link":"https:\/\/keelekymblus.ee\/ee\/infotund291024\/","title":{"rendered":"Infotund 29.10.2024 \"Kaks kuud hiljem: Kuidas l\u00e4heb \u00fcleminek eestikeelsele haridusele\""},"content":{"rendered":"<figure class=\"wp-block-image size-large\"><img loading=\"lazy\" decoding=\"async\" width=\"1024\" height=\"350\" src=\"https:\/\/keelekymblus.ee\/wp-content\/uploads\/2024\/09\/autumn2-1024x350.jpg\" alt=\"\" class=\"wp-image-2009\" srcset=\"https:\/\/keelekymblus.ee\/wp-content\/uploads\/2024\/09\/autumn2-1024x350.jpg 1024w, https:\/\/keelekymblus.ee\/wp-content\/uploads\/2024\/09\/autumn2-300x103.jpg 300w, https:\/\/keelekymblus.ee\/wp-content\/uploads\/2024\/09\/autumn2-768x263.jpg 768w, https:\/\/keelekymblus.ee\/wp-content\/uploads\/2024\/09\/autumn2-1536x525.jpg 1536w, https:\/\/keelekymblus.ee\/wp-content\/uploads\/2024\/09\/autumn2-2048x700.jpg 2048w, https:\/\/keelekymblus.ee\/wp-content\/uploads\/2024\/09\/autumn2-18x6.jpg 18w\" sizes=\"auto, (max-width: 1024px) 100vw, 1024px\" \/><\/figure>\n\n\n<p><strong>29 oktoobril 2024 17.00-19.00<\/strong> Haridus- ja Teadusministeeriumi toel korraldas Keelek\u00fcmblusprogrammi Lastevanemate Liit (KLL) koolide lastevanematele infotunni, kus arutasime, kuidas l\u00e4heb \u00fcleminek eestikeelsele haridusele. R\u00e4\u00e4kisime vanema rollist lapse toetamisel ja vastasime vanemate k\u00fcsimustele.<\/p>\n<p>Toimus infotund <strong>Sillam\u00e4el, Mere pst 3<\/strong> ning veebis. <strong>veebis.<\/strong> Infotunni salvestuse saab vaadata meie <a href=\"https:\/\/www.youtube.com\/@KEELEK%C3%9CMBLUS\">YouTube kanalil<\/a>. Slaidid on k\u00e4ttesaadavad <a href=\"https:\/\/keelekymblus.ee\/wp-content\/uploads\/2024\/11\/Infotund-29OCT24.pdf\">siin.<\/a><\/p>\n\n\n<figure class=\"wp-block-embed is-type-video is-provider-youtube wp-block-embed-youtube wp-embed-aspect-16-9 wp-has-aspect-ratio\"><div class=\"wp-block-embed__wrapper\">\n<iframe loading=\"lazy\" title=\"\u00ab\u0414\u0432\u0430 \u043c\u0435\u0441\u044f\u0446\u0430 \u043f\u043e\u0441\u043b\u0435: \u041a\u0430\u043a \u043f\u0440\u043e\u0445\u043e\u0434\u0438\u0442 \u043f\u0435\u0440\u0435\u0445\u043e\u0434 \u043d\u0430 \u044d\u0441\u0442\u043e\u043d\u043e\u044f\u0437\u044b\u0447\u043d\u043e\u0435 \u043e\u0431\u0443\u0447\u0435\u043d\u0438\u0435\u00bb\" width=\"780\" height=\"439\" src=\"https:\/\/www.youtube.com\/embed\/GZMNLnYwbVQ?feature=oembed\" frameborder=\"0\" allow=\"accelerometer; autoplay; clipboard-write; encrypted-media; gyroscope; picture-in-picture; web-share\" referrerpolicy=\"strict-origin-when-cross-origin\" allowfullscreen><\/iframe>\n<\/div><\/figure>","protected":false},"excerpt":{"rendered":"<p>29 \u043e\u043a\u0442\u044f\u0431\u0440\u044f 2024 17.00-19.00 \u043f\u0440\u0438 \u043f\u043e\u0434\u0434\u0435\u0440\u0436\u043a\u0435 \u041c\u0438\u043d\u0438\u0441\u0442\u0435\u0440\u0441\u0442\u0432\u0430 \u043e\u0431\u0440\u0430\u0437\u043e\u0432\u0430\u043d\u0438\u044f \u0438 \u043d\u0430\u0443\u043a\u0438 \u0421\u043e\u044e\u0437 \u0440\u043e\u0434\u0438\u0442\u0435\u043b\u0435\u0439 \u043f\u0440\u043e\u0433\u0440\u0430\u043c\u043c\u044b \u044f\u0437\u044b\u043a\u043e\u0432\u043e\u0433\u043e \u043f\u043e\u0433\u0440\u0443\u0436\u0435\u043d\u0438\u044f (KLL) \u043f\u0440\u043e\u0432\u0451\u043b \u0438\u043d\u0444\u043e\u0447\u0430\u0441 \u0434\u043b\u044f \u0440\u043e\u0434\u0438\u0442\u0435\u043b\u0435\u0439 [&hellip;]<\/p>\n","protected":false},"author":1,"featured_media":2009,"parent":0,"menu_order":0,"comment_status":"closed","ping_status":"closed","template":"","meta":{"footnotes":""},"class_list":["post-2000","page","type-page","status-publish","has-post-thumbnail","hentry"],"_links":{"self":[{"href":"https:\/\/keelekymblus.ee\/ee\/wp-json\/wp\/v2\/pages\/2000","targetHints":{"allow":["GET"]}}],"collection":[{"href":"https:\/\/keelekymblus.ee\/ee\/wp-json\/wp\/v2\/pages"}],"about":[{"href":"https:\/\/keelekymblus.ee\/ee\/wp-json\/wp\/v2\/types\/page"}],"author":[{"embeddable":true,"href":"https:\/\/keelekymblus.ee\/ee\/wp-json\/wp\/v2\/users\/1"}],"replies":[{"embeddable":true,"href":"https:\/\/keelekymblus.ee\/ee\/wp-json\/wp\/v2\/comments?post=2000"}],"version-history":[{"count":8,"href":"https:\/\/keelekymblus.ee\/ee\/wp-json\/wp\/v2\/pages\/2000\/revisions"}],"predecessor-version":[{"id":2024,"href":"https:\/\/keelekymblus.ee\/ee\/wp-json\/wp\/v2\/pages\/2000\/revisions\/2024"}],"wp:featuredmedia":[{"embeddable":true,"href":"https:\/\/keelekymblus.ee\/ee\/wp-json\/wp\/v2\/media\/2009"}],"wp:attachment":[{"href":"https:\/\/keelekymblus.ee\/ee\/wp-json\/wp\/v2\/media?parent=2000"}],"curies":[{"name":"wp","href":"https:\/\/api.w.org\/{rel}","templated":true}]}}