{"id":1984,"date":"2024-08-21T14:27:26","date_gmt":"2024-08-21T14:27:26","guid":{"rendered":"https:\/\/keelekymblus.ee\/?page_id=1984"},"modified":"2024-09-21T09:04:08","modified_gmt":"2024-09-21T09:04:08","slug":"infotund30aug24","status":"publish","type":"page","link":"https:\/\/keelekymblus.ee\/ee\/infotund30aug24\/","title":{"rendered":"Infotund 30.08.2024 \"\u00dcleminek eestikeelsele \u00f5ppele. Hirmud ja m\u00fc\u00fcdid\""},"content":{"rendered":"<figure class=\"wp-block-image size-full\"><img loading=\"lazy\" decoding=\"async\" width=\"1024\" height=\"351\" src=\"https:\/\/keelekymblus.ee\/wp-content\/uploads\/2024\/08\/30aug24koduleht.jpg\" alt=\"\" class=\"wp-image-1983\" srcset=\"https:\/\/keelekymblus.ee\/wp-content\/uploads\/2024\/08\/30aug24koduleht.jpg 1024w, https:\/\/keelekymblus.ee\/wp-content\/uploads\/2024\/08\/30aug24koduleht-300x103.jpg 300w, https:\/\/keelekymblus.ee\/wp-content\/uploads\/2024\/08\/30aug24koduleht-768x263.jpg 768w, https:\/\/keelekymblus.ee\/wp-content\/uploads\/2024\/08\/30aug24koduleht-18x6.jpg 18w\" sizes=\"auto, (max-width: 1024px) 100vw, 1024px\" \/><\/figure>\n\n\n\n<p><\/p>\n\n\n\n<p><strong>30. augustil 2024 15.00-17.00<\/strong> Haridus- ja Teadusministeeriumi toel korraldas Keelek\u00fcmblusprogrammi Lastevanemate Liit (KLL) koolide lastevanematele infotunni, kus jagasime kogemusi \u00f5ppimisest eesti keeles. R\u00e4\u00e4kisime, kuidas vanemad saavad oma last toetada eestikeelsele \u00f5ppele \u00fcleminekul. Vastasime k\u00fcsimustele.<br>Hajutasime m\u00fc\u00fcte ja aitasime vanematel  hirme \u00fcletada.<br>Infotunni salvestuse saab vaadata meie YouTube kanalil.<\/p>\n\n\n\n<figure class=\"wp-block-embed is-type-video is-provider-youtube wp-block-embed-youtube wp-embed-aspect-16-9 wp-has-aspect-ratio\"><div class=\"wp-block-embed__wrapper\">\n<iframe loading=\"lazy\" title=\"\u201c\u041f\u0435\u0440\u0435\u0445\u043e\u0434 \u043d\u0430 \u044d\u0441\u0442\u043e\u043d\u043e\u044f\u0437\u044b\u0447\u043d\u043e\u0435 \u043e\u0431\u0443\u0447\u0435\u043d\u0438\u0435. \u0421\u0442\u0440\u0430\u0445\u0438 \u0438 \u043c\u0438\u0444\u044b.\u201d\" width=\"780\" height=\"439\" src=\"https:\/\/www.youtube.com\/embed\/VmXwTeYPoXc?feature=oembed\" frameborder=\"0\" allow=\"accelerometer; autoplay; clipboard-write; encrypted-media; gyroscope; picture-in-picture; web-share\" referrerpolicy=\"strict-origin-when-cross-origin\" allowfullscreen><\/iframe>\n<\/div><\/figure>\n\n\n\n<p><\/p>","protected":false},"excerpt":{"rendered":"<p>30 \u0430\u0432\u0433\u0443\u0441\u0442\u0430 2024 15.00-17.00 \u043f\u0440\u0438 \u043f\u043e\u0434\u0434\u0435\u0440\u0436\u043a\u0435 \u041c\u0438\u043d\u0438\u0441\u0442\u0435\u0440\u0441\u0442\u0432\u0430 \u043e\u0431\u0440\u0430\u0437\u043e\u0432\u0430\u043d\u0438\u044f \u0438 \u043d\u0430\u0443\u043a\u0438 \u0421\u043e\u044e\u0437 \u0440\u043e\u0434\u0438\u0442\u0435\u043b\u0435\u0439 \u043f\u0440\u043e\u0433\u0440\u0430\u043c\u043c\u044b \u044f\u0437\u044b\u043a\u043e\u0432\u043e\u0433\u043e \u043f\u043e\u0433\u0440\u0443\u0436\u0435\u043d\u0438\u044f (KLL) \u043f\u0440\u043e\u0432\u0435\u0434\u0451\u043b \u0438\u043d\u0444\u043e\u0447\u0430\u0441 \u0434\u043b\u044f \u0440\u043e\u0434\u0438\u0442\u0435\u043b\u0435\u0439 [&hellip;]<\/p>\n","protected":false},"author":1,"featured_media":1983,"parent":0,"menu_order":0,"comment_status":"closed","ping_status":"closed","template":"","meta":{"footnotes":""},"class_list":["post-1984","page","type-page","status-publish","has-post-thumbnail","hentry"],"_links":{"self":[{"href":"https:\/\/keelekymblus.ee\/ee\/wp-json\/wp\/v2\/pages\/1984","targetHints":{"allow":["GET"]}}],"collection":[{"href":"https:\/\/keelekymblus.ee\/ee\/wp-json\/wp\/v2\/pages"}],"about":[{"href":"https:\/\/keelekymblus.ee\/ee\/wp-json\/wp\/v2\/types\/page"}],"author":[{"embeddable":true,"href":"https:\/\/keelekymblus.ee\/ee\/wp-json\/wp\/v2\/users\/1"}],"replies":[{"embeddable":true,"href":"https:\/\/keelekymblus.ee\/ee\/wp-json\/wp\/v2\/comments?post=1984"}],"version-history":[{"count":6,"href":"https:\/\/keelekymblus.ee\/ee\/wp-json\/wp\/v2\/pages\/1984\/revisions"}],"predecessor-version":[{"id":1996,"href":"https:\/\/keelekymblus.ee\/ee\/wp-json\/wp\/v2\/pages\/1984\/revisions\/1996"}],"wp:featuredmedia":[{"embeddable":true,"href":"https:\/\/keelekymblus.ee\/ee\/wp-json\/wp\/v2\/media\/1983"}],"wp:attachment":[{"href":"https:\/\/keelekymblus.ee\/ee\/wp-json\/wp\/v2\/media?parent=1984"}],"curies":[{"name":"wp","href":"https:\/\/api.w.org\/{rel}","templated":true}]}}