{"id":1972,"date":"2024-08-20T14:11:26","date_gmt":"2024-08-20T14:11:26","guid":{"rendered":"https:\/\/keelekymblus.ee\/?page_id=1972"},"modified":"2026-04-10T08:39:18","modified_gmt":"2026-04-10T08:39:18","slug":"htm-toetus","status":"publish","type":"page","link":"https:\/\/keelekymblus.ee\/ee\/htm-toetus\/","title":{"rendered":"Haridus- ja teadusministeeriumi toetus"},"content":{"rendered":"<p><strong>Haridus- ja Teadusministeeriumi toel<\/strong> Keelek\u00fcmblusprogrammi Lastevanemate Liit (KLL) pakub koolidele seminare, konsultatsioone ja abi lapsevanematega kohtumiste korraldamisel. Kui soovite<strong> <\/strong>KLLi esindajaid oma kooli kutsuda, siis palun saatke<strong> e-posti aadressile info@keelekymblus.ee kuup\u00e4ev, kellaaeg ja kooli nimi<\/strong> ning me kinnitame, kas soovitud kuup\u00e4evaks on vaba esindaja olemas. Mida varem avaldus esitatakse, seda t\u00f5en\u00e4olisem on, et leiame KLLi esindaja, kes saab seminari l\u00e4bi viia.<\/p>\n\n\n\n<p>Samuti korraldame <strong>infotunde koolide lapsevanematele<\/strong>, millises koolis nende laps \u00f5pib. Infotundides saab osaleda nii kohapeal kui ka veebis. Viimane infotund toimus <strong>07.04.2026 Ahtmes.<\/strong> Lisainfo <a href=\"https:\/\/keelekymblus.ee\/ee\/infotund-07-04-2026\/\" data-type=\"link\" data-id=\"https:\/\/keelekymblus.ee\/infotund-17-12-2025\/\">siin<\/a>.<\/p>\n\n\n\n<p class=\"translation-block\">Haridus- ja Teadusministeeriumi toetusel oleme hakanud looma taskuh\u00e4\u00e4lingute sarja meie <a href=\"https:\/\/keelekymblus.ee\/ee\/podcastid-youtube-kanalil\/\" data-type=\"link\" data-id=\"https:\/\/keelekymblus.ee\/podcastid-youtube-kanalil\/\" target=\"_self\">Youtube kanalil<\/a>. Oleme objektiivsuse poolt, seet\u00f5ttu teeme intervjuusid nii spetsialistide kui ka lapsevanemate ja \u00f5pilastega.<\/p>\n\n\n\n<p><strong>0.11.2024\u201301.12.2024 toimus kahep\u00e4evane seminar<\/strong> p\u00fchendatud KLL 20. aastap\u00e4evale, lisainformatsioon seminari kohta on <a href=\"https:\/\/keelekymblus.ee\/ee\/sygisseminar-kll-20\/\">siin.<\/a><\/p>\n\n\n\n<figure class=\"wp-block-image size-large is-resized\"><img loading=\"lazy\" decoding=\"async\" width=\"1024\" height=\"410\" src=\"https:\/\/keelekymblus.ee\/wp-content\/uploads\/2023\/04\/Haridus-_ja_Teadusministeeriumi_logoSuur-1024x410.png\" alt=\"\" class=\"wp-image-1899\" style=\"width:389px;height:auto\"\/><\/figure>","protected":false},"excerpt":{"rendered":"<p>\u041f\u0440\u0438 \u043f\u043e\u0434\u0434\u0435\u0440\u0436\u043a\u0435 \u041c\u0438\u043d\u0438\u0441\u0442\u0435\u0440\u0441\u0442\u0432\u0430 \u043e\u0431\u0440\u0430\u0437\u043e\u0432\u0430\u043d\u0438\u044f \u0438 \u043d\u0430\u0443\u043a\u0438 \u0421\u043e\u044e\u0437 \u0440\u043e\u0434\u0438\u0442\u0435\u043b\u0435\u0439 \u043f\u0440\u043e\u0433\u0440\u0430\u043c\u043c\u044b \u044f\u0437\u044b\u043a\u043e\u0432\u043e\u0433\u043e \u043f\u043e\u0433\u0440\u0443\u0436\u0435\u043d\u0438\u044f (KLL) \u043f\u0440\u0435\u0434\u043b\u0430\u0433\u0430\u0435\u0442 \u0448\u043a\u043e\u043b\u0430\u043c \u0441\u0435\u043c\u0438\u043d\u0430\u0440\u044b, \u043a\u043e\u043d\u0441\u0443\u043b\u044c\u0442\u0430\u0446\u0438\u0438 \u0438 \u043f\u043e\u043c\u043e\u0449\u044c \u0432 \u043f\u0440\u043e\u0432\u0435\u0434\u0435\u043d\u0438\u0438 [&hellip;]<\/p>\n","protected":false},"author":1,"featured_media":0,"parent":0,"menu_order":0,"comment_status":"closed","ping_status":"closed","template":"","meta":{"footnotes":""},"class_list":["post-1972","page","type-page","status-publish","hentry"],"_links":{"self":[{"href":"https:\/\/keelekymblus.ee\/ee\/wp-json\/wp\/v2\/pages\/1972","targetHints":{"allow":["GET"]}}],"collection":[{"href":"https:\/\/keelekymblus.ee\/ee\/wp-json\/wp\/v2\/pages"}],"about":[{"href":"https:\/\/keelekymblus.ee\/ee\/wp-json\/wp\/v2\/types\/page"}],"author":[{"embeddable":true,"href":"https:\/\/keelekymblus.ee\/ee\/wp-json\/wp\/v2\/users\/1"}],"replies":[{"embeddable":true,"href":"https:\/\/keelekymblus.ee\/ee\/wp-json\/wp\/v2\/comments?post=1972"}],"version-history":[{"count":24,"href":"https:\/\/keelekymblus.ee\/ee\/wp-json\/wp\/v2\/pages\/1972\/revisions"}],"predecessor-version":[{"id":2379,"href":"https:\/\/keelekymblus.ee\/ee\/wp-json\/wp\/v2\/pages\/1972\/revisions\/2379"}],"wp:attachment":[{"href":"https:\/\/keelekymblus.ee\/ee\/wp-json\/wp\/v2\/media?parent=1972"}],"curies":[{"name":"wp","href":"https:\/\/api.w.org\/{rel}","templated":true}]}}