{"id":1911,"date":"2023-08-10T12:21:11","date_gmt":"2023-08-10T12:21:11","guid":{"rendered":"https:\/\/keelekymblus.ee\/?page_id=1911"},"modified":"2024-07-12T11:42:33","modified_gmt":"2024-07-12T11:42:33","slug":"margarita-book","status":"publish","type":"page","link":"https:\/\/keelekymblus.ee\/ee\/margarita-book\/","title":{"rendered":"\"Margarita ning tema kakskeelne maailm\""},"content":{"rendered":"<figure class=\"wp-block-image size-large\"><img loading=\"lazy\" decoding=\"async\" width=\"1024\" height=\"370\" src=\"https:\/\/keelekymblus.ee\/wp-content\/uploads\/2023\/08\/\u041a\u043e\u043f\u0438\u044f-\u0444\u043e\u0442\u043e\u0433\u0440\u0430\u0444\u0438\u0438-_IMG_4511_-1024x370.jpg\" alt=\"\" class=\"wp-image-1925\" srcset=\"https:\/\/keelekymblus.ee\/wp-content\/uploads\/2023\/08\/\u041a\u043e\u043f\u0438\u044f-\u0444\u043e\u0442\u043e\u0433\u0440\u0430\u0444\u0438\u0438-_IMG_4511_-1024x370.jpg 1024w, https:\/\/keelekymblus.ee\/wp-content\/uploads\/2023\/08\/\u041a\u043e\u043f\u0438\u044f-\u0444\u043e\u0442\u043e\u0433\u0440\u0430\u0444\u0438\u0438-_IMG_4511_-300x108.jpg 300w, https:\/\/keelekymblus.ee\/wp-content\/uploads\/2023\/08\/\u041a\u043e\u043f\u0438\u044f-\u0444\u043e\u0442\u043e\u0433\u0440\u0430\u0444\u0438\u0438-_IMG_4511_-768x278.jpg 768w, https:\/\/keelekymblus.ee\/wp-content\/uploads\/2023\/08\/\u041a\u043e\u043f\u0438\u044f-\u0444\u043e\u0442\u043e\u0433\u0440\u0430\u0444\u0438\u0438-_IMG_4511_-1536x555.jpg 1536w, https:\/\/keelekymblus.ee\/wp-content\/uploads\/2023\/08\/\u041a\u043e\u043f\u0438\u044f-\u0444\u043e\u0442\u043e\u0433\u0440\u0430\u0444\u0438\u0438-_IMG_4511_-2048x740.jpg 2048w, https:\/\/keelekymblus.ee\/wp-content\/uploads\/2023\/08\/\u041a\u043e\u043f\u0438\u044f-\u0444\u043e\u0442\u043e\u0433\u0440\u0430\u0444\u0438\u0438-_IMG_4511_-18x7.jpg 18w\" sizes=\"auto, (max-width: 1024px) 100vw, 1024px\" \/><\/figure>\n\n\n<p>Meil on imeline uudis: n\u00fc\u00fcd on v\u00f5imalik osta imelist<br \/>raamatu<strong> \"Margarita ning tema kakskeelne maailm\"<\/strong>.<br \/>Miks siis see v\u00f5imalus meile nii palju r\u00f5\u00f5mu valmistab? See on v\u00e4ga lihtne: alates hetkest, mil<br \/>see raamat sattus meie juhatuse liikme Ksenia George lauale, et kirjutada<br \/>retsensiooni, ootasime kannatamatult v\u00f5imalust selle jagamiseks<br \/>lastevanemate vahel.<br \/>Raamat pakub erilist huvi lapsevanematele, kes on mures lapse tuleviku p\u00e4rast eestikeelsele haridusele \u00fclemineku kontekstis.<\/p>\n<p>Raamat lapsevanemalt lastevanematele. Suurep\u00e4rane juhend neile, kelle kodune keel erineb \u00f5ppekeelest, neile, kelle lapsed kasvavad mitmekeelses keskkonnas, mitmekeelsete lastega t\u00f6\u00f6tavatele pedagoogidele ja k\u00f5igile, kes on mitmekeelsusest huvitatud.<\/p>\n<p>Raamatu on kirjutanud Margarita ema. Margarita on t\u00fcdruk, kes kolis Eestisse koos vanematega, kui oli 2-aastane.<br \/>Raamat on v\u00e4ga kergesti loetav<br \/>ning samal ajal on teadusp\u00f5hine.<br \/>See raamat avab keelek\u00fcmbluse ja kakskeelsuse maailma teistsugusest vaatenurgast ja<br \/>ja vabastab teid paljudest hirmudest, mis on seotud \u00fcleminekuga eestikeelsele haridusele.<\/p>\n<p><em>Raamatu maksmus on 12\u20ac<\/em><br \/><em>Postikulud (pakiautomaadi, tellides maksimum 3 raamatu korraga) 3.50\u20ac<br \/><\/em><em>Tasuta k\u00e4ttesaamise v\u00f5imalus Tartus ja Narvas<\/em><\/p>\n<p><strong>Tellimiseks ja tarnetingimuste t\u00e4psustamiseks kirjuta meile aadressil <em>keelekymblusprogramm@gmail.com<\/em>mitu raamatut soovite tellida. Kui valite j\u00e4rgi tulemise variandi, siis millises linnas v\u00f5i teie kontaktandmed pakiautomaadi saatmiseks (ees- ja perekonnanimi, telefoninumber ja e-posti aadress) ning pakiautomaat, kus soovite tellimuse k\u00e4tte saada.<\/strong><\/p>\n<p>Soovime teile t\u00f5elist lugejar\u00f5\u00f5mu!<\/p>","protected":false},"excerpt":{"rendered":"<p>\u0423 \u043d\u0430\u0441 \u0435\u0441\u0442\u044c \u0437\u0430\u043c\u0435\u0447\u0430\u0442\u0435\u043b\u044c\u043d\u0430\u044f \u043d\u043e\u0432\u043e\u0441\u0442\u044c: \u0442\u0435\u043f\u0435\u0440\u044c \u0447\u0435\u0440\u0435\u0437 \u043d\u0430\u0448 \u0421\u043e\u044e\u0437 \u0432\u043e\u0437\u043c\u043e\u0436\u043d\u043e \u043f\u0440\u0438\u043e\u0431\u0440\u0435\u0441\u0442\u0438 \u0447\u0443\u0434\u0435\u0441\u043d\u0443\u044e\u043a\u043d\u0438\u0433\u0443 \u043f\u043e\u0434 \u043d\u0430\u0437\u0432\u0430\u043d\u0438\u0435\u043c \u00ab\u041c\u0430\u0440\u0433\u0430\u0440\u0438\u0442\u0430 \u0438 \u0435\u0451 \u0434\u0432\u0443\u044f\u0437\u044b\u0447\u043d\u044b\u0439 \u043c\u0438\u0440\u00bb.\u041f\u043e\u0447\u0435\u043c\u0443 \u0436\u0435 [&hellip;]<\/p>\n","protected":false},"author":1,"featured_media":1925,"parent":0,"menu_order":0,"comment_status":"closed","ping_status":"closed","template":"","meta":{"footnotes":""},"class_list":["post-1911","page","type-page","status-publish","has-post-thumbnail","hentry"],"_links":{"self":[{"href":"https:\/\/keelekymblus.ee\/ee\/wp-json\/wp\/v2\/pages\/1911","targetHints":{"allow":["GET"]}}],"collection":[{"href":"https:\/\/keelekymblus.ee\/ee\/wp-json\/wp\/v2\/pages"}],"about":[{"href":"https:\/\/keelekymblus.ee\/ee\/wp-json\/wp\/v2\/types\/page"}],"author":[{"embeddable":true,"href":"https:\/\/keelekymblus.ee\/ee\/wp-json\/wp\/v2\/users\/1"}],"replies":[{"embeddable":true,"href":"https:\/\/keelekymblus.ee\/ee\/wp-json\/wp\/v2\/comments?post=1911"}],"version-history":[{"count":9,"href":"https:\/\/keelekymblus.ee\/ee\/wp-json\/wp\/v2\/pages\/1911\/revisions"}],"predecessor-version":[{"id":1930,"href":"https:\/\/keelekymblus.ee\/ee\/wp-json\/wp\/v2\/pages\/1911\/revisions\/1930"}],"wp:featuredmedia":[{"embeddable":true,"href":"https:\/\/keelekymblus.ee\/ee\/wp-json\/wp\/v2\/media\/1925"}],"wp:attachment":[{"href":"https:\/\/keelekymblus.ee\/ee\/wp-json\/wp\/v2\/media?parent=1911"}],"curies":[{"name":"wp","href":"https:\/\/api.w.org\/{rel}","templated":true}]}}