{"id":1828,"date":"2022-09-29T17:47:07","date_gmt":"2022-09-29T17:47:07","guid":{"rendered":"https:\/\/keelekymblus.ee\/?page_id=1828"},"modified":"2024-07-12T10:52:33","modified_gmt":"2024-07-12T10:52:33","slug":"seminar-nov22","status":"publish","type":"page","link":"https:\/\/keelekymblus.ee\/ee\/seminar-nov22\/","title":{"rendered":"Seminar 12.-13. novembril"},"content":{"rendered":"<figure class=\"wp-block-image size-large\"><img loading=\"lazy\" decoding=\"async\" width=\"1024\" height=\"318\" src=\"https:\/\/keelekymblus.ee\/wp-content\/uploads\/2022\/09\/osenj-shkola1-1024x318.jpg\" alt=\"\" class=\"wp-image-1847\" srcset=\"https:\/\/keelekymblus.ee\/wp-content\/uploads\/2022\/09\/osenj-shkola1-1024x318.jpg 1024w, https:\/\/keelekymblus.ee\/wp-content\/uploads\/2022\/09\/osenj-shkola1-300x93.jpg 300w, https:\/\/keelekymblus.ee\/wp-content\/uploads\/2022\/09\/osenj-shkola1-768x239.jpg 768w, https:\/\/keelekymblus.ee\/wp-content\/uploads\/2022\/09\/osenj-shkola1-18x6.jpg 18w, https:\/\/keelekymblus.ee\/wp-content\/uploads\/2022\/09\/osenj-shkola1.jpg 1448w\" sizes=\"auto, (max-width: 1024px) 100vw, 1024px\" \/><\/figure>\n\n\n\n<h2 class=\"wp-block-heading\">Keelek\u00fcmblusprogrammi lastevanemate liidu seminar<\/h2>\n\n\n\n<ul class=\"wp-block-list\">\n<li>Korraldaja: MT\u00dc Keelek\u00fcmblusprogrammi lastevanemate liit (KLL)<\/li>\n\n\n\n<li>Toimumisaeg: <strong>12.11.2022 12:00 \u2014 13.11.2022 14:00<\/strong><\/li>\n\n\n\n<li>Toimumiskoht: Carl Schmidti Maja, P\u00f5ltsamaa, <a href=\"https:\/\/www.csmaja.eu\/\">www.csmaja.eu<\/a><\/li>\n<\/ul>\n\n\n\n<p>Seminaril osalesid eesti keelest erineva emakeelega laste vanemad, keelek\u00fcmblusprogrammi vilistlased ja \u00f5pilased, keelek\u00fcmblusprogrammi arendamisest huvitatud haridusasutuste t\u00f6\u00f6tajad.<\/p>\n\n\n\n<p><strong>Kavas<\/strong>:<\/p>\n\n\n\n<p>T\u00f6\u00f6toad teemadel: <br>\u2014 Mitteformaalsed keele\u00f5ppe meetodid.<br>\u2014  Keelek\u00fcmblusprogrammi n\u00e4idistund koolieelses r\u00fchmas. <br>\u2014 Integratsiooni Sihtasutuse juhitud arutelu: Muukeelsete laste lapsevanemate toetamine  eestikeelses hariduses.<br>\u2014 Tutvumine valitsuse plaaniga \u00fcleminekuks eestikeelsele hariduss\u00fcsteemile.<br>\u00dclevaade liidu tegevusest<br>Linnaekskursioon<br>Vaba suhtlemine<\/p>\n\n\n\n<p><strong>Toitlustamine<\/strong><br>12.11.22 \u2014 l\u00f5una- ja \u00f5htus\u00f6\u00f6k<br>13.11.22 \u2014 hommiku- ja l\u00f5unas\u00f6\u00f6k<\/p>\n\n\n\n<p><strong>Majutus<\/strong><br>Majutus Carl Schmidt maja standard ja superior tubades (2-5-kohalised toad)<\/p>\n\n\n\n<p><strong>Tasuta osalemine. Kohtade arv on piiratud. Registreerumine on kohustuslik!<\/strong><\/p>\n\n\n\n<p>Loe l\u00e4hemalt, kuidas seminar kulges <a href=\"https:\/\/keelekymblus.ee\/ee\/uncategorized-ru\/osennij-seminar-2022\/\">meie blogis.<\/a><\/p>\n\n\n\n<hr class=\"wp-block-separator has-alpha-channel-opacity\"\/>\n\n\n\n<p><em><strong>\u00dcritust toetasid Kultuuriministeerium ja Integratsiooni SA.<\/strong><\/em><\/p>\n\n\n\n<hr class=\"wp-block-separator has-alpha-channel-opacity\"\/>","protected":false},"excerpt":{"rendered":"<p>\u0421\u0435\u043c\u0438\u043d\u0430\u0440 \u0421\u043e\u044e\u0437\u0430 \u0440\u043e\u0434\u0438\u0442\u0435\u043b\u0435\u0439 \u043f\u0440\u043e\u0433\u0440\u0430\u043c\u043c\u044b \u044f\u0437\u044b\u043a\u043e\u0432\u043e\u0433\u043e \u043f\u043e\u0433\u0440\u0443\u0436\u0435\u043d\u0438\u044f \u0412 \u0441\u0435\u043c\u0438\u043d\u0430\u0440\u0435 \u043f\u0440\u0438\u043d\u044f\u043b\u0438 \u0443\u0447\u0430\u0441\u0442\u0438\u0435 \u0440\u043e\u0434\u0438\u0442\u0435\u043b\u0438 \u0434\u0435\u0442\u0435\u0439 \u0441 \u043e\u0442\u043b\u0438\u0447\u043d\u044b\u043c \u043e\u0442 \u044d\u0441\u0442\u043e\u043d\u0441\u043a\u043e\u0433\u043e \u0440\u043e\u0434\u043d\u044b\u043c \u044f\u0437\u044b\u043a\u043e\u043c, \u0432\u044b\u043f\u0443\u0441\u043a\u043d\u0438\u043a\u0438 \u0438 [&hellip;]<\/p>\n","protected":false},"author":1,"featured_media":1847,"parent":0,"menu_order":0,"comment_status":"closed","ping_status":"closed","template":"","meta":{"footnotes":""},"class_list":["post-1828","page","type-page","status-publish","has-post-thumbnail","hentry"],"_links":{"self":[{"href":"https:\/\/keelekymblus.ee\/ee\/wp-json\/wp\/v2\/pages\/1828","targetHints":{"allow":["GET"]}}],"collection":[{"href":"https:\/\/keelekymblus.ee\/ee\/wp-json\/wp\/v2\/pages"}],"about":[{"href":"https:\/\/keelekymblus.ee\/ee\/wp-json\/wp\/v2\/types\/page"}],"author":[{"embeddable":true,"href":"https:\/\/keelekymblus.ee\/ee\/wp-json\/wp\/v2\/users\/1"}],"replies":[{"embeddable":true,"href":"https:\/\/keelekymblus.ee\/ee\/wp-json\/wp\/v2\/comments?post=1828"}],"version-history":[{"count":23,"href":"https:\/\/keelekymblus.ee\/ee\/wp-json\/wp\/v2\/pages\/1828\/revisions"}],"predecessor-version":[{"id":1883,"href":"https:\/\/keelekymblus.ee\/ee\/wp-json\/wp\/v2\/pages\/1828\/revisions\/1883"}],"wp:featuredmedia":[{"embeddable":true,"href":"https:\/\/keelekymblus.ee\/ee\/wp-json\/wp\/v2\/media\/1847"}],"wp:attachment":[{"href":"https:\/\/keelekymblus.ee\/ee\/wp-json\/wp\/v2\/media?parent=1828"}],"curies":[{"name":"wp","href":"https:\/\/api.w.org\/{rel}","templated":true}]}}