{"id":1141,"date":"2020-02-10T09:27:09","date_gmt":"2020-02-10T09:27:09","guid":{"rendered":"https:\/\/keelekymblus.ee\/?page_id=1141"},"modified":"2020-02-29T19:45:49","modified_gmt":"2020-02-29T19:45:49","slug":"keelekumblus","status":"publish","type":"page","link":"https:\/\/keelekymblus.ee\/ee\/keelekumblus\/","title":{"rendered":"Keelek\u00fcmblus"},"content":{"rendered":"<h1 class=\"has-text-align-center\">AMETIK INFO KEELEK\u00dcMBLUSEST<\/h1>\n\n\n<p style=\"font-size:12px\" class=\"has-text-align-center\">*\u0418\u043d\u0444\u043e\u0440\u043c\u0430\u0446\u0438\u044f \u043e \u043f\u0440\u043e\u0433\u0440\u0430\u043c\u043c\u0435 \u044f\u0437\u044b\u043a\u043e\u0432\u043e\u0433\u043e \u043f\u043e\u0433\u0440\u0443\u0436\u0435\u043d\u0438\u044f \u0432\u0437\u044f\u0442\u0430 \u0441\u043e \u0441\u0442\u0440\u0430\u043d\u0438\u0446\u044b&nbsp;<a href=\"https:\/\/www.innove.ee\/ru\/utsebnoe-materialo-i-metodiki\/keelekumblus\/\"><strong>Innove<\/strong><\/a><\/p>\n\n\n\n<p class=\"has-normal-font-size\"><strong>Keelek\u00fcmblus on \u00f5ppeviis, mis toetab mitmekeelsuse kujunemist \u2013 laps saab suhu v\u00f5\u00f5rkeele ilma emakeelt kahjustamata. Keelek\u00fcmblusprogrammis toimub keele\u00f5pe lisaks keeletundidele ka teistes ainetundides, riiklike \u00f5ppekavade alusel \u00f5ppimise ajal, v\u00e4hemalt 50% sihtkeeles.<\/strong><\/p>\n\n\n\n<p class=\"has-normal-font-size\">Keelek\u00fcmbluslik l\u00e4henemine annab muu kodukeelega lastele v\u00f5imaluse \u00f5ppida v\u00f5\u00f5rkeelt l\u00e4bi v\u00f5\u00f5rkeelse tegevuse, viibides v\u00f5\u00f5rkeelses keelekeskkonnas. Keelek\u00fcmblus ei kahjusta lapse emakeelt. Programmis v\u00f5etakse arvesse rahvusvahelisi kogemusi, parimaid pedagoogilisi tavasid ja \u00f5ppijate erinevat kultuuritausta. Keelek\u00fcmbluse eesm\u00e4rgiks on seatud head oskused nii sihtkeeles kui ka emakeeles ja v\u00f5\u00f5rkeeltes.\n\nEestis rakendatakse programmi enamasti vene \u00f5ppekeelega lasteaedades ja p\u00f5hikoolides. \u00dchesuunalise keelek\u00fcmbluse puhul on sihtkeeleks eesti keel, kahesuunalise keelek\u00fcmbluse puhul on sihtkeeled eesti keel ja vene keel. Eestis alustatakse keelek\u00fcmblusprogrammiga kas lasteaias v\u00f5i koolis (alates 1. klassist v\u00f5i teisest kooliastmest).\n\nKui keelek\u00fcmblusega Eestis 2000. aastal alustati, osales programmis neli kooli. 2012. aasta kevadel l\u00f5petas g\u00fcmnaasiumi esimene lend varase keelek\u00fcmblusprogrammi \u00f5pilasi ning 82 \u00f5pilasest tervelt 25 protsenti l\u00f5petas kooli kuld- v\u00f5i h\u00f5bemedaliga. Need noored olid esimesed, kelle \u00f5pingud toimusid nii eesti kui vene keeles kogu p\u00f5hikooli ja g\u00fcmnaasiumi ulatuses. 2017. aasta l\u00f5puks oli keelek\u00fcmblusprogrammiga liitunud 63 lasteaeda ja 37 kooli ning programmis osaleb \u00fcle 10000 \u00f5pilase!<\/p>\n\n\n\n<p class=\"has-normal-font-size\">Alates 2013. aastast koordineerib keelek\u00fcmblustegevusi Innove keelek\u00fcmbluskeskus. Korraldame keelek\u00fcmbluse valdkonnas koolitusi ja n\u00f5ustamist lasteaedade-koolide pedagoogidele ja haridusametnikele. Toetame vene \u00f5ppekeelega lasteaedade eestikeelset \u00f5pet ja eesti keele \u00f5pet piirkondlike&nbsp;<a href=\"https:\/\/www.innove.ee\/oppevara-ja-metoodikad\/keelekumblus\/metoodikakeskused\/\" target=\"_blank\" rel=\"noreferrer noopener\">metoodikakeskuste<\/a>&nbsp;kaudu. Tegeleme keelek\u00fcmblusprogrammi pideva arendamisega,  liitunud asutuste toetamise ja tunnustamisega ning kvaliteedis\u00fcsteemi rakendamisega. Koostame keelek\u00fcmblusmeetodil \u00f5petamist ja \u00f5ppimist toetavaid materjale. \u00d5ppevara, sh t\u00f6\u00f6lehed on leitavad e-Koolikotist.<\/p>\n\n\n\n<p class=\"has-normal-font-size\">K\u00fcmbluslastele on v\u00e4ga oluline kodude toetus. 2004. aastast alustas tegevust keelek\u00fcmblusprogrammi lastevanemate liit (KLL), kus kogemustega lapsevanemad pakuvad tuge uute keelek\u00fcmblusprogrammiga liitunud laste vanematele ning teevad koost\u00f6\u00f6d koolide ja lasteaedadega.<\/p>\n\n\n\n<figure class=\"wp-block-embed-youtube aligncenter wp-block-embed is-type-video is-provider-youtube wp-embed-aspect-16-9 wp-has-aspect-ratio\"><div class=\"wp-block-embed__wrapper\">\n<iframe loading=\"lazy\" title=\"PARK Keeleku\u0308mblus\" width=\"780\" height=\"439\" src=\"https:\/\/www.youtube.com\/embed\/JueCQ55aws0?feature=oembed\" frameborder=\"0\" allow=\"accelerometer; autoplay; clipboard-write; encrypted-media; gyroscope; picture-in-picture; web-share\" referrerpolicy=\"strict-origin-when-cross-origin\" allowfullscreen><\/iframe>\n<\/div><\/figure>\n\n\n\n<hr class=\"wp-block-separator has-text-color has-background has-very-light-gray-background-color has-very-light-gray-color is-style-dots\"\/>\n\n\n\n<hr class=\"wp-block-separator is-style-wide\"\/>\n\n\n\n<div class=\"wp-block-button aligncenter\"><a class=\"wp-block-button__link has-background has-vivid-cyan-blue-background-color\" href=\"https:\/\/keelekymblus.ee\/ee\/joincomunity\/\"> LIITU MEIEGA <\/a><\/div>","protected":false},"excerpt":{"rendered":"<p>\u0418\u041d\u0424\u041e\u0420\u041c\u0410\u0426\u0418\u042f \u041e \u041f\u0420\u041e\u0413\u0420\u0410\u041c\u041c\u0415 \u042f\u0417\u042b\u041a\u041e\u0412\u041e\u0413\u041e \u041f\u041e\u0413\u0420\u0423\u0416\u0415\u041d\u0418\u042f *\u0418\u043d\u0444\u043e\u0440\u043c\u0430\u0446\u0438\u044f \u043e \u043f\u0440\u043e\u0433\u0440\u0430\u043c\u043c\u0435 \u044f\u0437\u044b\u043a\u043e\u0432\u043e\u0433\u043e \u043f\u043e\u0433\u0440\u0443\u0436\u0435\u043d\u0438\u044f \u0432\u0437\u044f\u0442\u0430 \u0441\u043e \u0441\u0442\u0440\u0430\u043d\u0438\u0446\u044b&nbsp;Innove \u042f\u0437\u044b\u043a\u043e\u0432\u043e\u0435 \u043f\u043e\u0433\u0440\u0443\u0436\u0435\u043d\u0438\u0435 \u044f\u0432\u043b\u044f\u0435\u0442\u0441\u044f \u043e\u0434\u043d\u0438\u043c \u0438\u0437 \u043d\u0430\u0438\u0431\u043e\u043b\u0435\u0435 \u044d\u0444\u0444\u0435\u043a\u0442\u0438\u0432\u043d\u044b\u0445 [&hellip;]<\/p>\n","protected":false},"author":1,"featured_media":0,"parent":0,"menu_order":0,"comment_status":"closed","ping_status":"closed","template":"","meta":{"footnotes":""},"class_list":["post-1141","page","type-page","status-publish","hentry"],"_links":{"self":[{"href":"https:\/\/keelekymblus.ee\/ee\/wp-json\/wp\/v2\/pages\/1141","targetHints":{"allow":["GET"]}}],"collection":[{"href":"https:\/\/keelekymblus.ee\/ee\/wp-json\/wp\/v2\/pages"}],"about":[{"href":"https:\/\/keelekymblus.ee\/ee\/wp-json\/wp\/v2\/types\/page"}],"author":[{"embeddable":true,"href":"https:\/\/keelekymblus.ee\/ee\/wp-json\/wp\/v2\/users\/1"}],"replies":[{"embeddable":true,"href":"https:\/\/keelekymblus.ee\/ee\/wp-json\/wp\/v2\/comments?post=1141"}],"version-history":[{"count":22,"href":"https:\/\/keelekymblus.ee\/ee\/wp-json\/wp\/v2\/pages\/1141\/revisions"}],"predecessor-version":[{"id":1589,"href":"https:\/\/keelekymblus.ee\/ee\/wp-json\/wp\/v2\/pages\/1141\/revisions\/1589"}],"wp:attachment":[{"href":"https:\/\/keelekymblus.ee\/ee\/wp-json\/wp\/v2\/media?parent=1141"}],"curies":[{"name":"wp","href":"https:\/\/api.w.org\/{rel}","templated":true}]}}